{"id":11187,"date":"2021-11-15T17:14:35","date_gmt":"2021-11-15T16:14:35","guid":{"rendered":"https:\/\/www.gaggio.net\/produkte\/"},"modified":"2023-05-23T08:02:02","modified_gmt":"2023-05-23T06:02:02","slug":"produkte","status":"publish","type":"page","link":"https:\/\/www.gaggio.net\/de\/produkte\/","title":{"rendered":"Produkte"},"content":{"rendered":"<p>[et_pb_section fb_built=&#8220;1&#8243; custom_padding_last_edited=&#8220;on|phone&#8220; module_class=&#8220;sezione-descrizione header-categorie&#8220; _builder_version=&#8220;4.16&#8243; background_enable_image=&#8220;off&#8220; custom_padding=&#8220;250px||0px||false|false&#8220; custom_padding_tablet=&#8220;200px||||false|false&#8220; custom_padding_phone=&#8220;150px||||false|false&#8220; global_colors_info=&#8220;{}&#8220;][et_pb_row module_class=&#8220;padding-title&#8220; _builder_version=&#8220;4.16&#8243; custom_padding=&#8220;0px|||||&#8220; global_colors_info=&#8220;{}&#8220;][et_pb_column type=&#8220;4_4&#8243; _builder_version=&#8220;4.16&#8243; global_colors_info=&#8220;{}&#8220;][et_pb_text _builder_version=&#8220;4.16&#8243; header_font=&#8220;||||||||&#8220; header_font_size=&#8220;38px&#8220; header_3_font=&#8220;|300||on|||||&#8220; header_3_font_size=&#8220;14px&#8220; text_orientation=&#8220;center&#8220; width=&#8220;100%&#8220; width_tablet=&#8220;100%&#8220; width_phone=&#8220;&#8220; width_last_edited=&#8220;on|tablet&#8220; max_width=&#8220;900px&#8220; module_alignment=&#8220;center&#8220; custom_margin=&#8220;||0px||false|false&#8220; custom_padding=&#8220;||0px||false|false&#8220; global_colors_info=&#8220;{}&#8220;]<\/p>\n<h3> PROFESSIONELLE UND DESIGNER-SONNENSCHIRME <\/h3>\n<h1>Entdecken Sie unser Sortiment an Sonnenschirmen, die f\u00fcr eine lange Lebensdauer ausgelegt sind<\/h1>\n<p>[\/et_pb_text][\/et_pb_column][\/et_pb_row][et_pb_row _builder_version=&#8220;4.16&#8243; custom_margin=&#8220;0px||||false|false&#8220; custom_padding=&#8220;0px||||false|false&#8220; global_colors_info=&#8220;{}&#8220;][et_pb_column type=&#8220;4_4&#8243; _builder_version=&#8220;4.16&#8243; global_colors_info=&#8220;{}&#8220;][et_pb_text _builder_version=&#8220;4.16&#8243; text_font=&#8220;|300|||||||&#8220; text_orientation=&#8220;center&#8220; width=&#8220;100%&#8220; width_tablet=&#8220;100%&#8220; width_phone=&#8220;&#8220; width_last_edited=&#8220;on|tablet&#8220; max_width=&#8220;1100px&#8220; module_alignment=&#8220;center&#8220; global_colors_info=&#8220;{}&#8220;]Der Sonnenschirm geh\u00f6rt zu den Au\u00dfenm\u00f6beln, die am meisten zur Gestaltung von Au\u00dfenwohnbereichen beitragen, sowohl im gewerblichen als auch im privaten Bereich Durch das Spiel mit dem Materialmix, den Farben der Leinw\u00e4nde und Rahmen und den Konfigurationen der Sockel und des Zubeh\u00f6rs k\u00f6nnen Sie Licht- und Schattenecken mit klassischem oder modernem Design schaffen, die in den hei\u00dfesten Stunden des Tages vor direkter Sonneneinstrahlung sch\u00fctzen.<\/p>\n<p>Gaggio Au\u00dfenschirme mit Mittelstock, Seitenarm und Riesenschirme bieten innovative \u00dcberdachungsl\u00f6sungen sowohl in technischer als auch in \u00e4sthetischer Hinsicht und sind dank der Verwendung hochwertiger Materialien f\u00fcr eine lange Lebensdauer ausgelegt.[\/et_pb_text][\/et_pb_column][\/et_pb_row][\/et_pb_section][et_pb_section fb_built=&#8220;1&#8243; custom_padding_last_edited=&#8220;on|tablet&#8220; module_id=&#8220;portfolio&#8220; module_class=&#8220;sezione-portfolio&#8220; _builder_version=&#8220;4.16&#8243; custom_padding=&#8220;0px||100px||false|false&#8220; custom_padding_tablet=&#8220;||50px||false|false&#8220; custom_padding_phone=&#8220;||0px||false|false&#8220; global_colors_info=&#8220;{}&#8220;][et_pb_row _builder_version=&#8220;4.16&#8243; width=&#8220;90%&#8220; global_colors_info=&#8220;{}&#8220;][et_pb_column type=&#8220;4_4&#8243; _builder_version=&#8220;4.16&#8243; global_colors_info=&#8220;{}&#8220;][et_pb_filterable_portfolio fullwidth=&#8220;off&#8220; posts_number=&#8220;20&#8243; include_categories=&#8220;20,21,31&#8243; show_categories=&#8220;off&#8220; show_pagination=&#8220;off&#8220; _builder_version=&#8220;4.16&#8243; title_font=&#8220;|||on|||||&#8220; title_text_align=&#8220;center&#8220; title_font_size=&#8220;16px&#8220; vertical_offset_tablet=&#8220;0&#8243; horizontal_offset_tablet=&#8220;0&#8243; z_index_tablet=&#8220;0&#8243; title_text_shadow_horizontal_length_tablet=&#8220;0px&#8220; title_text_shadow_vertical_length_tablet=&#8220;0px&#8220; title_text_shadow_blur_strength_tablet=&#8220;1px&#8220; filter_text_shadow_horizontal_length_tablet=&#8220;0px&#8220; filter_text_shadow_vertical_length_tablet=&#8220;0px&#8220; filter_text_shadow_blur_strength_tablet=&#8220;1px&#8220; caption_text_shadow_horizontal_length_tablet=&#8220;0px&#8220; caption_text_shadow_vertical_length_tablet=&#8220;0px&#8220; caption_text_shadow_blur_strength_tablet=&#8220;1px&#8220; pagination_text_shadow_horizontal_length_tablet=&#8220;0px&#8220; pagination_text_shadow_vertical_length_tablet=&#8220;0px&#8220; pagination_text_shadow_blur_strength_tablet=&#8220;1px&#8220; border_radii_image=&#8220;on|5px|5px|5px|5px&#8220; box_shadow_horizontal_tablet=&#8220;0px&#8220; box_shadow_vertical_tablet=&#8220;0px&#8220; box_shadow_blur_tablet=&#8220;40px&#8220; box_shadow_spread_tablet=&#8220;0px&#8220; box_shadow_horizontal_image_tablet=&#8220;0px&#8220; box_shadow_vertical_image_tablet=&#8220;0px&#8220; box_shadow_blur_image_tablet=&#8220;40px&#8220; box_shadow_spread_image_tablet=&#8220;0px&#8220; text_shadow_horizontal_length_tablet=&#8220;0px&#8220; text_shadow_vertical_length_tablet=&#8220;0px&#8220; text_shadow_blur_strength_tablet=&#8220;1px&#8220; global_colors_info=&#8220;{}&#8220; title_text_color__hover_enabled=&#8220;on|hover&#8220; title_text_color__hover=&#8220;#e42620&#8243;][\/et_pb_filterable_portfolio][\/et_pb_column][\/et_pb_row][\/et_pb_section][et_pb_section fb_built=&#8220;1&#8243; module_id=&#8220;gallery&#8220; _builder_version=&#8220;4.16&#8243; custom_padding=&#8220;0px||0px||false|false&#8220; global_colors_info=&#8220;{}&#8220;][et_pb_row module_class=&#8220;black-link&#8220; _builder_version=&#8220;4.16&#8243; custom_margin=&#8220;50px||||false|false&#8220; custom_padding=&#8220;||0px|||&#8220; global_colors_info=&#8220;{}&#8220;][et_pb_column type=&#8220;4_4&#8243; _builder_version=&#8220;4.16&#8243; global_colors_info=&#8220;{}&#8220;][et_pb_text _builder_version=&#8220;4.16&#8243; text_font=&#8220;|||on|||||&#8220; text_orientation=&#8220;center&#8220; custom_margin=&#8220;||20px||false|false&#8220; global_colors_info=&#8220;{}&#8220;]<\/p>\n<p><a href=\"#gallery\">SEHEN SIE EINIGE UNSERER ERFOLGE <\/a><\/p>\n<p>[\/et_pb_text][et_pb_blurb url=&#8220;#gallery&#8220; use_icon=&#8220;on&#8220; font_icon=&#8220;&#x22;||divi||400&#8243; icon_color=&#8220;#000000&#8243; image_icon_width=&#8220;32px&#8220; _builder_version=&#8220;4.16&#8243; transform_translate_linked__hover=&#8220;off&#8220; icon_font_size=&#8220;32px&#8220; global_colors_info=&#8220;{}&#8220; transform_styles__hover_enabled=&#8220;on|hover&#8220; transform_scale__hover_enabled=&#8220;on|hover&#8220; transform_translate__hover_enabled=&#8220;on|desktop&#8220; transform_rotate__hover_enabled=&#8220;on|desktop&#8220; transform_skew__hover_enabled=&#8220;on|desktop&#8220; transform_origin__hover_enabled=&#8220;on|desktop&#8220; transform_translate__hover=&#8220;0px|10px&#8220;][\/et_pb_blurb][\/et_pb_column][\/et_pb_row][et_pb_row column_structure=&#8220;1_3,1_3,1_3&#8243; use_custom_gutter=&#8220;on&#8220; gutter_width=&#8220;1&#8243; make_equal=&#8220;on&#8220; _builder_version=&#8220;4.16&#8243; width=&#8220;100%&#8220; max_width=&#8220;100%&#8220; custom_margin=&#8220;0px||0px||true|false&#8220; custom_padding=&#8220;0px||0px||true|false&#8220; global_colors_info=&#8220;{}&#8220;][et_pb_column type=&#8220;1_3&#8243; _builder_version=&#8220;4.16&#8243; global_colors_info=&#8220;{}&#8220;][et_pb_text module_class=&#8220;flex-center text-hover white-link-underline parasol-installation&#8220; _builder_version=&#8220;4.16&#8243; text_font=&#8220;|300|||||||&#8220; header_2_font=&#8220;|700|||||||&#8220; header_2_font_size=&#8220;28px&#8220; header_3_font=&#8220;|300||on|||||&#8220; header_3_font_size=&#8220;13px&#8220; background_enable_color=&#8220;off&#8220; background_image=&#8220;https:\/\/www.gaggio.net\/wp-content\/uploads\/2020\/10\/7_Maxipro-Hotel-Splendide-Royal-Lugano-1-1.jpg&#8220; text_orientation=&#8220;center&#8220; background_layout=&#8220;dark&#8220; min_height=&#8220;400px&#8220; custom_padding=&#8220;5%|5%|5%|5%|true|true&#8220; global_colors_info=&#8220;{}&#8220; background__hover_enabled=&#8220;on|hover&#8220; background_color__hover=&#8220;rgba(0,0,0,0.6)&#8220; background_enable_color__hover=&#8220;on&#8220; background_blend__hover=&#8220;overlay&#8220;]<\/p>\n<h3>Svizzera<\/h3>\n<h2>Hotel Splendide Royal<\/h2>\n<p><a href=\"https:\/\/www.gaggio.net\/ombrelloni\/maxipro\/\">Entdecken Sie Maxipro<\/a>[\/et_pb_text][\/et_pb_column][et_pb_column type=&#8220;1_3&#8243; _builder_version=&#8220;4.16&#8243; global_colors_info=&#8220;{}&#8220;][et_pb_text module_class=&#8220;flex-center text-hover white-link-underline parasol-installation&#8220; _builder_version=&#8220;4.16&#8243; text_font=&#8220;|300|||||||&#8220; header_2_font=&#8220;|700|||||||&#8220; header_2_font_size=&#8220;28px&#8220; header_3_font=&#8220;|300||on|||||&#8220; header_3_font_size=&#8220;13px&#8220; background_enable_color=&#8220;off&#8220; background_image=&#8220;https:\/\/www.gaggio.net\/wp-content\/uploads\/2020\/10\/4-Golia-Restaurant-Papiga-Rovigno-Croazia.jpg&#8220; text_orientation=&#8220;center&#8220; background_layout=&#8220;dark&#8220; min_height=&#8220;400px&#8220; custom_padding=&#8220;5%|5%|5%|5%|true|true&#8220; global_colors_info=&#8220;{}&#8220; background_color__hover=&#8220;rgba(0,0,0,0.6)&#8220; background__hover_enabled=&#8220;on|hover&#8220; background_enable_color__hover=&#8220;on&#8220; background_blend__hover=&#8220;overlay&#8220;]<\/p>\n<h3>Croazia<\/h3>\n<h2>Restaurant Papiga<\/h2>\n<p><a href=\"https:\/\/www.gaggio.net\/ombrelloni\/golia\/\">Entdecken Sie Golia<\/a>[\/et_pb_text][\/et_pb_column][et_pb_column type=&#8220;1_3&#8243; _builder_version=&#8220;4.16&#8243; global_colors_info=&#8220;{}&#8220;][et_pb_text module_class=&#8220;flex-center text-hover white-link-underline parasol-installation&#8220; _builder_version=&#8220;4.16&#8243; text_font=&#8220;|300|||||||&#8220; header_2_font=&#8220;|700|||||||&#8220; header_2_font_size=&#8220;28px&#8220; header_3_font=&#8220;|300||on|||||&#8220; header_3_font_size=&#8220;13px&#8220; background_enable_color=&#8220;off&#8220; background_image=&#8220;https:\/\/www.gaggio.net\/wp-content\/uploads\/2020\/10\/2-Swing-Casino-de-Bermeo-Vizcaya-Spagna.jpg&#8220; text_orientation=&#8220;center&#8220; background_layout=&#8220;dark&#8220; min_height=&#8220;400px&#8220; custom_padding=&#8220;5%|5%|5%|5%|true|true&#8220; global_colors_info=&#8220;{}&#8220; background_color__hover=&#8220;rgba(0,0,0,0.6)&#8220; background__hover_enabled=&#8220;on|hover&#8220; background_enable_color__hover=&#8220;on&#8220; background_blend__hover=&#8220;overlay&#8220;]<\/p>\n<h3>Spagna<\/h3>\n<h2>Casin\u00f2 de Bermeo<\/h2>\n<p><a href=\"https:\/\/www.gaggio.net\/ombrelloni\/swing\/\">Entdecken Sie Swing<\/a>[\/et_pb_text][\/et_pb_column][\/et_pb_row][et_pb_row column_structure=&#8220;1_3,1_3,1_3&#8243; use_custom_gutter=&#8220;on&#8220; gutter_width=&#8220;1&#8243; make_equal=&#8220;on&#8220; _builder_version=&#8220;4.16&#8243; width=&#8220;100%&#8220; max_width=&#8220;100%&#8220; custom_margin=&#8220;0px||0px||true|false&#8220; custom_padding=&#8220;0px||0px||true|false&#8220; global_colors_info=&#8220;{}&#8220;][et_pb_column type=&#8220;1_3&#8243; _builder_version=&#8220;4.16&#8243; global_colors_info=&#8220;{}&#8220;][et_pb_text module_class=&#8220;flex-center text-hover white-link-underline parasol-installation&#8220; _builder_version=&#8220;4.16&#8243; text_font=&#8220;|300|||||||&#8220; header_2_font=&#8220;|700|||||||&#8220; header_2_font_size=&#8220;28px&#8220; header_3_font=&#8220;|300||on|||||&#8220; header_3_font_size=&#8220;14px&#8220; background_enable_color=&#8220;off&#8220; background_image=&#8220;https:\/\/www.gaggio.net\/wp-content\/uploads\/2020\/06\/Gaggio-ombrelloni-malmo.jpg&#8220; text_orientation=&#8220;center&#8220; background_layout=&#8220;dark&#8220; min_height=&#8220;400px&#8220; custom_padding=&#8220;5%|5%|5%|5%|true|true&#8220; link_option_url=&#8220;https:\/\/www.gaggio.net\/en\/ombrelloni\/swing\/&#8220; saved_tabs=&#8220;all&#8220; global_colors_info=&#8220;{}&#8220; background_color__hover=&#8220;rgba(0,0,0,0.6)&#8220; background__hover_enabled=&#8220;on|hover&#8220; background_enable_color__hover=&#8220;on&#8220; background_blend__hover=&#8220;overlay&#8220;]<\/p>\n<h3>Svezia<\/h3>\n<h2>Malm\u00f6s Vinebar<\/h2>\n<p><a href=\"https:\/\/www.gaggio.net\/ombrelloni\/swing\/\">Entdecken Sie Swing<\/a>[\/et_pb_text][\/et_pb_column][et_pb_column type=&#8220;1_3&#8243; _builder_version=&#8220;4.16&#8243; global_colors_info=&#8220;{}&#8220;][et_pb_text module_class=&#8220;flex-center text-hover white-link-underline parasol-installation&#8220; _builder_version=&#8220;4.16&#8243; text_font=&#8220;|300|||||||&#8220; header_2_font=&#8220;|700|||||||&#8220; header_2_font_size=&#8220;28px&#8220; header_3_font=&#8220;|300||on|||||&#8220; header_3_font_size=&#8220;13px&#8220; background_enable_color=&#8220;off&#8220; background_image=&#8220;https:\/\/www.gaggio.net\/wp-content\/uploads\/2020\/10\/AQUARIUS_GELADARIA_PORTUGAL.jpg&#8220; text_orientation=&#8220;center&#8220; background_layout=&#8220;dark&#8220; min_height=&#8220;400px&#8220; custom_padding=&#8220;5%|5%|5%|5%|true|true&#8220; saved_tabs=&#8220;all&#8220; global_colors_info=&#8220;{}&#8220; background_color__hover=&#8220;rgba(0,0,0,0.6)&#8220; background__hover_enabled=&#8220;on|hover&#8220; background_enable_color__hover=&#8220;on&#8220; background_blend__hover=&#8220;overlay&#8220;]<\/p>\n<h3>Portogallo<\/h3>\n<h2>Aquarius Geladaria<\/h2>\n<p><a href=\"https:\/\/www.gaggio.net\/ombrelloni\/flash\/\">Entdecken Sie Flash<\/a>[\/et_pb_text][\/et_pb_column][et_pb_column type=&#8220;1_3&#8243; _builder_version=&#8220;4.16&#8243; global_colors_info=&#8220;{}&#8220;][et_pb_text module_class=&#8220;flex-center text-hover white-link-underline parasol-installation&#8220; _builder_version=&#8220;4.16&#8243; text_font=&#8220;|300|||||||&#8220; header_2_font=&#8220;|700|||||||&#8220; header_2_font_size=&#8220;28px&#8220; header_3_font=&#8220;|300||on|||||&#8220; header_3_font_size=&#8220;13px&#8220; background_enable_color=&#8220;off&#8220; background_image=&#8220;https:\/\/www.gaggio.net\/wp-content\/uploads\/2020\/10\/1-Venezia-Al-Ponte-Antico-Venezia.jpg&#8220; text_orientation=&#8220;center&#8220; background_layout=&#8220;dark&#8220; min_height=&#8220;400px&#8220; custom_padding=&#8220;5%|5%|5%|5%|true|true&#8220; global_colors_info=&#8220;{}&#8220; background__hover_enabled=&#8220;on|hover&#8220; background_color__hover=&#8220;rgba(0,0,0,0.6)&#8220; background_enable_color__hover=&#8220;on&#8220; background_blend__hover=&#8220;overlay&#8220;]<\/p>\n<h3>Italia<\/h3>\n<h2>Al Ponte Antico<\/h2>\n<p><a href=\"https:\/\/www.gaggio.net\/ombrelloni\/venezia\/\">Entdecken Sie Venezia<\/a>[\/et_pb_text][\/et_pb_column][\/et_pb_row][\/et_pb_section]<\/p>\n","protected":false},"excerpt":{"rendered":"<p>PROFESSIONELLE UND DESIGNER-SONNENSCHIRME Entdecken Sie unser Sortiment an Sonnenschirmen, die f\u00fcr eine lange Lebensdauer ausgelegt sindDer Sonnenschirm geh\u00f6rt zu den Au\u00dfenm\u00f6beln, die am meisten zur Gestaltung von Au\u00dfenwohnbereichen beitragen, sowohl im gewerblichen als auch im privaten Bereich Durch das Spiel mit dem Materialmix, den Farben der Leinw\u00e4nde und Rahmen und den Konfigurationen der Sockel und [&hellip;]<\/p>\n","protected":false},"author":1,"featured_media":0,"parent":0,"menu_order":0,"comment_status":"closed","ping_status":"closed","template":"","meta":{"_et_pb_use_builder":"on","_et_pb_old_content":"","_et_gb_content_width":"","footnotes":""},"class_list":["post-11187","page","type-page","status-publish","hentry"],"yoast_head":"<!-- This site is optimized with the Yoast SEO plugin v27.3 - https:\/\/yoast.com\/product\/yoast-seo-wordpress\/ -->\n<title>Ombrelloni Professionali e di Design prodotti da Gaggio Srl<\/title>\n<meta name=\"description\" content=\"Gli ombrelloni Gaggio offrono soluzioni di copertura innovative sia dal punto di vista tecnologico che estetico.\" \/>\n<meta name=\"robots\" content=\"index, follow, max-snippet:-1, max-image-preview:large, max-video-preview:-1\" \/>\n<link rel=\"canonical\" href=\"https:\/\/www.gaggio.net\/de\/produkte\/\" \/>\n<meta property=\"og:locale\" content=\"de_DE\" \/>\n<meta property=\"og:type\" content=\"article\" \/>\n<meta property=\"og:title\" content=\"Ombrelloni Professionali e di Design prodotti da Gaggio Srl\" \/>\n<meta property=\"og:description\" content=\"Gli ombrelloni Gaggio offrono soluzioni di copertura innovative sia dal punto di vista tecnologico che estetico.\" \/>\n<meta property=\"og:url\" content=\"https:\/\/www.gaggio.net\/de\/produkte\/\" \/>\n<meta property=\"og:site_name\" content=\"Gaggio\" \/>\n<meta property=\"article:modified_time\" content=\"2023-05-23T06:02:02+00:00\" \/>\n<meta name=\"twitter:card\" content=\"summary_large_image\" \/>\n<meta name=\"twitter:label1\" content=\"Gesch\u00e4tzte Lesezeit\" \/>\n\t<meta name=\"twitter:data1\" content=\"7\u00a0Minuten\" \/>\n<script type=\"application\/ld+json\" class=\"yoast-schema-graph\">{\"@context\":\"https:\\\/\\\/schema.org\",\"@graph\":[{\"@type\":\"WebPage\",\"@id\":\"https:\\\/\\\/www.gaggio.net\\\/de\\\/produkte\\\/\",\"url\":\"https:\\\/\\\/www.gaggio.net\\\/de\\\/produkte\\\/\",\"name\":\"Ombrelloni Professionali e di Design prodotti da Gaggio Srl\",\"isPartOf\":{\"@id\":\"\\\/#website\"},\"datePublished\":\"2021-11-15T16:14:35+00:00\",\"dateModified\":\"2023-05-23T06:02:02+00:00\",\"description\":\"Gli ombrelloni Gaggio offrono soluzioni di copertura innovative sia dal punto di vista tecnologico che estetico.\",\"breadcrumb\":{\"@id\":\"https:\\\/\\\/www.gaggio.net\\\/de\\\/produkte\\\/#breadcrumb\"},\"inLanguage\":\"de\",\"potentialAction\":[{\"@type\":\"ReadAction\",\"target\":[\"https:\\\/\\\/www.gaggio.net\\\/de\\\/produkte\\\/\"]}]},{\"@type\":\"BreadcrumbList\",\"@id\":\"https:\\\/\\\/www.gaggio.net\\\/de\\\/produkte\\\/#breadcrumb\",\"itemListElement\":[{\"@type\":\"ListItem\",\"position\":1,\"name\":\"Home\",\"item\":\"https:\\\/\\\/www.gaggio.net\\\/\"},{\"@type\":\"ListItem\",\"position\":2,\"name\":\"Produkte\"}]},{\"@type\":\"WebSite\",\"@id\":\"\\\/#website\",\"url\":\"\\\/\",\"name\":\"Gaggio\",\"description\":\"Gaggio\",\"potentialAction\":[{\"@type\":\"SearchAction\",\"target\":{\"@type\":\"EntryPoint\",\"urlTemplate\":\"\\\/?s={search_term_string}\"},\"query-input\":{\"@type\":\"PropertyValueSpecification\",\"valueRequired\":true,\"valueName\":\"search_term_string\"}}],\"inLanguage\":\"de\"}]}<\/script>\n<!-- \/ Yoast SEO plugin. -->","yoast_head_json":{"title":"Ombrelloni Professionali e di Design prodotti da Gaggio Srl","description":"Gli ombrelloni Gaggio offrono soluzioni di copertura innovative sia dal punto di vista tecnologico che estetico.","robots":{"index":"index","follow":"follow","max-snippet":"max-snippet:-1","max-image-preview":"max-image-preview:large","max-video-preview":"max-video-preview:-1"},"canonical":"https:\/\/www.gaggio.net\/de\/produkte\/","og_locale":"de_DE","og_type":"article","og_title":"Ombrelloni Professionali e di Design prodotti da Gaggio Srl","og_description":"Gli ombrelloni Gaggio offrono soluzioni di copertura innovative sia dal punto di vista tecnologico che estetico.","og_url":"https:\/\/www.gaggio.net\/de\/produkte\/","og_site_name":"Gaggio","article_modified_time":"2023-05-23T06:02:02+00:00","twitter_card":"summary_large_image","twitter_misc":{"Gesch\u00e4tzte Lesezeit":"7\u00a0Minuten"},"schema":{"@context":"https:\/\/schema.org","@graph":[{"@type":"WebPage","@id":"https:\/\/www.gaggio.net\/de\/produkte\/","url":"https:\/\/www.gaggio.net\/de\/produkte\/","name":"Ombrelloni Professionali e di Design prodotti da Gaggio Srl","isPartOf":{"@id":"\/#website"},"datePublished":"2021-11-15T16:14:35+00:00","dateModified":"2023-05-23T06:02:02+00:00","description":"Gli ombrelloni Gaggio offrono soluzioni di copertura innovative sia dal punto di vista tecnologico che estetico.","breadcrumb":{"@id":"https:\/\/www.gaggio.net\/de\/produkte\/#breadcrumb"},"inLanguage":"de","potentialAction":[{"@type":"ReadAction","target":["https:\/\/www.gaggio.net\/de\/produkte\/"]}]},{"@type":"BreadcrumbList","@id":"https:\/\/www.gaggio.net\/de\/produkte\/#breadcrumb","itemListElement":[{"@type":"ListItem","position":1,"name":"Home","item":"https:\/\/www.gaggio.net\/"},{"@type":"ListItem","position":2,"name":"Produkte"}]},{"@type":"WebSite","@id":"\/#website","url":"\/","name":"Gaggio","description":"Gaggio","potentialAction":[{"@type":"SearchAction","target":{"@type":"EntryPoint","urlTemplate":"\/?s={search_term_string}"},"query-input":{"@type":"PropertyValueSpecification","valueRequired":true,"valueName":"search_term_string"}}],"inLanguage":"de"}]}},"_links":{"self":[{"href":"https:\/\/www.gaggio.net\/de\/wp-json\/wp\/v2\/pages\/11187","targetHints":{"allow":["GET"]}}],"collection":[{"href":"https:\/\/www.gaggio.net\/de\/wp-json\/wp\/v2\/pages"}],"about":[{"href":"https:\/\/www.gaggio.net\/de\/wp-json\/wp\/v2\/types\/page"}],"author":[{"embeddable":true,"href":"https:\/\/www.gaggio.net\/de\/wp-json\/wp\/v2\/users\/1"}],"replies":[{"embeddable":true,"href":"https:\/\/www.gaggio.net\/de\/wp-json\/wp\/v2\/comments?post=11187"}],"version-history":[{"count":5,"href":"https:\/\/www.gaggio.net\/de\/wp-json\/wp\/v2\/pages\/11187\/revisions"}],"predecessor-version":[{"id":15533,"href":"https:\/\/www.gaggio.net\/de\/wp-json\/wp\/v2\/pages\/11187\/revisions\/15533"}],"wp:attachment":[{"href":"https:\/\/www.gaggio.net\/de\/wp-json\/wp\/v2\/media?parent=11187"}],"curies":[{"name":"wp","href":"https:\/\/api.w.org\/{rel}","templated":true}]}}