{"id":11677,"date":"2022-01-04T15:42:05","date_gmt":"2022-01-04T14:42:05","guid":{"rendered":"https:\/\/www.gaggio.net\/seitenstock-sonnenschirme\/"},"modified":"2022-01-04T15:45:17","modified_gmt":"2022-01-04T14:45:17","slug":"seitenstock-sonnenschirme","status":"publish","type":"page","link":"https:\/\/www.gaggio.net\/de\/produkte\/seitenstock-sonnenschirme\/","title":{"rendered":"SEITENSTOCK-SONNENSCHIRME"},"content":{"rendered":"<p>[et_pb_section fb_built=&#8220;1&#8243; custom_padding_last_edited=&#8220;on|phone&#8220; module_class=&#8220;sezione-descrizione header-categorie&#8220; _builder_version=&#8220;4.6.6&#8243; background_enable_image=&#8220;off&#8220; custom_padding=&#8220;250px||0px||false|false&#8220; custom_padding_tablet=&#8220;200px||||false|false&#8220; custom_padding_phone=&#8220;150px||||false|false&#8220; global_colors_info=&#8220;{}&#8220;][et_pb_row module_class=&#8220;testo-categoria&#8220; _builder_version=&#8220;4.6.2&#8243; custom_padding=&#8220;0px|||||&#8220; global_colors_info=&#8220;{}&#8220;][et_pb_column type=&#8220;4_4&#8243; _builder_version=&#8220;4.4.8&#8243; global_colors_info=&#8220;{}&#8220;][et_pb_text module_class=&#8220;padding-title&#8220; _builder_version=&#8220;4.6.2&#8243; header_font=&#8220;|700|||||||&#8220; header_font_size=&#8220;38px&#8220; header_3_font=&#8220;|300||on|||||&#8220; header_3_font_size=&#8220;14px&#8220; text_orientation=&#8220;center&#8220; width=&#8220;100%&#8220; width_tablet=&#8220;100%&#8220; width_phone=&#8220;&#8220; width_last_edited=&#8220;on|tablet&#8220; max_width=&#8220;1000px&#8220; module_alignment=&#8220;center&#8220; custom_margin=&#8220;||0px||false|false&#8220; custom_padding=&#8220;||0px||false|false&#8220; global_colors_info=&#8220;{}&#8220;]<\/p>\n<h3>SEITENSTOCK-SONNENSCHIRME VON 5 BIS 25 QM<\/h3>\n<h1>Seitenarm-Sonnenschirme f\u00fcr gepflegte, komfortable und \u00fcbersichtliche Schattenpl\u00e4tze<\/h1>\n<p>[\/et_pb_text][et_pb_text _builder_version=&#8220;4.6.6&#8243; text_font=&#8220;|300|||||||&#8220; text_orientation=&#8220;center&#8220; width=&#8220;100%&#8220; width_tablet=&#8220;100%&#8220; width_phone=&#8220;&#8220; width_last_edited=&#8220;on|tablet&#8220; max_width=&#8220;1000px&#8220; module_alignment=&#8220;center&#8220; custom_padding=&#8220;20px||||false|false&#8220; global_colors_info=&#8220;{}&#8220;]<\/p>\n<p>Der Seitenarmschirm sch\u00fctzt nicht nur vor der Sonne und hat ein raffiniertes Design, sondern erm\u00f6glicht es Ihnen auch, den Raum darunter ohne Unordnung einzurichten. Bei der Auswahl sind zwei Faktoren entscheidend: der verf\u00fcgbare Platz und die Vielseitigkeit. Wenn Sie nur wenig Platz zur Verf\u00fcgung haben, k\u00f6nnen Sie sich f\u00fcr das Modell Decentrato entscheiden, das bei 2,40 m2 beginnt und ebenfalls leicht abnehmbar ist. F\u00fcr gr\u00f6\u00dfere Fl\u00e4chen sollten Sie das Modell Pensile in Betracht ziehen, das auch f\u00fcr die Wohnungseinrichtung geeignet ist.   <\/p>\n<p>Vielseitigkeit ist dagegen das Markenzeichen von Pensile Retrattile, einem einziehbaren Schirm, der sich um 360\u00b0 ausrichten und drehen l\u00e4sst. So k\u00f6nnen Sie den beschatteten Bereich nach Belieben verschieben und bei Bedarf platzsparend an den Rand der Fl\u00e4che stellen. Das Modell Swing ist ebenso vielseitig, einziehbar und neigbar, mit einem anspruchsvolleren Design und auch in einer Mehrfachversion erh\u00e4ltlich, bis zu vier Schirme an einem Stock. F\u00fcr gr\u00f6\u00dfere, repr\u00e4sentative Fl\u00e4chen und in windigen Gegenden; das geeignetste Modell ist der Venezia, ein sehr robuster Seitenarmschirm, der f\u00fcr die Winteraufstellung mit Seitenw\u00e4nden und Heizungen empfohlen wird.  <\/p>\n<p>[\/et_pb_text][\/et_pb_column][\/et_pb_row][\/et_pb_section][et_pb_section fb_built=&#8220;1&#8243; custom_padding_last_edited=&#8220;on|tablet&#8220; module_id=&#8220;portfolio&#8220; module_class=&#8220;sezione-portfolio&#8220; _builder_version=&#8220;4.6.2&#8243; custom_padding=&#8220;0px||100px||false|false&#8220; custom_padding_tablet=&#8220;||50px||false|false&#8220; custom_padding_phone=&#8220;||0px||false|false&#8220; global_colors_info=&#8220;{}&#8220;][et_pb_row use_custom_gutter=&#8220;on&#8220; gutter_width=&#8220;1&#8243; _builder_version=&#8220;4.6.2&#8243; _module_preset=&#8220;default&#8220; custom_padding=&#8220;||35px|||&#8220; global_colors_info=&#8220;{}&#8220;][et_pb_column type=&#8220;4_4&#8243; module_class=&#8220;pulsanti-allineati&#8220; _builder_version=&#8220;4.6.2&#8243; _module_preset=&#8220;default&#8220; custom_padding=&#8220;|5px||5px|false|true&#8220; global_colors_info=&#8220;{}&#8220;][et_pb_button button_url=&#8220;https:\/\/www.gaggio.net\/de\/produkte\/&#8220; button_text=&#8220;ZU ALLEN SONNENSCHIRMEN GEHEN&#8220; button_alignment_tablet=&#8220;center&#8220; button_alignment_phone=&#8220;&#8220; button_alignment_last_edited=&#8220;on|desktop&#8220; _builder_version=&#8220;4.6.2&#8243; _module_preset=&#8220;default&#8220; custom_button=&#8220;on&#8220; button_text_size=&#8220;14px&#8220; button_text_color=&#8220;#ffffff&#8220; button_bg_color=&#8220;#575756&#8243; button_border_color=&#8220;#575756&#8243; button_border_radius=&#8220;20px&#8220; button_use_icon=&#8220;off&#8220; custom_margin=&#8220;|5px|10px|5px|false|true&#8220; custom_padding=&#8220;5px|15px|5px|15px|true|true&#8220; global_colors_info=&#8220;{}&#8220; button_bg_color__hover_enabled=&#8220;on|hover&#8220; button_bg_color__hover=&#8220;#e42620&#8243; button_bg_enable_color__hover=&#8220;on&#8220; button_border_color__hover_enabled=&#8220;on|hover&#8220; button_border_color__hover=&#8220;#e42620&#8243;][\/et_pb_button][et_pb_button button_url=&#8220;#portfolio&#8220; button_text=&#8220;SEITENSTOCK-SONNENSCHIRME&#8220; button_alignment_tablet=&#8220;center&#8220; button_alignment_phone=&#8220;&#8220; button_alignment_last_edited=&#8220;on|tablet&#8220; _builder_version=&#8220;4.6.2&#8243; _module_preset=&#8220;default&#8220; custom_button=&#8220;on&#8220; button_text_size=&#8220;14px&#8220; button_text_color=&#8220;#ffffff&#8220; button_bg_color=&#8220;#e42620&#8243; button_border_color=&#8220;#e42620&#8243; button_border_radius=&#8220;20px&#8220; button_use_icon=&#8220;off&#8220; custom_margin=&#8220;|5px||5px|false|true&#8220; custom_padding=&#8220;5px|15px|5px|15px|true|true&#8220; global_colors_info=&#8220;{}&#8220; button_bg_color__hover_enabled=&#8220;on|hover&#8220; button_bg_color__hover=&#8220;#e42620&#8243; button_bg_enable_color__hover=&#8220;on&#8220; button_border_color__hover_enabled=&#8220;on|hover&#8220; button_border_color__hover=&#8220;#e42620&#8243;][\/et_pb_button][\/et_pb_column][\/et_pb_row][et_pb_row _builder_version=&#8220;4.4.8&#8243; width=&#8220;90%&#8220; global_colors_info=&#8220;{}&#8220;][et_pb_column type=&#8220;4_4&#8243; _builder_version=&#8220;4.4.8&#8243; global_colors_info=&#8220;{}&#8220;][et_pb_portfolio fullwidth=&#8220;off&#8220; include_categories=&#8220;21&#8243; show_categories=&#8220;off&#8220; show_pagination=&#8220;off&#8220; _builder_version=&#8220;4.6.2&#8243; title_font=&#8220;|||on|||||&#8220; title_font_size=&#8220;16px&#8220; text_orientation=&#8220;center&#8220; border_radii_image=&#8220;on|5px|5px|5px|5px&#8220; global_colors_info=&#8220;{}&#8220;][\/et_pb_portfolio][\/et_pb_column][\/et_pb_row][\/et_pb_section][et_pb_section fb_built=&#8220;1&#8243; module_id=&#8220;gallery&#8220; _builder_version=&#8220;4.4.8&#8243; custom_padding=&#8220;0px||0px||false|false&#8220; global_colors_info=&#8220;{}&#8220;][et_pb_row module_class=&#8220;black-link&#8220; _builder_version=&#8220;4.6.2&#8243; custom_margin=&#8220;50px||||false|false&#8220; custom_padding=&#8220;||0px|||&#8220; global_colors_info=&#8220;{}&#8220;][et_pb_column type=&#8220;4_4&#8243; _builder_version=&#8220;4.4.8&#8243; global_colors_info=&#8220;{}&#8220;][et_pb_text _builder_version=&#8220;4.6.2&#8243; text_font=&#8220;|||on|||||&#8220; text_orientation=&#8220;center&#8220; custom_margin=&#8220;||20px||false|false&#8220; global_colors_info=&#8220;{}&#8220;]<\/p>\n<p><a href=\"#gallery\">SEHEN SIE EINIGE UNSERER ERFOLGE<\/a><\/p>\n<p>[\/et_pb_text][et_pb_blurb url=&#8220;#gallery&#8220; use_icon=&#8220;on&#8220; font_icon=&#8220;&#x22;||divi||400&#8243; icon_color=&#8220;#000000&#8243; image_icon_width=&#8220;32px&#8220; _builder_version=&#8220;4.13.0&#8243; transform_translate_linked__hover=&#8220;off&#8220; icon_font_size=&#8220;32px&#8220; global_colors_info=&#8220;{}&#8220; transform_styles__hover_enabled=&#8220;on|hover&#8220; transform_scale__hover_enabled=&#8220;on|hover&#8220; transform_translate__hover_enabled=&#8220;on|desktop&#8220; transform_rotate__hover_enabled=&#8220;on|desktop&#8220; transform_skew__hover_enabled=&#8220;on|desktop&#8220; transform_origin__hover_enabled=&#8220;on|desktop&#8220; transform_translate__hover=&#8220;0px|10px&#8220;][\/et_pb_blurb][\/et_pb_column][\/et_pb_row][et_pb_row column_structure=&#8220;1_3,1_3,1_3&#8243; use_custom_gutter=&#8220;on&#8220; gutter_width=&#8220;1&#8243; make_equal=&#8220;on&#8220; _builder_version=&#8220;4.4.8&#8243; width=&#8220;100%&#8220; max_width=&#8220;100%&#8220; custom_margin=&#8220;0px||0px||true|false&#8220; custom_padding=&#8220;0px||0px||true|false&#8220; global_colors_info=&#8220;{}&#8220;][et_pb_column type=&#8220;1_3&#8243; _builder_version=&#8220;4.4.8&#8243; global_colors_info=&#8220;{}&#8220;][et_pb_text module_class=&#8220;flex-center text-hover white-link-underline parasol-installation&#8220; _builder_version=&#8220;4.6.2&#8243; text_font=&#8220;|300|||||||&#8220; header_2_font=&#8220;|700|||||||&#8220; header_2_font_size=&#8220;28px&#8220; header_3_font=&#8220;|300||on|||||&#8220; header_3_font_size=&#8220;13px&#8220; background_enable_color=&#8220;off&#8220; background_image=&#8220;https:\/\/www.gaggio.net\/wp-content\/uploads\/2020\/10\/2-Decentrato-PorrueRestaurant-bilbao-Spagna.jpg&#8220; text_orientation=&#8220;center&#8220; background_layout=&#8220;dark&#8220; min_height=&#8220;400px&#8220; custom_padding=&#8220;5%|5%|5%|5%|true|true&#8220; global_module=&#8220;5220&#8243; saved_tabs=&#8220;all&#8220; global_colors_info=&#8220;{}&#8220; background_color__hover=&#8220;rgba(0,0,0,0.6)&#8220; background__hover_enabled=&#8220;on|hover&#8220; background_enable_color__hover=&#8220;on&#8220; background_blend__hover=&#8220;overlay&#8220;]<\/p>\n<h3>Spagna<\/h3>\n<h2>Porrue Restaurant<\/h2>\n<p><a href=\"https:\/\/www.gaggio.net\/ombrelloni\/decentrato\/\">Scopri Decentrato<\/a><\/p>\n<p>[\/et_pb_text][\/et_pb_column][et_pb_column type=&#8220;1_3&#8243; _builder_version=&#8220;4.4.8&#8243; global_colors_info=&#8220;{}&#8220;][et_pb_text module_class=&#8220;flex-center text-hover white-link-underline parasol-installation&#8220; _builder_version=&#8220;4.6.6&#8243; text_font=&#8220;|300|||||||&#8220; header_2_font=&#8220;|700|||||||&#8220; header_2_font_size=&#8220;28px&#8220; header_3_font=&#8220;|300||on|||||&#8220; header_3_font_size=&#8220;13px&#8220; background_enable_color=&#8220;off&#8220; background_image=&#8220;https:\/\/www.gaggio.net\/wp-content\/uploads\/2020\/11\/Pensile-3&#215;3-Caffe\u0300-Rialto-Treviso.jpg&#8220; text_orientation=&#8220;center&#8220; background_layout=&#8220;dark&#8220; min_height=&#8220;400px&#8220; custom_padding=&#8220;5%|5%|5%|5%|true|true&#8220; global_module=&#8220;6429&#8243; saved_tabs=&#8220;all&#8220; global_colors_info=&#8220;{}&#8220; background_color__hover=&#8220;rgba(0,0,0,0.6)&#8220; background__hover_enabled=&#8220;on|hover&#8220; background_enable_color__hover=&#8220;on&#8220; background_blend__hover=&#8220;overlay&#8220;]<\/p>\n<h3>Italia<\/h3>\n<h2>Caff\u00e8 Rialto Treviso<\/h2>\n<p><a href=\"https:\/\/www.gaggio.net\/ombrelloni\/pensile\/\">Scopri Pensile<\/a><\/p>\n<p>[\/et_pb_text][\/et_pb_column][et_pb_column type=&#8220;1_3&#8243; _builder_version=&#8220;4.4.8&#8243; global_colors_info=&#8220;{}&#8220;][et_pb_text module_class=&#8220;flex-center text-hover white-link-underline parasol-installation&#8220; _builder_version=&#8220;4.6.6&#8243; text_font=&#8220;|300|||||||&#8220; header_2_font=&#8220;|700|||||||&#8220; header_2_font_size=&#8220;28px&#8220; header_3_font=&#8220;|300||on|||||&#8220; header_3_font_size=&#8220;13px&#8220; background_enable_color=&#8220;off&#8220; background_image=&#8220;https:\/\/www.gaggio.net\/wp-content\/uploads\/2020\/11\/2-Retrattile-GorskySkyResort_Serbia-Montenegro.jpg&#8220; vertical_offset_tablet=&#8220;0&#8243; horizontal_offset_tablet=&#8220;0&#8243; text_orientation=&#8220;center&#8220; background_layout=&#8220;dark&#8220; min_height=&#8220;400px&#8220; custom_padding=&#8220;5%|5%|5%|5%|true|true&#8220; z_index_tablet=&#8220;0&#8243; text_text_shadow_horizontal_length_tablet=&#8220;0px&#8220; text_text_shadow_vertical_length_tablet=&#8220;0px&#8220; text_text_shadow_blur_strength_tablet=&#8220;1px&#8220; link_text_shadow_horizontal_length_tablet=&#8220;0px&#8220; link_text_shadow_vertical_length_tablet=&#8220;0px&#8220; link_text_shadow_blur_strength_tablet=&#8220;1px&#8220; ul_text_shadow_horizontal_length_tablet=&#8220;0px&#8220; ul_text_shadow_vertical_length_tablet=&#8220;0px&#8220; ul_text_shadow_blur_strength_tablet=&#8220;1px&#8220; ol_text_shadow_horizontal_length_tablet=&#8220;0px&#8220; ol_text_shadow_vertical_length_tablet=&#8220;0px&#8220; ol_text_shadow_blur_strength_tablet=&#8220;1px&#8220; quote_text_shadow_horizontal_length_tablet=&#8220;0px&#8220; quote_text_shadow_vertical_length_tablet=&#8220;0px&#8220; quote_text_shadow_blur_strength_tablet=&#8220;1px&#8220; header_text_shadow_horizontal_length_tablet=&#8220;0px&#8220; header_text_shadow_vertical_length_tablet=&#8220;0px&#8220; header_text_shadow_blur_strength_tablet=&#8220;1px&#8220; header_2_text_shadow_horizontal_length_tablet=&#8220;0px&#8220; header_2_text_shadow_vertical_length_tablet=&#8220;0px&#8220; header_2_text_shadow_blur_strength_tablet=&#8220;1px&#8220; header_3_text_shadow_horizontal_length_tablet=&#8220;0px&#8220; header_3_text_shadow_vertical_length_tablet=&#8220;0px&#8220; header_3_text_shadow_blur_strength_tablet=&#8220;1px&#8220; header_4_text_shadow_horizontal_length_tablet=&#8220;0px&#8220; header_4_text_shadow_vertical_length_tablet=&#8220;0px&#8220; header_4_text_shadow_blur_strength_tablet=&#8220;1px&#8220; header_5_text_shadow_horizontal_length_tablet=&#8220;0px&#8220; header_5_text_shadow_vertical_length_tablet=&#8220;0px&#8220; header_5_text_shadow_blur_strength_tablet=&#8220;1px&#8220; header_6_text_shadow_horizontal_length_tablet=&#8220;0px&#8220; header_6_text_shadow_vertical_length_tablet=&#8220;0px&#8220; header_6_text_shadow_blur_strength_tablet=&#8220;1px&#8220; box_shadow_horizontal_tablet=&#8220;0px&#8220; box_shadow_vertical_tablet=&#8220;0px&#8220; box_shadow_blur_tablet=&#8220;40px&#8220; box_shadow_spread_tablet=&#8220;0px&#8220; global_module=&#8220;5254&#8243; saved_tabs=&#8220;all&#8220; global_colors_info=&#8220;{}&#8220; background_color__hover=&#8220;rgba(0,0,0,0.6)&#8220; background__hover_enabled=&#8220;on|hover&#8220; background_enable_color__hover=&#8220;on&#8220; background_blend__hover=&#8220;overlay&#8220;]<\/p>\n<h3>Serbia<\/h3>\n<h2>Gorsky Hotel &amp; Spa<\/h2>\n<p><a href=\"https:\/\/www.gaggio.net\/ombrelloni\/pensile-retrattile\/\">Scopri Pensile Retrattile<\/a><\/p>\n<p>[\/et_pb_text][\/et_pb_column][\/et_pb_row][et_pb_row column_structure=&#8220;1_3,1_3,1_3&#8243; use_custom_gutter=&#8220;on&#8220; gutter_width=&#8220;1&#8243; make_equal=&#8220;on&#8220; _builder_version=&#8220;4.4.8&#8243; width=&#8220;100%&#8220; max_width=&#8220;100%&#8220; custom_margin=&#8220;0px||0px||true|false&#8220; custom_padding=&#8220;0px||0px||true|false&#8220; global_colors_info=&#8220;{}&#8220;][et_pb_column type=&#8220;1_3&#8243; _builder_version=&#8220;4.4.8&#8243; global_colors_info=&#8220;{}&#8220;][et_pb_text module_class=&#8220;flex-center text-hover white-link-underline parasol-installation&#8220; _builder_version=&#8220;4.7.7&#8243; text_font=&#8220;|300|||||||&#8220; header_2_font=&#8220;|700|||||||&#8220; header_2_font_size=&#8220;28px&#8220; header_3_font=&#8220;|300||on|||||&#8220; header_3_font_size=&#8220;14px&#8220; background_enable_color=&#8220;off&#8220; background_image=&#8220;https:\/\/www.gaggio.net\/wp-content\/uploads\/2020\/06\/Gaggio-ombrelloni-malmo.jpg&#8220; text_orientation=&#8220;center&#8220; background_layout=&#8220;dark&#8220; min_height=&#8220;400px&#8220; custom_padding=&#8220;5%|5%|5%|5%|true|true&#8220; link_option_url=&#8220;https:\/\/www.gaggio.net\/en\/ombrelloni\/swing\/&#8220; global_module=&#8220;5761&#8243; saved_tabs=&#8220;all&#8220; global_colors_info=&#8220;{}&#8220; background_color__hover=&#8220;rgba(0,0,0,0.6)&#8220; background__hover_enabled=&#8220;on|hover&#8220; background_enable_color__hover=&#8220;on&#8220; background_blend__hover=&#8220;overlay&#8220;]<\/p>\n<h3>Svezia<\/h3>\n<h2>Malm\u00f6s Vinebar<\/h2>\n<p><a href=\"https:\/\/www.gaggio.net\/ombrelloni\/swing\/\">Scopri Swing<\/a><\/p>\n<p>[\/et_pb_text][\/et_pb_column][et_pb_column type=&#8220;1_3&#8243; _builder_version=&#8220;4.4.8&#8243; global_colors_info=&#8220;{}&#8220;][et_pb_text module_class=&#8220;flex-center text-hover white-link-underline parasol-installation&#8220; _builder_version=&#8220;4.6.2&#8243; text_font=&#8220;|300|||||||&#8220; header_2_font=&#8220;|700|||||||&#8220; header_2_font_size=&#8220;28px&#8220; header_3_font=&#8220;|300||on|||||&#8220; header_3_font_size=&#8220;13px&#8220; background_enable_color=&#8220;off&#8220; background_image=&#8220;https:\/\/www.gaggio.net\/wp-content\/uploads\/2020\/10\/4-Venezia-Hotel-Cristallo-Cortina.jpg&#8220; text_orientation=&#8220;center&#8220; background_layout=&#8220;dark&#8220; min_height=&#8220;400px&#8220; custom_padding=&#8220;5%|5%|5%|5%|true|true&#8220; global_module=&#8220;5311&#8243; global_colors_info=&#8220;{}&#8220; background__hover_enabled=&#8220;on|hover&#8220; background_color__hover=&#8220;rgba(0,0,0,0.6)&#8220; background_enable_color__hover=&#8220;on&#8220; background_blend__hover=&#8220;overlay&#8220;]<\/p>\n<h3>Italia<\/h3>\n<h2>Hotel Cristallo<\/h2>\n<p><a href=\"https:\/\/www.gaggio.net\/ombrelloni\/venezia\/\">Scopri Venezia<\/a><\/p>\n<p>[\/et_pb_text][\/et_pb_column][et_pb_column type=&#8220;1_3&#8243; _builder_version=&#8220;4.4.8&#8243; global_colors_info=&#8220;{}&#8220;][et_pb_text module_class=&#8220;flex-center text-hover white-link-underline parasol-installation&#8220; _builder_version=&#8220;4.6.2&#8243; text_font=&#8220;|300|||||||&#8220; header_2_font=&#8220;|700|||||||&#8220; header_2_font_size=&#8220;28px&#8220; header_3_font=&#8220;|300||on|||||&#8220; header_3_font_size=&#8220;13px&#8220; background_enable_color=&#8220;off&#8220; background_image=&#8220;https:\/\/www.gaggio.net\/wp-content\/uploads\/2020\/10\/6-Swing-Masi-Wine-Bar-Cortina.jpg&#8220; text_orientation=&#8220;center&#8220; background_layout=&#8220;dark&#8220; min_height=&#8220;400px&#8220; custom_padding=&#8220;5%|5%|5%|5%|true|true&#8220; global_module=&#8220;5283&#8243; global_colors_info=&#8220;{}&#8220; background_color__hover=&#8220;rgba(0,0,0,0.6)&#8220; background__hover_enabled=&#8220;on|hover&#8220; background_enable_color__hover=&#8220;on&#8220; background_blend__hover=&#8220;overlay&#8220;]<\/p>\n<h3>Italia<\/h3>\n<h2>Masi Wine Bar<\/h2>\n<p><a href=\"https:\/\/www.gaggio.net\/ombrelloni\/swing\/\">Scopri Swing<\/a><\/p>\n<p>[\/et_pb_text][\/et_pb_column][\/et_pb_row][\/et_pb_section]<\/p>\n","protected":false},"excerpt":{"rendered":"<p>SEITENSTOCK-SONNENSCHIRME VON 5 BIS 25 QM Seitenarm-Sonnenschirme f\u00fcr gepflegte, komfortable und \u00fcbersichtliche Schattenpl\u00e4tzeDer Seitenarmschirm sch\u00fctzt nicht nur vor der Sonne und hat ein raffiniertes Design, sondern erm\u00f6glicht es Ihnen auch, den Raum darunter ohne Unordnung einzurichten. Bei der Auswahl sind zwei Faktoren entscheidend: der verf\u00fcgbare Platz und die Vielseitigkeit. Wenn Sie nur wenig Platz zur [&hellip;]<\/p>\n","protected":false},"author":1,"featured_media":0,"parent":11187,"menu_order":0,"comment_status":"closed","ping_status":"closed","template":"","meta":{"_et_pb_use_builder":"on","_et_pb_old_content":"","_et_gb_content_width":"","footnotes":""},"class_list":["post-11677","page","type-page","status-publish","hentry"],"yoast_head":"<!-- This site is optimized with the Yoast SEO plugin v27.3 - https:\/\/yoast.com\/product\/yoast-seo-wordpress\/ -->\n<title>SEITENSTOCK-SONNENSCHIRME - Gaggio<\/title>\n<meta name=\"robots\" content=\"index, follow, max-snippet:-1, max-image-preview:large, max-video-preview:-1\" \/>\n<link rel=\"canonical\" href=\"https:\/\/www.gaggio.net\/prodotti\/ombrelloni-a-palo-laterale\/\" \/>\n<meta property=\"og:locale\" content=\"de_DE\" \/>\n<meta property=\"og:type\" content=\"article\" \/>\n<meta property=\"og:title\" content=\"SEITENSTOCK-SONNENSCHIRME - Gaggio\" \/>\n<meta property=\"og:description\" content=\"SEITENSTOCK-SONNENSCHIRME VON 5 BIS 25 QM Seitenarm-Sonnenschirme f\u00fcr gepflegte, komfortable und \u00fcbersichtliche Schattenpl\u00e4tzeDer Seitenarmschirm sch\u00fctzt nicht nur vor der Sonne und hat ein raffiniertes Design, sondern erm\u00f6glicht es Ihnen auch, den Raum darunter ohne Unordnung einzurichten. Bei der Auswahl sind zwei Faktoren entscheidend: der verf\u00fcgbare Platz und die Vielseitigkeit. Wenn Sie nur wenig Platz zur [&hellip;]\" \/>\n<meta property=\"og:url\" content=\"https:\/\/www.gaggio.net\/prodotti\/ombrelloni-a-palo-laterale\/\" \/>\n<meta property=\"og:site_name\" content=\"Gaggio\" \/>\n<meta property=\"article:modified_time\" content=\"2022-01-04T14:45:17+00:00\" \/>\n<meta name=\"twitter:card\" content=\"summary_large_image\" \/>\n<meta name=\"twitter:label1\" content=\"Gesch\u00e4tzte Lesezeit\" \/>\n\t<meta name=\"twitter:data1\" content=\"9\u00a0Minuten\" \/>\n<script type=\"application\/ld+json\" class=\"yoast-schema-graph\">{\"@context\":\"https:\\\/\\\/schema.org\",\"@graph\":[{\"@type\":\"WebPage\",\"@id\":\"https:\\\/\\\/www.gaggio.net\\\/prodotti\\\/ombrelloni-a-palo-laterale\\\/\",\"url\":\"https:\\\/\\\/www.gaggio.net\\\/prodotti\\\/ombrelloni-a-palo-laterale\\\/\",\"name\":\"SEITENSTOCK-SONNENSCHIRME - Gaggio\",\"isPartOf\":{\"@id\":\"\\\/#website\"},\"datePublished\":\"2022-01-04T14:42:05+00:00\",\"dateModified\":\"2022-01-04T14:45:17+00:00\",\"breadcrumb\":{\"@id\":\"https:\\\/\\\/www.gaggio.net\\\/prodotti\\\/ombrelloni-a-palo-laterale\\\/#breadcrumb\"},\"inLanguage\":\"de\",\"potentialAction\":[{\"@type\":\"ReadAction\",\"target\":[\"https:\\\/\\\/www.gaggio.net\\\/prodotti\\\/ombrelloni-a-palo-laterale\\\/\"]}]},{\"@type\":\"BreadcrumbList\",\"@id\":\"https:\\\/\\\/www.gaggio.net\\\/prodotti\\\/ombrelloni-a-palo-laterale\\\/#breadcrumb\",\"itemListElement\":[{\"@type\":\"ListItem\",\"position\":1,\"name\":\"Home\",\"item\":\"https:\\\/\\\/www.gaggio.net\\\/\"},{\"@type\":\"ListItem\",\"position\":2,\"name\":\"Produkte\",\"item\":\"https:\\\/\\\/www.gaggio.net\\\/de\\\/produkte\\\/\"},{\"@type\":\"ListItem\",\"position\":3,\"name\":\"SEITENSTOCK-SONNENSCHIRME\"}]},{\"@type\":\"WebSite\",\"@id\":\"\\\/#website\",\"url\":\"\\\/\",\"name\":\"Gaggio\",\"description\":\"Gaggio\",\"potentialAction\":[{\"@type\":\"SearchAction\",\"target\":{\"@type\":\"EntryPoint\",\"urlTemplate\":\"\\\/?s={search_term_string}\"},\"query-input\":{\"@type\":\"PropertyValueSpecification\",\"valueRequired\":true,\"valueName\":\"search_term_string\"}}],\"inLanguage\":\"de\"}]}<\/script>\n<!-- \/ Yoast SEO plugin. -->","yoast_head_json":{"title":"SEITENSTOCK-SONNENSCHIRME - Gaggio","robots":{"index":"index","follow":"follow","max-snippet":"max-snippet:-1","max-image-preview":"max-image-preview:large","max-video-preview":"max-video-preview:-1"},"canonical":"https:\/\/www.gaggio.net\/prodotti\/ombrelloni-a-palo-laterale\/","og_locale":"de_DE","og_type":"article","og_title":"SEITENSTOCK-SONNENSCHIRME - Gaggio","og_description":"SEITENSTOCK-SONNENSCHIRME VON 5 BIS 25 QM Seitenarm-Sonnenschirme f\u00fcr gepflegte, komfortable und \u00fcbersichtliche Schattenpl\u00e4tzeDer Seitenarmschirm sch\u00fctzt nicht nur vor der Sonne und hat ein raffiniertes Design, sondern erm\u00f6glicht es Ihnen auch, den Raum darunter ohne Unordnung einzurichten. Bei der Auswahl sind zwei Faktoren entscheidend: der verf\u00fcgbare Platz und die Vielseitigkeit. Wenn Sie nur wenig Platz zur [&hellip;]","og_url":"https:\/\/www.gaggio.net\/prodotti\/ombrelloni-a-palo-laterale\/","og_site_name":"Gaggio","article_modified_time":"2022-01-04T14:45:17+00:00","twitter_card":"summary_large_image","twitter_misc":{"Gesch\u00e4tzte Lesezeit":"9\u00a0Minuten"},"schema":{"@context":"https:\/\/schema.org","@graph":[{"@type":"WebPage","@id":"https:\/\/www.gaggio.net\/prodotti\/ombrelloni-a-palo-laterale\/","url":"https:\/\/www.gaggio.net\/prodotti\/ombrelloni-a-palo-laterale\/","name":"SEITENSTOCK-SONNENSCHIRME - Gaggio","isPartOf":{"@id":"\/#website"},"datePublished":"2022-01-04T14:42:05+00:00","dateModified":"2022-01-04T14:45:17+00:00","breadcrumb":{"@id":"https:\/\/www.gaggio.net\/prodotti\/ombrelloni-a-palo-laterale\/#breadcrumb"},"inLanguage":"de","potentialAction":[{"@type":"ReadAction","target":["https:\/\/www.gaggio.net\/prodotti\/ombrelloni-a-palo-laterale\/"]}]},{"@type":"BreadcrumbList","@id":"https:\/\/www.gaggio.net\/prodotti\/ombrelloni-a-palo-laterale\/#breadcrumb","itemListElement":[{"@type":"ListItem","position":1,"name":"Home","item":"https:\/\/www.gaggio.net\/"},{"@type":"ListItem","position":2,"name":"Produkte","item":"https:\/\/www.gaggio.net\/de\/produkte\/"},{"@type":"ListItem","position":3,"name":"SEITENSTOCK-SONNENSCHIRME"}]},{"@type":"WebSite","@id":"\/#website","url":"\/","name":"Gaggio","description":"Gaggio","potentialAction":[{"@type":"SearchAction","target":{"@type":"EntryPoint","urlTemplate":"\/?s={search_term_string}"},"query-input":{"@type":"PropertyValueSpecification","valueRequired":true,"valueName":"search_term_string"}}],"inLanguage":"de"}]}},"_links":{"self":[{"href":"https:\/\/www.gaggio.net\/de\/wp-json\/wp\/v2\/pages\/11677","targetHints":{"allow":["GET"]}}],"collection":[{"href":"https:\/\/www.gaggio.net\/de\/wp-json\/wp\/v2\/pages"}],"about":[{"href":"https:\/\/www.gaggio.net\/de\/wp-json\/wp\/v2\/types\/page"}],"author":[{"embeddable":true,"href":"https:\/\/www.gaggio.net\/de\/wp-json\/wp\/v2\/users\/1"}],"replies":[{"embeddable":true,"href":"https:\/\/www.gaggio.net\/de\/wp-json\/wp\/v2\/comments?post=11677"}],"version-history":[{"count":13,"href":"https:\/\/www.gaggio.net\/de\/wp-json\/wp\/v2\/pages\/11677\/revisions"}],"predecessor-version":[{"id":11696,"href":"https:\/\/www.gaggio.net\/de\/wp-json\/wp\/v2\/pages\/11677\/revisions\/11696"}],"up":[{"embeddable":true,"href":"https:\/\/www.gaggio.net\/de\/wp-json\/wp\/v2\/pages\/11187"}],"wp:attachment":[{"href":"https:\/\/www.gaggio.net\/de\/wp-json\/wp\/v2\/media?parent=11677"}],"curies":[{"name":"wp","href":"https:\/\/api.w.org\/{rel}","templated":true}]}}