{"id":11718,"date":"2022-01-04T15:53:27","date_gmt":"2022-01-04T14:53:27","guid":{"rendered":"https:\/\/www.gaggio.net\/produkte\/umbrellas-for-hotel-and-resort\/"},"modified":"2022-01-04T17:16:46","modified_gmt":"2022-01-04T16:16:46","slug":"sonnenschirme-fuer-hotels-und-resorts","status":"publish","type":"page","link":"https:\/\/www.gaggio.net\/de\/produkte\/sonnenschirme-fuer-hotels-und-resorts\/","title":{"rendered":"SONNENSCHIRME F\u00dcR HOTELS UND RESORTS"},"content":{"rendered":"<p>[et_pb_section fb_built=&#8220;1&#8243; custom_padding_last_edited=&#8220;on|phone&#8220; module_class=&#8220;sezione-descrizione header-categorie&#8220; _builder_version=&#8220;4.6.6&#8243; background_enable_image=&#8220;off&#8220; custom_padding=&#8220;250px||0px||false|false&#8220; custom_padding_tablet=&#8220;200px||||false|false&#8220; custom_padding_phone=&#8220;150px||||false|false&#8220; global_colors_info=&#8220;{}&#8220; theme_builder_area=&#8220;post_content&#8220;][et_pb_row module_class=&#8220;testo-categoria&#8220; _builder_version=&#8220;4.6.2&#8243; custom_padding=&#8220;0px|||||&#8220; global_colors_info=&#8220;{}&#8220; theme_builder_area=&#8220;post_content&#8220;][et_pb_column type=&#8220;4_4&#8243; _builder_version=&#8220;4.4.8&#8243; global_colors_info=&#8220;{}&#8220; theme_builder_area=&#8220;post_content&#8220;][et_pb_text module_class=&#8220;padding-title&#8220; _builder_version=&#8220;4.6.2&#8243; header_font=&#8220;|700|||||||&#8220; header_font_size=&#8220;38px&#8220; header_3_font=&#8220;|300||on|||||&#8220; header_3_font_size=&#8220;14px&#8220; text_orientation=&#8220;center&#8220; width=&#8220;100%&#8220; width_tablet=&#8220;100%&#8220; width_phone=&#8220;&#8220; width_last_edited=&#8220;on|tablet&#8220; max_width=&#8220;1000px&#8220; module_alignment=&#8220;center&#8220; custom_margin=&#8220;||0px||false|false&#8220; custom_padding=&#8220;||0px||false|false&#8220; global_colors_info=&#8220;{}&#8220; theme_builder_area=&#8220;post_content&#8220;]<\/p>\n<h3>SONNENSCHIRME F\u00dcR HOTELS UND RESORTS<\/h3>\n<h1>Um den Bed\u00fcrfnissen des Hotel- und Bauernhofsektors gerecht zu werden, haben wir vor allem eines im Blick: das Wohlbefinden Ihrer G\u00e4ste.<\/h1>\n<p>[\/et_pb_text][et_pb_text _builder_version=&#8220;4.7.7&#8243; text_font=&#8220;|300|||||||&#8220; text_orientation=&#8220;center&#8220; width=&#8220;100%&#8220; width_tablet=&#8220;100%&#8220; width_phone=&#8220;&#8220; width_last_edited=&#8220;on|tablet&#8220; max_width=&#8220;1100px&#8220; module_alignment=&#8220;center&#8220; custom_padding=&#8220;20px||||false|false&#8220; global_colors_info=&#8220;{}&#8220; theme_builder_area=&#8220;post_content&#8220;]<\/p>\n<p>Das Sortiment umfasst verschiedene Modelle von Mittelstockschirmen, darunter ausziehbare Sonnenschirme, Riesenschirme, Seitenarmschirme, einziehbare Sonnenschirme oder solche, die je nach Sonnenstand um 360\u00b0 gedreht werden k\u00f6nnen. Die Auswahl reicht von kleinen bis hin zu sehr gro\u00dfen Sonnenschirmen, die in verschiedenen Bereichen platziert werden k\u00f6nnen und die sich in ihre Umgebung einf\u00fcgen, um elegante und hochfunktionale Ecken zu schaffen. Wir empfehlen die Verwendung von wasser- und schmutzabweisenden Nautikharzstoffen aus dem DESIGN+PERFORMANCE Programm. Feuerfeste Stoffe der Linie TECHNOLOGY sind auf Anfrage erh\u00e4ltlich. Zus\u00e4tzlichzu den Sonnenschirmen k\u00f6nnen Sie Zubeh\u00f6r wie Service-Tische, Unterbaum\u00f6bel mit Sitzfunktion oder LED-Beleuchtungssysteme, auch farbige, hinzuf\u00fcgen, um das Erlebnis Ihrer Kunden zu jeder Tageszeit einzigartig zu machen und gleichzeitig Sicherheit, Komfort und Qualit\u00e4t zu garantieren.    <\/p>\n<p>F\u00fcr die Hotellerie empfehlen wir einen Hauch von Glamour f\u00fcr Ihre Projekte mit Pyramid, der perfekten Designer-Schirmleuchte, um Ihre G\u00e4ste von der D\u00e4mmerung bis zur Nacht zu unterhalten. Dasgesamte Sortiment ist darauf ausgelegt, die immer komplexeren t\u00e4glichen Anforderungen der Luxushotellerie und des Resortgewerbes zu bew\u00e4ltigen, indem globale oder ma\u00dfgeschneiderte Projekte erstellt werden, die eine einladende Visitenkarte f\u00fcr Ihr Unternehmen darstellen. <\/p>\n<p>[\/et_pb_text][\/et_pb_column][\/et_pb_row][\/et_pb_section][et_pb_section fb_built=&#8220;1&#8243; custom_padding_last_edited=&#8220;on|tablet&#8220; module_id=&#8220;portfolio&#8220; module_class=&#8220;sezione-portfolio&#8220; _builder_version=&#8220;4.6.2&#8243; custom_padding=&#8220;0px||100px||false|false&#8220; custom_padding_tablet=&#8220;||50px||false|false&#8220; custom_padding_phone=&#8220;||0px||false|false&#8220; global_colors_info=&#8220;{}&#8220; theme_builder_area=&#8220;post_content&#8220;][et_pb_row use_custom_gutter=&#8220;on&#8220; gutter_width=&#8220;1&#8243; _builder_version=&#8220;4.6.2&#8243; _module_preset=&#8220;default&#8220; custom_padding=&#8220;||35px|||&#8220; global_colors_info=&#8220;{}&#8220; theme_builder_area=&#8220;post_content&#8220;][et_pb_column type=&#8220;4_4&#8243; module_class=&#8220;pulsanti-allineati&#8220; _builder_version=&#8220;4.6.2&#8243; _module_preset=&#8220;default&#8220; custom_padding=&#8220;|5px||5px|false|true&#8220; global_colors_info=&#8220;{}&#8220; theme_builder_area=&#8220;post_content&#8220;][et_pb_button button_url=&#8220;https:\/\/www.gaggio.net\/de\/produkte\/&#8220; button_text=&#8220;ZU ALLEN SONNENSCHIRMEN GEHEN&#8220; button_alignment_tablet=&#8220;center&#8220; button_alignment_phone=&#8220;&#8220; button_alignment_last_edited=&#8220;on|desktop&#8220; _builder_version=&#8220;4.6.2&#8243; _module_preset=&#8220;default&#8220; custom_button=&#8220;on&#8220; button_text_size=&#8220;14px&#8220; button_text_color=&#8220;#ffffff&#8220; button_bg_color=&#8220;#575756&#8243; button_border_color=&#8220;#575756&#8243; button_border_radius=&#8220;20px&#8220; button_use_icon=&#8220;off&#8220; custom_margin=&#8220;|5px|10px|5px|false|true&#8220; custom_padding=&#8220;5px|15px|5px|15px|true|true&#8220; global_colors_info=&#8220;{}&#8220; button_bg_color__hover_enabled=&#8220;on|hover&#8220; button_bg_color__hover=&#8220;#e42620&#8243; button_bg_enable_color__hover=&#8220;on&#8220; button_border_color__hover_enabled=&#8220;on|hover&#8220; button_border_color__hover=&#8220;#e42620&#8243; theme_builder_area=&#8220;post_content&#8220;][\/et_pb_button][et_pb_button button_url=&#8220;#portfolio&#8220; button_text=&#8220;SONNENSCHIRME F\u00dcR HOTELS UND RESORTS&#8220; button_alignment_tablet=&#8220;center&#8220; button_alignment_phone=&#8220;&#8220; button_alignment_last_edited=&#8220;on|tablet&#8220; _builder_version=&#8220;4.6.2&#8243; _module_preset=&#8220;default&#8220; custom_button=&#8220;on&#8220; button_text_size=&#8220;14px&#8220; button_text_color=&#8220;#ffffff&#8220; button_bg_color=&#8220;#e42620&#8243; button_border_color=&#8220;#e42620&#8243; button_border_radius=&#8220;20px&#8220; button_use_icon=&#8220;off&#8220; custom_margin=&#8220;|5px||5px|false|true&#8220; custom_padding=&#8220;5px|15px|5px|15px|true|true&#8220; global_colors_info=&#8220;{}&#8220; button_bg_color__hover_enabled=&#8220;on|hover&#8220; button_bg_color__hover=&#8220;#e42620&#8243; button_bg_enable_color__hover=&#8220;on&#8220; button_border_color__hover_enabled=&#8220;on|hover&#8220; button_border_color__hover=&#8220;#e42620&#8243; theme_builder_area=&#8220;post_content&#8220;][\/et_pb_button][\/et_pb_column][\/et_pb_row][et_pb_row _builder_version=&#8220;4.4.8&#8243; width=&#8220;90%&#8220; global_colors_info=&#8220;{}&#8220; theme_builder_area=&#8220;post_content&#8220;][et_pb_column type=&#8220;4_4&#8243; _builder_version=&#8220;4.4.8&#8243; global_colors_info=&#8220;{}&#8220; theme_builder_area=&#8220;post_content&#8220;][et_pb_portfolio fullwidth=&#8220;off&#8220; include_categories=&#8220;23&#8243; show_categories=&#8220;off&#8220; show_pagination=&#8220;off&#8220; _builder_version=&#8220;4.6.2&#8243; title_font=&#8220;|||on|||||&#8220; title_font_size=&#8220;16px&#8220; text_orientation=&#8220;center&#8220; border_radii_image=&#8220;on|5px|5px|5px|5px&#8220; global_colors_info=&#8220;{}&#8220; theme_builder_area=&#8220;post_content&#8220;][\/et_pb_portfolio][\/et_pb_column][\/et_pb_row][\/et_pb_section][et_pb_section fb_built=&#8220;1&#8243; module_id=&#8220;gallery&#8220; _builder_version=&#8220;4.4.8&#8243; custom_padding=&#8220;0px||0px||false|false&#8220; global_colors_info=&#8220;{}&#8220; theme_builder_area=&#8220;post_content&#8220;][et_pb_row module_class=&#8220;black-link&#8220; _builder_version=&#8220;4.6.2&#8243; custom_margin=&#8220;50px||||false|false&#8220; custom_padding=&#8220;||0px|||&#8220; global_colors_info=&#8220;{}&#8220; theme_builder_area=&#8220;post_content&#8220;][et_pb_column type=&#8220;4_4&#8243; _builder_version=&#8220;4.4.8&#8243; global_colors_info=&#8220;{}&#8220; theme_builder_area=&#8220;post_content&#8220;][et_pb_text _builder_version=&#8220;4.6.2&#8243; text_font=&#8220;|||on|||||&#8220; text_orientation=&#8220;center&#8220; custom_margin=&#8220;||20px||false|false&#8220; global_colors_info=&#8220;{}&#8220; theme_builder_area=&#8220;post_content&#8220;]<\/p>\n<p><a href=\"#gallery\">SEHEN SIE EINIGE UNSERER ERFOLGE<\/a><\/p>\n<p>[\/et_pb_text][et_pb_blurb url=&#8220;#gallery&#8220; use_icon=&#8220;on&#8220; font_icon=&#8220;&#x22;||divi||400&#8243; icon_color=&#8220;#000000&#8243; image_icon_width=&#8220;32px&#8220; _builder_version=&#8220;4.13.0&#8243; transform_translate_linked__hover=&#8220;off&#8220; icon_font_size=&#8220;32px&#8220; global_colors_info=&#8220;{}&#8220; transform_styles__hover_enabled=&#8220;on|hover&#8220; transform_scale__hover_enabled=&#8220;on|hover&#8220; transform_translate__hover_enabled=&#8220;on|desktop&#8220; transform_rotate__hover_enabled=&#8220;on|desktop&#8220; transform_skew__hover_enabled=&#8220;on|desktop&#8220; transform_origin__hover_enabled=&#8220;on|desktop&#8220; transform_translate__hover=&#8220;0px|10px&#8220; theme_builder_area=&#8220;post_content&#8220;][\/et_pb_blurb][\/et_pb_column][\/et_pb_row][et_pb_row column_structure=&#8220;1_3,1_3,1_3&#8243; use_custom_gutter=&#8220;on&#8220; gutter_width=&#8220;1&#8243; make_equal=&#8220;on&#8220; _builder_version=&#8220;4.4.8&#8243; width=&#8220;100%&#8220; max_width=&#8220;100%&#8220; custom_margin=&#8220;0px||0px||true|false&#8220; custom_padding=&#8220;0px||0px||true|false&#8220; global_colors_info=&#8220;{}&#8220; theme_builder_area=&#8220;post_content&#8220;][et_pb_column type=&#8220;1_3&#8243; _builder_version=&#8220;4.4.8&#8243; global_colors_info=&#8220;{}&#8220; theme_builder_area=&#8220;post_content&#8220;][et_pb_text module_class=&#8220;flex-center text-hover white-link-underline parasol-installation&#8220; _builder_version=&#8220;4.6.2&#8243; text_font=&#8220;|300|||||||&#8220; header_2_font=&#8220;|700|||||||&#8220; header_2_font_size=&#8220;28px&#8220; header_3_font=&#8220;|300||on|||||&#8220; header_3_font_size=&#8220;13px&#8220; background_enable_color=&#8220;off&#8220; background_image=&#8220;https:\/\/www.gaggio.net\/wp-content\/uploads\/2020\/10\/Ombrellone-design-Gaggio-Pyramid-.City-of-Atami-GiapponeJPG.jpg&#8220; text_orientation=&#8220;center&#8220; background_layout=&#8220;dark&#8220; min_height=&#8220;400px&#8220; custom_padding=&#8220;5%|5%|5%|5%|true|true&#8220; global_module=&#8220;5878&#8243; saved_tabs=&#8220;all&#8220; global_colors_info=&#8220;{}&#8220; background_color__hover=&#8220;rgba(0,0,0,0.6)&#8220; background__hover_enabled=&#8220;on|hover&#8220; background_enable_color__hover=&#8220;on&#8220; background_blend__hover=&#8220;overlay&#8220; theme_builder_area=&#8220;post_content&#8220;]<\/p>\n<h3>Giappone<\/h3>\n<h2>City of Atami<\/h2>\n<p><a href=\"https:\/\/www.gaggio.net\/ombrelloni\/pyramid\/\">Scopri Pyramid<\/a><\/p>\n<p>[\/et_pb_text][\/et_pb_column][et_pb_column type=&#8220;1_3&#8243; _builder_version=&#8220;4.4.8&#8243; global_colors_info=&#8220;{}&#8220; theme_builder_area=&#8220;post_content&#8220;][et_pb_text module_class=&#8220;flex-center text-hover white-link-underline parasol-installation&#8220; _builder_version=&#8220;4.6.6&#8243; text_font=&#8220;|300|||||||&#8220; header_2_font=&#8220;|700|||||||&#8220; header_2_font_size=&#8220;28px&#8220; header_3_font=&#8220;|300||on|||||&#8220; header_3_font_size=&#8220;13px&#8220; background_enable_color=&#8220;off&#8220; background_image=&#8220;https:\/\/www.gaggio.net\/wp-content\/uploads\/2020\/11\/3-Professional-H10-PalazzoCanova-Venezia-Italia.jpg&#8220; text_orientation=&#8220;center&#8220; background_layout=&#8220;dark&#8220; min_height=&#8220;400px&#8220; custom_padding=&#8220;5%|5%|5%|5%|true|true&#8220; global_module=&#8220;6432&#8243; saved_tabs=&#8220;all&#8220; global_colors_info=&#8220;{}&#8220; background__hover_enabled=&#8220;on|hover&#8220; background_color__hover=&#8220;rgba(0,0,0,0.6)&#8220; background_enable_color__hover=&#8220;on&#8220; background_blend__hover=&#8220;overlay&#8220; theme_builder_area=&#8220;post_content&#8220;]<\/p>\n<h3>Italia<\/h3>\n<h2>H10 Hotels<\/h2>\n<p><a href=\"https:\/\/www.gaggio.net\/ombrelloni\/professional\/\">Scopri Professional<\/a><\/p>\n<p>[\/et_pb_text][\/et_pb_column][et_pb_column type=&#8220;1_3&#8243; _builder_version=&#8220;4.4.8&#8243; global_colors_info=&#8220;{}&#8220; theme_builder_area=&#8220;post_content&#8220;][et_pb_text module_class=&#8220;flex-center text-hover white-link-underline parasol-installation&#8220; _builder_version=&#8220;4.6.2&#8243; text_font=&#8220;|300|||||||&#8220; header_2_font=&#8220;|700|||||||&#8220; header_2_font_size=&#8220;28px&#8220; header_3_font=&#8220;|300||on|||||&#8220; header_3_font_size=&#8220;13px&#8220; background_enable_color=&#8220;off&#8220; background_image=&#8220;https:\/\/www.gaggio.net\/wp-content\/uploads\/2020\/10\/AQUARIUS_GELADARIA_PORTUGAL.jpg&#8220; text_orientation=&#8220;center&#8220; background_layout=&#8220;dark&#8220; min_height=&#8220;400px&#8220; custom_padding=&#8220;5%|5%|5%|5%|true|true&#8220; global_module=&#8220;5354&#8243; saved_tabs=&#8220;all&#8220; global_colors_info=&#8220;{}&#8220; background_color__hover=&#8220;rgba(0,0,0,0.6)&#8220; background__hover_enabled=&#8220;on|hover&#8220; background_enable_color__hover=&#8220;on&#8220; background_blend__hover=&#8220;overlay&#8220; theme_builder_area=&#8220;post_content&#8220;]<\/p>\n<h3>Portogallo<\/h3>\n<h2>Aquarius Geladaria<\/h2>\n<p><a href=\"https:\/\/www.gaggio.net\/ombrelloni\/flash\/\">Scopri Flash<\/a><\/p>\n<p>[\/et_pb_text][\/et_pb_column][\/et_pb_row][et_pb_row column_structure=&#8220;1_3,1_3,1_3&#8243; use_custom_gutter=&#8220;on&#8220; gutter_width=&#8220;1&#8243; make_equal=&#8220;on&#8220; _builder_version=&#8220;4.4.8&#8243; width=&#8220;100%&#8220; max_width=&#8220;100%&#8220; custom_margin=&#8220;0px||0px||true|false&#8220; custom_padding=&#8220;0px||0px||true|false&#8220; global_colors_info=&#8220;{}&#8220; theme_builder_area=&#8220;post_content&#8220;][et_pb_column type=&#8220;1_3&#8243; _builder_version=&#8220;4.4.8&#8243; global_colors_info=&#8220;{}&#8220; theme_builder_area=&#8220;post_content&#8220;][et_pb_text module_class=&#8220;flex-center text-hover white-link-underline parasol-installation&#8220; _builder_version=&#8220;4.6.2&#8243; text_font=&#8220;|300|||||||&#8220; header_2_font=&#8220;|700|||||||&#8220; header_2_font_size=&#8220;28px&#8220; header_3_font=&#8220;|300||on|||||&#8220; header_3_font_size=&#8220;13px&#8220; background_enable_color=&#8220;off&#8220; background_image=&#8220;https:\/\/www.gaggio.net\/wp-content\/uploads\/2020\/10\/11_Maxipro-LaPerlaNera-Jesolo-1.jpg&#8220; text_orientation=&#8220;center&#8220; background_layout=&#8220;dark&#8220; min_height=&#8220;400px&#8220; custom_padding=&#8220;5%|5%|5%|5%|true|true&#8220; global_module=&#8220;5143&#8243; saved_tabs=&#8220;all&#8220; global_colors_info=&#8220;{}&#8220; background__hover_enabled=&#8220;on|hover&#8220; background_color__hover=&#8220;rgba(0,0,0,0.6)&#8220; background_enable_color__hover=&#8220;on&#8220; background_blend__hover=&#8220;overlay&#8220; theme_builder_area=&#8220;post_content&#8220;]<\/p>\n<h3>Italia<\/h3>\n<h2>La Perla Nera<\/h2>\n<p><a href=\"https:\/\/www.gaggio.net\/ombrelloni\/maxipro\/\">Scopri Maxipro<\/a><\/p>\n<p>[\/et_pb_text][\/et_pb_column][et_pb_column type=&#8220;1_3&#8243; _builder_version=&#8220;4.4.8&#8243; global_colors_info=&#8220;{}&#8220; theme_builder_area=&#8220;post_content&#8220;][et_pb_text module_class=&#8220;flex-center text-hover white-link-underline parasol-installation&#8220; _builder_version=&#8220;4.6.2&#8243; text_font=&#8220;|300|||||||&#8220; header_2_font=&#8220;|700|||||||&#8220; header_2_font_size=&#8220;28px&#8220; header_3_font=&#8220;|300||on|||||&#8220; header_3_font_size=&#8220;13px&#8220; background_enable_color=&#8220;off&#8220; background_image=&#8220;https:\/\/www.gaggio.net\/wp-content\/uploads\/2020\/10\/1-Decentrato-PankoBar-BarcellonaSpagna.jpg&#8220; text_orientation=&#8220;center&#8220; background_layout=&#8220;dark&#8220; min_height=&#8220;400px&#8220; custom_padding=&#8220;5%|5%|5%|5%|true|true&#8220; global_module=&#8220;5218&#8243; saved_tabs=&#8220;all&#8220; global_colors_info=&#8220;{}&#8220; background__hover_enabled=&#8220;on|hover&#8220; background_color__hover=&#8220;rgba(0,0,0,0.6)&#8220; background_enable_color__hover=&#8220;on&#8220; background_blend__hover=&#8220;overlay&#8220; theme_builder_area=&#8220;post_content&#8220;]<\/p>\n<h3>Spagna<\/h3>\n<h2>Panko Bar<\/h2>\n<p><a href=\"https:\/\/www.gaggio.net\/ombrelloni\/decentrato\/\">Scopri Decentrato<\/a><\/p>\n<p>[\/et_pb_text][\/et_pb_column][et_pb_column type=&#8220;1_3&#8243; _builder_version=&#8220;4.4.8&#8243; global_colors_info=&#8220;{}&#8220; theme_builder_area=&#8220;post_content&#8220;][et_pb_text module_class=&#8220;flex-center text-hover white-link-underline parasol-installation&#8220; _builder_version=&#8220;4.7.7&#8243; text_font=&#8220;|300|||||||&#8220; header_2_font=&#8220;|700|||||||&#8220; header_2_font_size=&#8220;28px&#8220; header_3_font=&#8220;|300||on|||||&#8220; header_3_font_size=&#8220;14px&#8220; background_enable_color=&#8220;off&#8220; background_image=&#8220;https:\/\/www.gaggio.net\/wp-content\/uploads\/2020\/06\/Gaggio-ombrelloni-malmo.jpg&#8220; text_orientation=&#8220;center&#8220; background_layout=&#8220;dark&#8220; min_height=&#8220;400px&#8220; custom_padding=&#8220;5%|5%|5%|5%|true|true&#8220; link_option_url=&#8220;https:\/\/www.gaggio.net\/en\/ombrelloni\/swing\/&#8220; global_module=&#8220;5761&#8243; saved_tabs=&#8220;all&#8220; global_colors_info=&#8220;{}&#8220; background_color__hover=&#8220;rgba(0,0,0,0.6)&#8220; background__hover_enabled=&#8220;on|hover&#8220; background_enable_color__hover=&#8220;on&#8220; background_blend__hover=&#8220;overlay&#8220; theme_builder_area=&#8220;post_content&#8220;]<\/p>\n<h3>Svezia<\/h3>\n<h2>Malm\u00f6s Vinebar<\/h2>\n<p><a href=\"https:\/\/www.gaggio.net\/ombrelloni\/swing\/\">Scopri Swing<\/a><\/p>\n<p>[\/et_pb_text][\/et_pb_column][\/et_pb_row][\/et_pb_section]<\/p>\n","protected":false},"excerpt":{"rendered":"<p>SONNENSCHIRME F\u00dcR HOTELS UND RESORTS Um den Bed\u00fcrfnissen des Hotel- und Bauernhofsektors gerecht zu werden, haben wir vor allem eines im Blick: das Wohlbefinden Ihrer G\u00e4ste.Das Sortiment umfasst verschiedene Modelle von Mittelstockschirmen, darunter ausziehbare Sonnenschirme, Riesenschirme, Seitenarmschirme, einziehbare Sonnenschirme oder solche, die je nach Sonnenstand um 360\u00b0 gedreht werden k\u00f6nnen. Die Auswahl reicht von kleinen [&hellip;]<\/p>\n","protected":false},"author":1,"featured_media":0,"parent":11187,"menu_order":0,"comment_status":"closed","ping_status":"closed","template":"","meta":{"_et_pb_use_builder":"on","_et_pb_old_content":"","_et_gb_content_width":"","footnotes":""},"class_list":["post-11718","page","type-page","status-publish","hentry"],"yoast_head":"<!-- This site is optimized with the Yoast SEO plugin v27.3 - https:\/\/yoast.com\/product\/yoast-seo-wordpress\/ -->\n<title>SONNENSCHIRME F\u00dcR HOTELS UND RESORTS - Gaggio<\/title>\n<meta name=\"robots\" content=\"index, follow, max-snippet:-1, max-image-preview:large, max-video-preview:-1\" \/>\n<link rel=\"canonical\" href=\"https:\/\/www.gaggio.net\/prodotti\/ombrelloni-per-hotel-e-resort\/\" \/>\n<meta property=\"og:locale\" content=\"de_DE\" \/>\n<meta property=\"og:type\" content=\"article\" \/>\n<meta property=\"og:title\" content=\"SONNENSCHIRME F\u00dcR HOTELS UND RESORTS - Gaggio\" \/>\n<meta property=\"og:description\" content=\"SONNENSCHIRME F\u00dcR HOTELS UND RESORTS Um den Bed\u00fcrfnissen des Hotel- und Bauernhofsektors gerecht zu werden, haben wir vor allem eines im Blick: das Wohlbefinden Ihrer G\u00e4ste.Das Sortiment umfasst verschiedene Modelle von Mittelstockschirmen, darunter ausziehbare Sonnenschirme, Riesenschirme, Seitenarmschirme, einziehbare Sonnenschirme oder solche, die je nach Sonnenstand um 360\u00b0 gedreht werden k\u00f6nnen. Die Auswahl reicht von kleinen [&hellip;]\" \/>\n<meta property=\"og:url\" content=\"https:\/\/www.gaggio.net\/prodotti\/ombrelloni-per-hotel-e-resort\/\" \/>\n<meta property=\"og:site_name\" content=\"Gaggio\" \/>\n<meta property=\"article:modified_time\" content=\"2022-01-04T16:16:46+00:00\" \/>\n<meta name=\"twitter:card\" content=\"summary_large_image\" \/>\n<meta name=\"twitter:label1\" content=\"Gesch\u00e4tzte Lesezeit\" \/>\n\t<meta name=\"twitter:data1\" content=\"9\u00a0Minuten\" \/>\n<script type=\"application\/ld+json\" class=\"yoast-schema-graph\">{\"@context\":\"https:\\\/\\\/schema.org\",\"@graph\":[{\"@type\":\"WebPage\",\"@id\":\"https:\\\/\\\/www.gaggio.net\\\/prodotti\\\/ombrelloni-per-hotel-e-resort\\\/\",\"url\":\"https:\\\/\\\/www.gaggio.net\\\/prodotti\\\/ombrelloni-per-hotel-e-resort\\\/\",\"name\":\"SONNENSCHIRME F\u00dcR HOTELS UND RESORTS - Gaggio\",\"isPartOf\":{\"@id\":\"\\\/#website\"},\"datePublished\":\"2022-01-04T14:53:27+00:00\",\"dateModified\":\"2022-01-04T16:16:46+00:00\",\"breadcrumb\":{\"@id\":\"https:\\\/\\\/www.gaggio.net\\\/prodotti\\\/ombrelloni-per-hotel-e-resort\\\/#breadcrumb\"},\"inLanguage\":\"de\",\"potentialAction\":[{\"@type\":\"ReadAction\",\"target\":[\"https:\\\/\\\/www.gaggio.net\\\/prodotti\\\/ombrelloni-per-hotel-e-resort\\\/\"]}]},{\"@type\":\"BreadcrumbList\",\"@id\":\"https:\\\/\\\/www.gaggio.net\\\/prodotti\\\/ombrelloni-per-hotel-e-resort\\\/#breadcrumb\",\"itemListElement\":[{\"@type\":\"ListItem\",\"position\":1,\"name\":\"Home\",\"item\":\"https:\\\/\\\/www.gaggio.net\\\/\"},{\"@type\":\"ListItem\",\"position\":2,\"name\":\"Produkte\",\"item\":\"https:\\\/\\\/www.gaggio.net\\\/de\\\/produkte\\\/\"},{\"@type\":\"ListItem\",\"position\":3,\"name\":\"SONNENSCHIRME F\u00dcR HOTELS UND RESORTS\"}]},{\"@type\":\"WebSite\",\"@id\":\"\\\/#website\",\"url\":\"\\\/\",\"name\":\"Gaggio\",\"description\":\"Gaggio\",\"potentialAction\":[{\"@type\":\"SearchAction\",\"target\":{\"@type\":\"EntryPoint\",\"urlTemplate\":\"\\\/?s={search_term_string}\"},\"query-input\":{\"@type\":\"PropertyValueSpecification\",\"valueRequired\":true,\"valueName\":\"search_term_string\"}}],\"inLanguage\":\"de\"}]}<\/script>\n<!-- \/ Yoast SEO plugin. -->","yoast_head_json":{"title":"SONNENSCHIRME F\u00dcR HOTELS UND RESORTS - Gaggio","robots":{"index":"index","follow":"follow","max-snippet":"max-snippet:-1","max-image-preview":"max-image-preview:large","max-video-preview":"max-video-preview:-1"},"canonical":"https:\/\/www.gaggio.net\/prodotti\/ombrelloni-per-hotel-e-resort\/","og_locale":"de_DE","og_type":"article","og_title":"SONNENSCHIRME F\u00dcR HOTELS UND RESORTS - Gaggio","og_description":"SONNENSCHIRME F\u00dcR HOTELS UND RESORTS Um den Bed\u00fcrfnissen des Hotel- und Bauernhofsektors gerecht zu werden, haben wir vor allem eines im Blick: das Wohlbefinden Ihrer G\u00e4ste.Das Sortiment umfasst verschiedene Modelle von Mittelstockschirmen, darunter ausziehbare Sonnenschirme, Riesenschirme, Seitenarmschirme, einziehbare Sonnenschirme oder solche, die je nach Sonnenstand um 360\u00b0 gedreht werden k\u00f6nnen. Die Auswahl reicht von kleinen [&hellip;]","og_url":"https:\/\/www.gaggio.net\/prodotti\/ombrelloni-per-hotel-e-resort\/","og_site_name":"Gaggio","article_modified_time":"2022-01-04T16:16:46+00:00","twitter_card":"summary_large_image","twitter_misc":{"Gesch\u00e4tzte Lesezeit":"9\u00a0Minuten"},"schema":{"@context":"https:\/\/schema.org","@graph":[{"@type":"WebPage","@id":"https:\/\/www.gaggio.net\/prodotti\/ombrelloni-per-hotel-e-resort\/","url":"https:\/\/www.gaggio.net\/prodotti\/ombrelloni-per-hotel-e-resort\/","name":"SONNENSCHIRME F\u00dcR HOTELS UND RESORTS - Gaggio","isPartOf":{"@id":"\/#website"},"datePublished":"2022-01-04T14:53:27+00:00","dateModified":"2022-01-04T16:16:46+00:00","breadcrumb":{"@id":"https:\/\/www.gaggio.net\/prodotti\/ombrelloni-per-hotel-e-resort\/#breadcrumb"},"inLanguage":"de","potentialAction":[{"@type":"ReadAction","target":["https:\/\/www.gaggio.net\/prodotti\/ombrelloni-per-hotel-e-resort\/"]}]},{"@type":"BreadcrumbList","@id":"https:\/\/www.gaggio.net\/prodotti\/ombrelloni-per-hotel-e-resort\/#breadcrumb","itemListElement":[{"@type":"ListItem","position":1,"name":"Home","item":"https:\/\/www.gaggio.net\/"},{"@type":"ListItem","position":2,"name":"Produkte","item":"https:\/\/www.gaggio.net\/de\/produkte\/"},{"@type":"ListItem","position":3,"name":"SONNENSCHIRME F\u00dcR HOTELS UND RESORTS"}]},{"@type":"WebSite","@id":"\/#website","url":"\/","name":"Gaggio","description":"Gaggio","potentialAction":[{"@type":"SearchAction","target":{"@type":"EntryPoint","urlTemplate":"\/?s={search_term_string}"},"query-input":{"@type":"PropertyValueSpecification","valueRequired":true,"valueName":"search_term_string"}}],"inLanguage":"de"}]}},"_links":{"self":[{"href":"https:\/\/www.gaggio.net\/de\/wp-json\/wp\/v2\/pages\/11718","targetHints":{"allow":["GET"]}}],"collection":[{"href":"https:\/\/www.gaggio.net\/de\/wp-json\/wp\/v2\/pages"}],"about":[{"href":"https:\/\/www.gaggio.net\/de\/wp-json\/wp\/v2\/types\/page"}],"author":[{"embeddable":true,"href":"https:\/\/www.gaggio.net\/de\/wp-json\/wp\/v2\/users\/1"}],"replies":[{"embeddable":true,"href":"https:\/\/www.gaggio.net\/de\/wp-json\/wp\/v2\/comments?post=11718"}],"version-history":[{"count":14,"href":"https:\/\/www.gaggio.net\/de\/wp-json\/wp\/v2\/pages\/11718\/revisions"}],"predecessor-version":[{"id":11857,"href":"https:\/\/www.gaggio.net\/de\/wp-json\/wp\/v2\/pages\/11718\/revisions\/11857"}],"up":[{"embeddable":true,"href":"https:\/\/www.gaggio.net\/de\/wp-json\/wp\/v2\/pages\/11187"}],"wp:attachment":[{"href":"https:\/\/www.gaggio.net\/de\/wp-json\/wp\/v2\/media?parent=11718"}],"curies":[{"name":"wp","href":"https:\/\/api.w.org\/{rel}","templated":true}]}}