{"id":11818,"date":"2022-01-04T16:24:53","date_gmt":"2022-01-04T15:24:53","guid":{"rendered":"https:\/\/www.gaggio.net\/produkte\/sonnenschirme-fuer-skigebiete-und-berge\/"},"modified":"2022-02-04T11:55:46","modified_gmt":"2022-02-04T10:55:46","slug":"sonnenschirme-fuer-skigebiete-und-berge","status":"publish","type":"page","link":"https:\/\/www.gaggio.net\/de\/produkte\/sonnenschirme-fuer-skigebiete-und-berge\/","title":{"rendered":"SONNENSCHIRME F\u00dcR SKIGEBIETE UND BERGE"},"content":{"rendered":"<p>[et_pb_section fb_built=&#8220;1&#8243; custom_padding_last_edited=&#8220;on|phone&#8220; module_class=&#8220;sezione-descrizione header-categorie&#8220; _builder_version=&#8220;4.6.6&#8243; background_enable_image=&#8220;off&#8220; custom_padding=&#8220;250px||0px||false|false&#8220; custom_padding_tablet=&#8220;200px||||false|false&#8220; custom_padding_phone=&#8220;150px||||false|false&#8220; global_colors_info=&#8220;{}&#8220; theme_builder_area=&#8220;post_content&#8220;][et_pb_row module_class=&#8220;testo-categoria&#8220; _builder_version=&#8220;4.6.2&#8243; custom_padding=&#8220;0px|||||&#8220; global_colors_info=&#8220;{}&#8220; theme_builder_area=&#8220;post_content&#8220;][et_pb_column type=&#8220;4_4&#8243; _builder_version=&#8220;4.4.8&#8243; global_colors_info=&#8220;{}&#8220; theme_builder_area=&#8220;post_content&#8220;][et_pb_text module_class=&#8220;padding-title&#8220; _builder_version=&#8220;4.6.2&#8243; header_font=&#8220;|700|||||||&#8220; header_font_size=&#8220;38px&#8220; header_3_font=&#8220;|300||on|||||&#8220; header_3_font_size=&#8220;14px&#8220; text_orientation=&#8220;center&#8220; width=&#8220;100%&#8220; width_tablet=&#8220;100%&#8220; width_phone=&#8220;&#8220; width_last_edited=&#8220;on|tablet&#8220; max_width=&#8220;1100px&#8220; module_alignment=&#8220;center&#8220; custom_margin=&#8220;||0px||false|false&#8220; custom_padding=&#8220;||0px||false|false&#8220; global_colors_info=&#8220;{}&#8220; theme_builder_area=&#8220;post_content&#8220;]<\/p>\n<h3>SONNENSCHIRME F\u00dcR SKIGEBIETE UND BERGE<\/h3>\n<h1>Leistungsstarke Profi-Schirme, die wetterfest, schneefest, wasserdicht undsonnenbest\u00e4ndigsind<\/h1>\n<p>[\/et_pb_text][et_pb_text _builder_version=&#8220;4.7.7&#8243; text_font=&#8220;|300|||||||&#8220; text_orientation=&#8220;center&#8220; width=&#8220;100%&#8220; width_tablet=&#8220;100%&#8220; width_phone=&#8220;&#8220; width_last_edited=&#8220;on|tablet&#8220; max_width=&#8220;1100px&#8220; module_alignment=&#8220;center&#8220; custom_padding=&#8220;20px||||false|false&#8220; global_colors_info=&#8220;{}&#8220; theme_builder_area=&#8220;post_content&#8220;]<\/p>\n<p>Skigebiete, Bergh\u00fctten und andere Aktivit\u00e4ten in Berggebieten haben die Besonderheit, ihre G\u00e4ste sowohl im Winter als auch im Sommer zu empfangen und m\u00fcssen daher ihre G\u00e4ste unter leistungsstarken Abdeckungen unterbringen, die resistent gegen Wetter, Schnee, Wasser und Sonne sind. Die Schirme, die wir f\u00fcr diese Aktivit\u00e4ten empfehlen, sind Mittelstockschirme aus den Linien PROFESSIONAL und MAXIPRO und die Riesenschirme aus der Serie GOLIA, die zu einer eleganten Au\u00dfenabdeckung f\u00fcr eine Chalet-Terrasse werden k\u00f6nnen. Wenn Sie eine platzsparende Terrasse w\u00fcnschen, empfehlen wir die Seitenarmschirme SWING und VENEZIA. Einige Schirmmodelle sind mit einem speziellen Aluminiumprofil mitOgiveausgestattet, das es erm\u00f6glicht, den Stoff direkt in die Latte einzuf\u00fchren, wodurch die Leistung des Schirms gegen Belastung, Wasser, Wind und Schnee verbessert wird.    <\/p>\n<p>Der gesamte Bereich ruht auf sehr starken Sockeln, die ein Umkippen der Konstruktion bei Windbelastung verhindern. Die N\u00e4hte der Schirme sind WATERSAFE, d.h. sie werden einer speziellen Impr\u00e4gnierung unterzogen, \u00e4hnlich den getapten N\u00e4hten bei technischer Skibekleidung, die das unvermeidliche Austreten von Wasser aus den N\u00e4htenumbis zu 98% reduziert. DieSchirmek\u00f6nnen mit Rinnen zur Wasserableitung oder im Winter mit speziellen japanischen kristallisierten Seitenteilen ausgestattet werden, die mit abnehmbaren Rei\u00dfverschl\u00fcssen an den Schirmklappen befestigt werden (SAFE ZIP). Um Ihren G\u00e4sten ein aufregendes Erlebnis in Ihren Einrichtungen zu bieten, k\u00f6nnen die Sonnenschirme mit 1500-Watt-Infrarotstrahlern ausgestattet werden, die mit einem drehbaren Haken zur Befestigung unter Sonnenschirmen oder LED-Beleuchtungssystemen, einschlie\u00dflich RGB, geschwenkt werden k\u00f6nnen. Alle von uns empfohlenen Stoffe sind aus der DESIGN + PERFORMANCE-Linie mit nautischem Harz, wasserdicht und schmutzabweisend, oder das Black-Out-PVC der TECHNOLOGY-Linie, beidseitig lackiert, wasserdicht und verschwei\u00dft, leicht zu handhaben, schmutzabweisend, feuerfest.    <\/p>\n<p>[\/et_pb_text][\/et_pb_column][\/et_pb_row][\/et_pb_section][et_pb_section fb_built=&#8220;1&#8243; custom_padding_last_edited=&#8220;on|tablet&#8220; module_id=&#8220;portfolio&#8220; module_class=&#8220;sezione-portfolio&#8220; _builder_version=&#8220;4.6.2&#8243; custom_padding=&#8220;0px||100px||false|false&#8220; custom_padding_tablet=&#8220;||50px||false|false&#8220; custom_padding_phone=&#8220;||0px||false|false&#8220; global_colors_info=&#8220;{}&#8220; theme_builder_area=&#8220;post_content&#8220;][et_pb_row use_custom_gutter=&#8220;on&#8220; gutter_width=&#8220;1&#8243; _builder_version=&#8220;4.6.2&#8243; _module_preset=&#8220;default&#8220; custom_padding=&#8220;||35px|||&#8220; global_colors_info=&#8220;{}&#8220; theme_builder_area=&#8220;post_content&#8220;][et_pb_column type=&#8220;4_4&#8243; module_class=&#8220;pulsanti-allineati&#8220; _builder_version=&#8220;4.6.2&#8243; _module_preset=&#8220;default&#8220; custom_padding=&#8220;|5px||5px|false|true&#8220; global_colors_info=&#8220;{}&#8220; theme_builder_area=&#8220;post_content&#8220;][et_pb_button button_url=&#8220;https:\/\/www.gaggio.net\/de\/produkte\/&#8220; button_text=&#8220;ZU ALLEN SONNENSCHIRMEN GEHEN&#8220; button_alignment_tablet=&#8220;center&#8220; button_alignment_phone=&#8220;&#8220; button_alignment_last_edited=&#8220;on|desktop&#8220; _builder_version=&#8220;4.6.2&#8243; _module_preset=&#8220;default&#8220; custom_button=&#8220;on&#8220; button_text_size=&#8220;14px&#8220; button_text_color=&#8220;#ffffff&#8220; button_bg_color=&#8220;#575756&#8243; button_border_color=&#8220;#575756&#8243; button_border_radius=&#8220;20px&#8220; button_use_icon=&#8220;off&#8220; custom_margin=&#8220;|5px|10px|5px|false|true&#8220; custom_padding=&#8220;5px|15px|5px|15px|true|true&#8220; global_colors_info=&#8220;{}&#8220; button_bg_color__hover_enabled=&#8220;on|hover&#8220; button_bg_color__hover=&#8220;#e42620&#8243; button_bg_enable_color__hover=&#8220;on&#8220; button_border_color__hover_enabled=&#8220;on|hover&#8220; button_border_color__hover=&#8220;#e42620&#8243; theme_builder_area=&#8220;post_content&#8220;][\/et_pb_button][et_pb_button button_url=&#8220;#portfolio&#8220; button_text=&#8220;SONNENSCHIRME F\u00dcR SKIGEBIETE UND BERGE&#8220; button_alignment_tablet=&#8220;center&#8220; button_alignment_phone=&#8220;&#8220; button_alignment_last_edited=&#8220;on|tablet&#8220; _builder_version=&#8220;4.6.2&#8243; _module_preset=&#8220;default&#8220; custom_button=&#8220;on&#8220; button_text_size=&#8220;14px&#8220; button_text_color=&#8220;#ffffff&#8220; button_bg_color=&#8220;#e42620&#8243; button_border_color=&#8220;#e42620&#8243; button_border_radius=&#8220;20px&#8220; button_use_icon=&#8220;off&#8220; custom_margin=&#8220;|5px||5px|false|true&#8220; custom_padding=&#8220;5px|15px|5px|15px|true|true&#8220; global_colors_info=&#8220;{}&#8220; button_bg_color__hover_enabled=&#8220;on|hover&#8220; button_bg_color__hover=&#8220;#e42620&#8243; button_bg_enable_color__hover=&#8220;on&#8220; button_border_color__hover_enabled=&#8220;on|hover&#8220; button_border_color__hover=&#8220;#e42620&#8243; theme_builder_area=&#8220;post_content&#8220;][\/et_pb_button][\/et_pb_column][\/et_pb_row][et_pb_row _builder_version=&#8220;4.4.8&#8243; width=&#8220;90%&#8220; global_colors_info=&#8220;{}&#8220; theme_builder_area=&#8220;post_content&#8220;][et_pb_column type=&#8220;4_4&#8243; _builder_version=&#8220;4.4.8&#8243; global_colors_info=&#8220;{}&#8220; theme_builder_area=&#8220;post_content&#8220;][et_pb_portfolio fullwidth=&#8220;off&#8220; include_categories=&#8220;29&#8243; show_categories=&#8220;off&#8220; show_pagination=&#8220;off&#8220; _builder_version=&#8220;4.6.2&#8243; title_font=&#8220;|||on|||||&#8220; title_font_size=&#8220;16px&#8220; text_orientation=&#8220;center&#8220; border_radii_image=&#8220;on|5px|5px|5px|5px&#8220; global_colors_info=&#8220;{}&#8220; theme_builder_area=&#8220;post_content&#8220;][\/et_pb_portfolio][\/et_pb_column][\/et_pb_row][\/et_pb_section][et_pb_section fb_built=&#8220;1&#8243; module_id=&#8220;gallery&#8220; _builder_version=&#8220;4.4.8&#8243; custom_padding=&#8220;0px||0px||false|false&#8220; global_colors_info=&#8220;{}&#8220; theme_builder_area=&#8220;post_content&#8220;][et_pb_row module_class=&#8220;black-link&#8220; _builder_version=&#8220;4.6.2&#8243; custom_margin=&#8220;50px||||false|false&#8220; custom_padding=&#8220;||0px|||&#8220; global_colors_info=&#8220;{}&#8220; theme_builder_area=&#8220;post_content&#8220;][et_pb_column type=&#8220;4_4&#8243; _builder_version=&#8220;4.4.8&#8243; global_colors_info=&#8220;{}&#8220; theme_builder_area=&#8220;post_content&#8220;][et_pb_text _builder_version=&#8220;4.6.2&#8243; text_font=&#8220;|||on|||||&#8220; text_orientation=&#8220;center&#8220; custom_margin=&#8220;||20px||false|false&#8220; global_colors_info=&#8220;{}&#8220; theme_builder_area=&#8220;post_content&#8220;]<\/p>\n<p><a href=\"#gallery\">SEHEN SIE EINIGE UNSERER ERFOLGE<\/a><\/p>\n<p>[\/et_pb_text][et_pb_blurb url=&#8220;#gallery&#8220; use_icon=&#8220;on&#8220; font_icon=&#8220;&#x22;||divi||400&#8243; icon_color=&#8220;#000000&#8243; image_icon_width=&#8220;32px&#8220; _builder_version=&#8220;4.13.0&#8243; transform_translate_linked__hover=&#8220;off&#8220; icon_font_size=&#8220;32px&#8220; global_colors_info=&#8220;{}&#8220; transform_styles__hover_enabled=&#8220;on|hover&#8220; transform_scale__hover_enabled=&#8220;on|hover&#8220; transform_translate__hover_enabled=&#8220;on|desktop&#8220; transform_rotate__hover_enabled=&#8220;on|desktop&#8220; transform_skew__hover_enabled=&#8220;on|desktop&#8220; transform_origin__hover_enabled=&#8220;on|desktop&#8220; transform_translate__hover=&#8220;0px|10px&#8220; theme_builder_area=&#8220;post_content&#8220;][\/et_pb_blurb][\/et_pb_column][\/et_pb_row][et_pb_row column_structure=&#8220;1_3,1_3,1_3&#8243; use_custom_gutter=&#8220;on&#8220; gutter_width=&#8220;1&#8243; make_equal=&#8220;on&#8220; _builder_version=&#8220;4.4.8&#8243; width=&#8220;100%&#8220; max_width=&#8220;100%&#8220; custom_margin=&#8220;0px||0px||true|false&#8220; custom_padding=&#8220;0px||0px||true|false&#8220; global_colors_info=&#8220;{}&#8220; theme_builder_area=&#8220;post_content&#8220;][et_pb_column type=&#8220;1_3&#8243; _builder_version=&#8220;4.4.8&#8243; global_colors_info=&#8220;{}&#8220; theme_builder_area=&#8220;post_content&#8220;][et_pb_text module_class=&#8220;flex-center text-hover white-link-underline parasol-installation&#8220; _builder_version=&#8220;4.6.2&#8243; text_font=&#8220;|300|||||||&#8220; header_2_font=&#8220;|700|||||||&#8220; header_2_font_size=&#8220;28px&#8220; header_3_font=&#8220;|300||on|||||&#8220; header_3_font_size=&#8220;13px&#8220; background_enable_color=&#8220;off&#8220; background_image=&#8220;https:\/\/www.gaggio.net\/wp-content\/uploads\/2020\/10\/1_Professional_VillaMorolin_Veneto.jpg&#8220; text_orientation=&#8220;center&#8220; background_layout=&#8220;dark&#8220; min_height=&#8220;400px&#8220; custom_padding=&#8220;5%|5%|5%|5%|true|true&#8220; global_module=&#8220;5165&#8243; saved_tabs=&#8220;all&#8220; global_colors_info=&#8220;{}&#8220; background__hover_enabled=&#8220;on|hover&#8220; background_color__hover=&#8220;rgba(0,0,0,0.6)&#8220; background_enable_color__hover=&#8220;on&#8220; background_blend__hover=&#8220;overlay&#8220; theme_builder_area=&#8220;post_content&#8220;]<\/p>\n<h3>Italia<\/h3>\n<h2>Villa Morolin<\/h2>\n<p><a href=\"https:\/\/www.gaggio.net\/ombrelloni\/professional\/\">Scopri Professional<\/a><\/p>\n<p>[\/et_pb_text][\/et_pb_column][et_pb_column type=&#8220;1_3&#8243; _builder_version=&#8220;4.4.8&#8243; global_colors_info=&#8220;{}&#8220; theme_builder_area=&#8220;post_content&#8220;][et_pb_text module_class=&#8220;flex-center text-hover white-link-underline parasol-installation&#8220; _builder_version=&#8220;4.6.2&#8243; text_font=&#8220;|300|||||||&#8220; header_2_font=&#8220;|700|||||||&#8220; header_2_font_size=&#8220;28px&#8220; header_3_font=&#8220;|300||on|||||&#8220; header_3_font_size=&#8220;13px&#8220; background_enable_color=&#8220;off&#8220; background_image=&#8220;https:\/\/www.gaggio.net\/wp-content\/uploads\/2020\/10\/7_Maxipro-Hotel-Splendide-Royal-Lugano-1-1.jpg&#8220; text_orientation=&#8220;center&#8220; background_layout=&#8220;dark&#8220; min_height=&#8220;400px&#8220; custom_padding=&#8220;5%|5%|5%|5%|true|true&#8220; global_module=&#8220;5136&#8243; saved_tabs=&#8220;all&#8220; global_colors_info=&#8220;{}&#8220; background__hover_enabled=&#8220;on|hover&#8220; background_color__hover=&#8220;rgba(0,0,0,0.6)&#8220; background_enable_color__hover=&#8220;on&#8220; background_blend__hover=&#8220;overlay&#8220; theme_builder_area=&#8220;post_content&#8220;]<\/p>\n<h3>Svizzera<\/h3>\n<h2>Hotel Splendide Royal<\/h2>\n<p><a href=\"https:\/\/www.gaggio.net\/ombrelloni\/maxipro\/\">Scopri Maxipro<\/a><\/p>\n<p>[\/et_pb_text][\/et_pb_column][et_pb_column type=&#8220;1_3&#8243; _builder_version=&#8220;4.4.8&#8243; global_colors_info=&#8220;{}&#8220; theme_builder_area=&#8220;post_content&#8220;][et_pb_text module_class=&#8220;flex-center text-hover white-link-underline parasol-installation&#8220; _builder_version=&#8220;4.6.2&#8243; text_font=&#8220;|300|||||||&#8220; header_2_font=&#8220;|700|||||||&#8220; header_2_font_size=&#8220;28px&#8220; header_3_font=&#8220;|300||on|||||&#8220; header_3_font_size=&#8220;13px&#8220; background_enable_color=&#8220;off&#8220; background_image=&#8220;https:\/\/www.gaggio.net\/wp-content\/uploads\/2020\/10\/5-Golia-LagoGhedina-Cortina.jpg&#8220; text_orientation=&#8220;center&#8220; background_layout=&#8220;dark&#8220; min_height=&#8220;400px&#8220; custom_padding=&#8220;5%|5%|5%|5%|true|true&#8220; global_module=&#8220;5202&#8243; global_colors_info=&#8220;{}&#8220; background_color__hover=&#8220;rgba(0,0,0,0.6)&#8220; background__hover_enabled=&#8220;on|hover&#8220; background_enable_color__hover=&#8220;on&#8220; background_blend__hover=&#8220;overlay&#8220; theme_builder_area=&#8220;post_content&#8220;]<\/p>\n<h3>Italia<\/h3>\n<h2>Lago Ghedina<\/h2>\n<p><a href=\"https:\/\/www.gaggio.net\/ombrelloni\/golia\/\">Scopri Golia<\/a><\/p>\n<p>[\/et_pb_text][\/et_pb_column][\/et_pb_row][et_pb_row column_structure=&#8220;1_3,1_3,1_3&#8243; use_custom_gutter=&#8220;on&#8220; gutter_width=&#8220;1&#8243; make_equal=&#8220;on&#8220; _builder_version=&#8220;4.4.8&#8243; width=&#8220;100%&#8220; max_width=&#8220;100%&#8220; custom_margin=&#8220;0px||0px||true|false&#8220; custom_padding=&#8220;0px||0px||true|false&#8220; global_colors_info=&#8220;{}&#8220; theme_builder_area=&#8220;post_content&#8220;][et_pb_column type=&#8220;1_3&#8243; _builder_version=&#8220;4.4.8&#8243; global_colors_info=&#8220;{}&#8220; theme_builder_area=&#8220;post_content&#8220;][et_pb_text module_class=&#8220;flex-center text-hover white-link-underline parasol-installation&#8220; _builder_version=&#8220;4.6.2&#8243; text_font=&#8220;|300|||||||&#8220; header_2_font=&#8220;|700|||||||&#8220; header_2_font_size=&#8220;28px&#8220; header_3_font=&#8220;|300||on|||||&#8220; header_3_font_size=&#8220;13px&#8220; background_enable_color=&#8220;off&#8220; background_image=&#8220;https:\/\/www.gaggio.net\/wp-content\/uploads\/2020\/10\/6-Swing-Masi-Wine-Bar-Cortina.jpg&#8220; text_orientation=&#8220;center&#8220; background_layout=&#8220;dark&#8220; min_height=&#8220;400px&#8220; custom_padding=&#8220;5%|5%|5%|5%|true|true&#8220; global_module=&#8220;5283&#8243; global_colors_info=&#8220;{}&#8220; background_color__hover=&#8220;rgba(0,0,0,0.6)&#8220; background__hover_enabled=&#8220;on|hover&#8220; background_enable_color__hover=&#8220;on&#8220; background_blend__hover=&#8220;overlay&#8220; theme_builder_area=&#8220;post_content&#8220;]<\/p>\n<h3>Italia<\/h3>\n<h2>Masi Wine Bar<\/h2>\n<p><a href=\"https:\/\/www.gaggio.net\/ombrelloni\/swing\/\">Scopri Swing<\/a><\/p>\n<p>[\/et_pb_text][\/et_pb_column][et_pb_column type=&#8220;1_3&#8243; _builder_version=&#8220;4.4.8&#8243; global_colors_info=&#8220;{}&#8220; theme_builder_area=&#8220;post_content&#8220;][et_pb_text module_class=&#8220;flex-center text-hover white-link-underline parasol-installation&#8220; _builder_version=&#8220;4.6.2&#8243; text_font=&#8220;|300|||||||&#8220; header_2_font=&#8220;|700|||||||&#8220; header_2_font_size=&#8220;28px&#8220; header_3_font=&#8220;|300||on|||||&#8220; header_3_font_size=&#8220;13px&#8220; background_enable_color=&#8220;off&#8220; background_image=&#8220;https:\/\/www.gaggio.net\/wp-content\/uploads\/2020\/10\/4-Venezia-Hotel-Cristallo-Cortina.jpg&#8220; text_orientation=&#8220;center&#8220; background_layout=&#8220;dark&#8220; min_height=&#8220;400px&#8220; custom_padding=&#8220;5%|5%|5%|5%|true|true&#8220; global_module=&#8220;5311&#8243; global_colors_info=&#8220;{}&#8220; background__hover_enabled=&#8220;on|hover&#8220; background_color__hover=&#8220;rgba(0,0,0,0.6)&#8220; background_enable_color__hover=&#8220;on&#8220; background_blend__hover=&#8220;overlay&#8220; theme_builder_area=&#8220;post_content&#8220;]<\/p>\n<h3>Italia<\/h3>\n<h2>Hotel Cristallo<\/h2>\n<p><a href=\"https:\/\/www.gaggio.net\/ombrelloni\/venezia\/\">Scopri Venezia<\/a><\/p>\n<p>[\/et_pb_text][\/et_pb_column][et_pb_column type=&#8220;1_3&#8243; _builder_version=&#8220;4.4.8&#8243; global_colors_info=&#8220;{}&#8220; theme_builder_area=&#8220;post_content&#8220;][et_pb_text module_class=&#8220;flex-center text-hover white-link-underline parasol-installation&#8220; _builder_version=&#8220;4.6.2&#8243; text_font=&#8220;|300|||||||&#8220; header_2_font=&#8220;|700|||||||&#8220; header_2_font_size=&#8220;28px&#8220; header_3_font=&#8220;|300||on|||||&#8220; header_3_font_size=&#8220;13px&#8220; background_enable_color=&#8220;off&#8220; background_image=&#8220;https:\/\/www.gaggio.net\/wp-content\/uploads\/2020\/10\/3_Maxipro_MasiWineBar_Cortina-1.jpg&#8220; text_orientation=&#8220;center&#8220; background_layout=&#8220;dark&#8220; min_height=&#8220;400px&#8220; custom_padding=&#8220;5%|5%|5%|5%|true|true&#8220; global_module=&#8220;5128&#8243; global_colors_info=&#8220;{}&#8220; background__hover_enabled=&#8220;on|hover&#8220; background_color__hover=&#8220;rgba(0,0,0,0.6)&#8220; background_enable_color__hover=&#8220;on&#8220; background_blend__hover=&#8220;overlay&#8220; theme_builder_area=&#8220;post_content&#8220;]<\/p>\n<h3>Italia<\/h3>\n<h2>Masi Wine Bar<\/h2>\n<p><a href=\"https:\/\/www.gaggio.net\/ombrelloni\/maxipro\/\">Scopri Maxipro<\/a><\/p>\n<p>[\/et_pb_text][\/et_pb_column][\/et_pb_row][\/et_pb_section]<\/p>\n","protected":false},"excerpt":{"rendered":"<p>SONNENSCHIRME F\u00dcR SKIGEBIETE UND BERGE Leistungsstarke Profi-Schirme, die wetterfest, schneefest, wasserdicht undsonnenbest\u00e4ndigsindSkigebiete, Bergh\u00fctten und andere Aktivit\u00e4ten in Berggebieten haben die Besonderheit, ihre G\u00e4ste sowohl im Winter als auch im Sommer zu empfangen und m\u00fcssen daher ihre G\u00e4ste unter leistungsstarken Abdeckungen unterbringen, die resistent gegen Wetter, Schnee, Wasser und Sonne sind. Die Schirme, die wir f\u00fcr [&hellip;]<\/p>\n","protected":false},"author":1,"featured_media":0,"parent":11187,"menu_order":0,"comment_status":"closed","ping_status":"closed","template":"","meta":{"_et_pb_use_builder":"on","_et_pb_old_content":"","_et_gb_content_width":"","footnotes":""},"class_list":["post-11818","page","type-page","status-publish","hentry"],"yoast_head":"<!-- This site is optimized with the Yoast SEO plugin v27.3 - https:\/\/yoast.com\/product\/yoast-seo-wordpress\/ -->\n<title>SONNENSCHIRME F\u00dcR SKIGEBIETE UND BERGE - Gaggio<\/title>\n<meta name=\"robots\" content=\"index, follow, max-snippet:-1, max-image-preview:large, max-video-preview:-1\" \/>\n<link rel=\"canonical\" href=\"https:\/\/www.gaggio.net\/prodotti\/ombrelloni-per-stazioni-sciistiche-e-montagna\/\" \/>\n<meta property=\"og:locale\" content=\"de_DE\" \/>\n<meta property=\"og:type\" content=\"article\" \/>\n<meta property=\"og:title\" content=\"SONNENSCHIRME F\u00dcR SKIGEBIETE UND BERGE - Gaggio\" \/>\n<meta property=\"og:description\" content=\"SONNENSCHIRME F\u00dcR SKIGEBIETE UND BERGE Leistungsstarke Profi-Schirme, die wetterfest, schneefest, wasserdicht undsonnenbest\u00e4ndigsindSkigebiete, Bergh\u00fctten und andere Aktivit\u00e4ten in Berggebieten haben die Besonderheit, ihre G\u00e4ste sowohl im Winter als auch im Sommer zu empfangen und m\u00fcssen daher ihre G\u00e4ste unter leistungsstarken Abdeckungen unterbringen, die resistent gegen Wetter, Schnee, Wasser und Sonne sind. Die Schirme, die wir f\u00fcr [&hellip;]\" \/>\n<meta property=\"og:url\" content=\"https:\/\/www.gaggio.net\/prodotti\/ombrelloni-per-stazioni-sciistiche-e-montagna\/\" \/>\n<meta property=\"og:site_name\" content=\"Gaggio\" \/>\n<meta property=\"article:modified_time\" content=\"2022-02-04T10:55:46+00:00\" \/>\n<meta name=\"twitter:card\" content=\"summary_large_image\" \/>\n<meta name=\"twitter:label1\" content=\"Gesch\u00e4tzte Lesezeit\" \/>\n\t<meta name=\"twitter:data1\" content=\"9\u00a0Minuten\" \/>\n<script type=\"application\/ld+json\" class=\"yoast-schema-graph\">{\"@context\":\"https:\\\/\\\/schema.org\",\"@graph\":[{\"@type\":\"WebPage\",\"@id\":\"https:\\\/\\\/www.gaggio.net\\\/prodotti\\\/ombrelloni-per-stazioni-sciistiche-e-montagna\\\/\",\"url\":\"https:\\\/\\\/www.gaggio.net\\\/prodotti\\\/ombrelloni-per-stazioni-sciistiche-e-montagna\\\/\",\"name\":\"SONNENSCHIRME F\u00dcR SKIGEBIETE UND BERGE - Gaggio\",\"isPartOf\":{\"@id\":\"\\\/#website\"},\"datePublished\":\"2022-01-04T15:24:53+00:00\",\"dateModified\":\"2022-02-04T10:55:46+00:00\",\"breadcrumb\":{\"@id\":\"https:\\\/\\\/www.gaggio.net\\\/prodotti\\\/ombrelloni-per-stazioni-sciistiche-e-montagna\\\/#breadcrumb\"},\"inLanguage\":\"de\",\"potentialAction\":[{\"@type\":\"ReadAction\",\"target\":[\"https:\\\/\\\/www.gaggio.net\\\/prodotti\\\/ombrelloni-per-stazioni-sciistiche-e-montagna\\\/\"]}]},{\"@type\":\"BreadcrumbList\",\"@id\":\"https:\\\/\\\/www.gaggio.net\\\/prodotti\\\/ombrelloni-per-stazioni-sciistiche-e-montagna\\\/#breadcrumb\",\"itemListElement\":[{\"@type\":\"ListItem\",\"position\":1,\"name\":\"Home\",\"item\":\"https:\\\/\\\/www.gaggio.net\\\/\"},{\"@type\":\"ListItem\",\"position\":2,\"name\":\"Produkte\",\"item\":\"https:\\\/\\\/www.gaggio.net\\\/de\\\/produkte\\\/\"},{\"@type\":\"ListItem\",\"position\":3,\"name\":\"SONNENSCHIRME F\u00dcR SKIGEBIETE UND BERGE\"}]},{\"@type\":\"WebSite\",\"@id\":\"\\\/#website\",\"url\":\"\\\/\",\"name\":\"Gaggio\",\"description\":\"Gaggio\",\"potentialAction\":[{\"@type\":\"SearchAction\",\"target\":{\"@type\":\"EntryPoint\",\"urlTemplate\":\"\\\/?s={search_term_string}\"},\"query-input\":{\"@type\":\"PropertyValueSpecification\",\"valueRequired\":true,\"valueName\":\"search_term_string\"}}],\"inLanguage\":\"de\"}]}<\/script>\n<!-- \/ Yoast SEO plugin. -->","yoast_head_json":{"title":"SONNENSCHIRME F\u00dcR SKIGEBIETE UND BERGE - Gaggio","robots":{"index":"index","follow":"follow","max-snippet":"max-snippet:-1","max-image-preview":"max-image-preview:large","max-video-preview":"max-video-preview:-1"},"canonical":"https:\/\/www.gaggio.net\/prodotti\/ombrelloni-per-stazioni-sciistiche-e-montagna\/","og_locale":"de_DE","og_type":"article","og_title":"SONNENSCHIRME F\u00dcR SKIGEBIETE UND BERGE - Gaggio","og_description":"SONNENSCHIRME F\u00dcR SKIGEBIETE UND BERGE Leistungsstarke Profi-Schirme, die wetterfest, schneefest, wasserdicht undsonnenbest\u00e4ndigsindSkigebiete, Bergh\u00fctten und andere Aktivit\u00e4ten in Berggebieten haben die Besonderheit, ihre G\u00e4ste sowohl im Winter als auch im Sommer zu empfangen und m\u00fcssen daher ihre G\u00e4ste unter leistungsstarken Abdeckungen unterbringen, die resistent gegen Wetter, Schnee, Wasser und Sonne sind. Die Schirme, die wir f\u00fcr [&hellip;]","og_url":"https:\/\/www.gaggio.net\/prodotti\/ombrelloni-per-stazioni-sciistiche-e-montagna\/","og_site_name":"Gaggio","article_modified_time":"2022-02-04T10:55:46+00:00","twitter_card":"summary_large_image","twitter_misc":{"Gesch\u00e4tzte Lesezeit":"9\u00a0Minuten"},"schema":{"@context":"https:\/\/schema.org","@graph":[{"@type":"WebPage","@id":"https:\/\/www.gaggio.net\/prodotti\/ombrelloni-per-stazioni-sciistiche-e-montagna\/","url":"https:\/\/www.gaggio.net\/prodotti\/ombrelloni-per-stazioni-sciistiche-e-montagna\/","name":"SONNENSCHIRME F\u00dcR SKIGEBIETE UND BERGE - Gaggio","isPartOf":{"@id":"\/#website"},"datePublished":"2022-01-04T15:24:53+00:00","dateModified":"2022-02-04T10:55:46+00:00","breadcrumb":{"@id":"https:\/\/www.gaggio.net\/prodotti\/ombrelloni-per-stazioni-sciistiche-e-montagna\/#breadcrumb"},"inLanguage":"de","potentialAction":[{"@type":"ReadAction","target":["https:\/\/www.gaggio.net\/prodotti\/ombrelloni-per-stazioni-sciistiche-e-montagna\/"]}]},{"@type":"BreadcrumbList","@id":"https:\/\/www.gaggio.net\/prodotti\/ombrelloni-per-stazioni-sciistiche-e-montagna\/#breadcrumb","itemListElement":[{"@type":"ListItem","position":1,"name":"Home","item":"https:\/\/www.gaggio.net\/"},{"@type":"ListItem","position":2,"name":"Produkte","item":"https:\/\/www.gaggio.net\/de\/produkte\/"},{"@type":"ListItem","position":3,"name":"SONNENSCHIRME F\u00dcR SKIGEBIETE UND BERGE"}]},{"@type":"WebSite","@id":"\/#website","url":"\/","name":"Gaggio","description":"Gaggio","potentialAction":[{"@type":"SearchAction","target":{"@type":"EntryPoint","urlTemplate":"\/?s={search_term_string}"},"query-input":{"@type":"PropertyValueSpecification","valueRequired":true,"valueName":"search_term_string"}}],"inLanguage":"de"}]}},"_links":{"self":[{"href":"https:\/\/www.gaggio.net\/de\/wp-json\/wp\/v2\/pages\/11818","targetHints":{"allow":["GET"]}}],"collection":[{"href":"https:\/\/www.gaggio.net\/de\/wp-json\/wp\/v2\/pages"}],"about":[{"href":"https:\/\/www.gaggio.net\/de\/wp-json\/wp\/v2\/types\/page"}],"author":[{"embeddable":true,"href":"https:\/\/www.gaggio.net\/de\/wp-json\/wp\/v2\/users\/1"}],"replies":[{"embeddable":true,"href":"https:\/\/www.gaggio.net\/de\/wp-json\/wp\/v2\/comments?post=11818"}],"version-history":[{"count":8,"href":"https:\/\/www.gaggio.net\/de\/wp-json\/wp\/v2\/pages\/11818\/revisions"}],"predecessor-version":[{"id":11982,"href":"https:\/\/www.gaggio.net\/de\/wp-json\/wp\/v2\/pages\/11818\/revisions\/11982"}],"up":[{"embeddable":true,"href":"https:\/\/www.gaggio.net\/de\/wp-json\/wp\/v2\/pages\/11187"}],"wp:attachment":[{"href":"https:\/\/www.gaggio.net\/de\/wp-json\/wp\/v2\/media?parent=11818"}],"curies":[{"name":"wp","href":"https:\/\/api.w.org\/{rel}","templated":true}]}}