{"id":15693,"date":"2023-05-31T17:21:31","date_gmt":"2023-05-31T15:21:31","guid":{"rendered":"https:\/\/www.gaggio.net\/designlinie\/"},"modified":"2023-05-31T18:03:42","modified_gmt":"2023-05-31T16:03:42","slug":"designlinie","status":"publish","type":"page","link":"https:\/\/www.gaggio.net\/de\/produkte\/designlinie\/","title":{"rendered":"DESIGNLINIE"},"content":{"rendered":"<p>[et_pb_section fb_built=&#8220;1&#8243; custom_padding_last_edited=&#8220;on|phone&#8220; module_class=&#8220;sezione-descrizione header-categorie&#8220; _builder_version=&#8220;4.16&#8243; background_enable_image=&#8220;off&#8220; custom_padding=&#8220;250px||0px||false|false&#8220; custom_padding_tablet=&#8220;200px||||false|false&#8220; custom_padding_phone=&#8220;150px||||false|false&#8220; global_colors_info=&#8220;{}&#8220;][et_pb_row module_class=&#8220;testo-categoria&#8220; _builder_version=&#8220;4.16&#8243; custom_padding=&#8220;0px|||||&#8220; global_colors_info=&#8220;{}&#8220;][et_pb_column type=&#8220;4_4&#8243; _builder_version=&#8220;4.16&#8243; global_colors_info=&#8220;{}&#8220;][et_pb_text module_class=&#8220;padding-title&#8220; _builder_version=&#8220;4.17.4&#8243; header_font=&#8220;|700|||||||&#8220; header_font_size=&#8220;38px&#8220; header_3_font=&#8220;|300||on|||||&#8220; header_3_font_size=&#8220;14px&#8220; text_orientation=&#8220;center&#8220; width=&#8220;100%&#8220; width_tablet=&#8220;100%&#8220; width_phone=&#8220;&#8220; width_last_edited=&#8220;on|tablet&#8220; max_width=&#8220;1200px&#8220; module_alignment=&#8220;center&#8220; custom_margin=&#8220;||0px||false|false&#8220; custom_padding=&#8220;||0px||false|false&#8220; global_colors_info=&#8220;{}&#8220;]<\/p>\n<h3>DESIGNLINIE<\/h3>\n<h1>Wenn Funktionalit\u00e4t mit \u00c4sthetik verschmilzt, entstehen im Freien Kunstwerke, die Geschichten zeitloser Eleganz und Sch\u00f6nheit erz\u00e4hlen<\/h1>\n<p>[\/et_pb_text][et_pb_text _builder_version=&#8220;4.17.4&#8243; text_font=&#8220;|300|||||||&#8220; text_orientation=&#8220;center&#8220; width=&#8220;100%&#8220; width_tablet=&#8220;100%&#8220; width_phone=&#8220;&#8220; width_last_edited=&#8220;on|tablet&#8220; max_width=&#8220;1200px&#8220; module_alignment=&#8220;center&#8220; custom_padding=&#8220;20px||||false|false&#8220; global_colors_info=&#8220;{}&#8220;]Unsere Design-Sonnenschirme sind die Protagonisten dieser fesselnden Erz\u00e4hlung und verwandeln Ihren Au\u00dfenbereich in einen magischen und emotionalen Ort. Die Designlinie von Gaggio erfindet das klassische Konzept des Sonnenschirms komplett neu, indem sie \u00c4sthetik, Funktionalit\u00e4t und Beleuchtung verbindet, um k\u00fchne, raffinierte und elegante Designobjekte zu schaffen, die einzigartige Atmosph\u00e4ren hervorrufen. Die Wahl der Designlinie bedeutet, Au\u00dfenbereiche zu schaffen, in denen Sch\u00f6nheit auf Funktionalit\u00e4t trifft und das Gew\u00f6hnliche sich in das Au\u00dfergew\u00f6hnliche verwandelt.[\/et_pb_text][\/et_pb_column][\/et_pb_row][\/et_pb_section][et_pb_section fb_built=&#8220;1&#8243; custom_padding_last_edited=&#8220;on|tablet&#8220; module_id=&#8220;portfolio&#8220; module_class=&#8220;sezione-portfolio&#8220; _builder_version=&#8220;4.16&#8243; custom_padding=&#8220;0px||100px||false|false&#8220; custom_padding_tablet=&#8220;||50px||false|false&#8220; custom_padding_phone=&#8220;||0px||false|false&#8220; global_colors_info=&#8220;{}&#8220;][et_pb_row use_custom_gutter=&#8220;on&#8220; gutter_width=&#8220;1&#8243; _builder_version=&#8220;4.16&#8243; _module_preset=&#8220;default&#8220; custom_padding=&#8220;||35px|||&#8220; global_colors_info=&#8220;{}&#8220;][et_pb_column type=&#8220;4_4&#8243; module_class=&#8220;pulsanti-allineati&#8220; _builder_version=&#8220;4.16&#8243; _module_preset=&#8220;default&#8220; custom_padding=&#8220;|5px||5px|false|true&#8220; global_colors_info=&#8220;{}&#8220;][et_pb_button button_url=&#8220;https:\/\/www.gaggio.net\/de\/produkte\/&#8220; button_text=&#8220;Zu allen Sonnenschirmen gehen&#8220; button_alignment_tablet=&#8220;center&#8220; button_alignment_phone=&#8220;&#8220; button_alignment_last_edited=&#8220;on|desktop&#8220; _builder_version=&#8220;4.17.4&#8243; _module_preset=&#8220;default&#8220; custom_button=&#8220;on&#8220; button_text_size=&#8220;14px&#8220; button_text_color=&#8220;#ffffff&#8220; button_bg_color=&#8220;#575756&#8243; button_border_color=&#8220;#575756&#8243; button_border_radius=&#8220;20px&#8220; button_use_icon=&#8220;off&#8220; custom_margin=&#8220;|5px|10px|5px|false|true&#8220; custom_padding=&#8220;5px|15px|5px|15px|true|true&#8220; global_colors_info=&#8220;{}&#8220; button_bg_color__hover_enabled=&#8220;on|hover&#8220; button_bg_color__hover=&#8220;#e42620&#8243; button_bg_enable_color__hover=&#8220;on&#8220; button_border_color__hover_enabled=&#8220;on|hover&#8220; button_border_color__hover=&#8220;#e42620&#8243;][\/et_pb_button][et_pb_button button_url=&#8220;https:\/\/www.gaggio.net\/de\/produkte\/mittelstock-sonnenschirme\/&#8220; button_text=&#8220;Mittelstock-Sonnnenschirme&#8220; button_alignment_tablet=&#8220;center&#8220; button_alignment_phone=&#8220;&#8220; button_alignment_last_edited=&#8220;on|tablet&#8220; _builder_version=&#8220;4.17.4&#8243; _module_preset=&#8220;default&#8220; custom_button=&#8220;on&#8220; button_text_size=&#8220;14px&#8220; button_text_color=&#8220;#ffffff&#8220; button_bg_color=&#8220;#e42620&#8243; button_border_color=&#8220;#e42620&#8243; button_border_radius=&#8220;20px&#8220; button_use_icon=&#8220;off&#8220; custom_margin=&#8220;|5px|10px|5px|false|true&#8220; custom_padding=&#8220;5px|15px|5px|15px|true|true&#8220; hover_enabled=&#8220;0&#8243; global_colors_info=&#8220;{}&#8220; button_bg_color__hover_enabled=&#8220;on|hover&#8220; button_bg_color__hover=&#8220;#e42620&#8243; button_bg_enable_color__hover=&#8220;on&#8220; button_border_color__hover_enabled=&#8220;on|hover&#8220; button_border_color__hover=&#8220;#e42620&#8243; sticky_enabled=&#8220;0&#8243;][\/et_pb_button][et_pb_button button_url=&#8220;https:\/\/www.gaggio.net\/de\/produkte\/seitenstock-sonnenschirme\/&#8220; button_text=&#8220;Seitenstock-Sonnenschirme&#8220; button_alignment_tablet=&#8220;center&#8220; button_alignment_phone=&#8220;&#8220; button_alignment_last_edited=&#8220;on|tablet&#8220; _builder_version=&#8220;4.17.4&#8243; _module_preset=&#8220;default&#8220; custom_button=&#8220;on&#8220; button_text_size=&#8220;14px&#8220; button_text_color=&#8220;#ffffff&#8220; button_bg_color=&#8220;#e42620&#8243; button_border_color=&#8220;#e42620&#8243; button_border_radius=&#8220;20px&#8220; button_use_icon=&#8220;off&#8220; custom_margin=&#8220;|5px|10px|5px|false|true&#8220; custom_padding=&#8220;5px|15px|5px|15px|true|true&#8220; hover_enabled=&#8220;0&#8243; global_colors_info=&#8220;{}&#8220; button_bg_color__hover_enabled=&#8220;on|hover&#8220; button_bg_color__hover=&#8220;#e42620&#8243; button_bg_enable_color__hover=&#8220;on&#8220; button_border_color__hover_enabled=&#8220;on|hover&#8220; button_border_color__hover=&#8220;#e42620&#8243; sticky_enabled=&#8220;0&#8243;][\/et_pb_button][et_pb_button button_url=&#8220;https:\/\/www.gaggio.net\/en\/ombrelloni\/golia\/&#8220; button_text=&#8220;Riesenschirme&#8220; button_alignment_tablet=&#8220;center&#8220; button_alignment_phone=&#8220;&#8220; button_alignment_last_edited=&#8220;on|tablet&#8220; _builder_version=&#8220;4.17.4&#8243; _module_preset=&#8220;default&#8220; custom_button=&#8220;on&#8220; button_text_size=&#8220;14px&#8220; button_text_color=&#8220;#ffffff&#8220; button_bg_color=&#8220;#e42620&#8243; button_border_color=&#8220;#e42620&#8243; button_border_radius=&#8220;20px&#8220; button_use_icon=&#8220;off&#8220; custom_margin=&#8220;|5px||5px|false|true&#8220; custom_padding=&#8220;5px|15px|5px|15px|true|true&#8220; global_colors_info=&#8220;{}&#8220; button_bg_color__hover_enabled=&#8220;on|hover&#8220; button_bg_color__hover=&#8220;#e42620&#8243; button_bg_enable_color__hover=&#8220;on&#8220; button_border_color__hover_enabled=&#8220;on|hover&#8220; button_border_color__hover=&#8220;#e42620&#8243;][\/et_pb_button][\/et_pb_column][\/et_pb_row][et_pb_row _builder_version=&#8220;4.16&#8243; width=&#8220;90%&#8220; global_colors_info=&#8220;{}&#8220;][et_pb_column type=&#8220;4_4&#8243; _builder_version=&#8220;4.16&#8243; global_colors_info=&#8220;{}&#8220;][et_pb_portfolio fullwidth=&#8220;off&#8220; include_categories=&#8220;147&#8243; show_categories=&#8220;off&#8220; show_pagination=&#8220;off&#8220; module_class=&#8220;linea-design&#8220; _builder_version=&#8220;4.17.4&#8243; title_font=&#8220;|||on|||||&#8220; title_font_size=&#8220;16px&#8220; text_orientation=&#8220;center&#8220; border_radii_image=&#8220;on|5px|5px|5px|5px&#8220; global_colors_info=&#8220;{}&#8220;][\/et_pb_portfolio][\/et_pb_column][\/et_pb_row][\/et_pb_section][et_pb_section fb_built=&#8220;1&#8243; module_id=&#8220;gallery&#8220; _builder_version=&#8220;4.16&#8243; custom_padding=&#8220;0px||0px||false|false&#8220; global_colors_info=&#8220;{}&#8220;][et_pb_row module_class=&#8220;black-link&#8220; _builder_version=&#8220;4.16&#8243; custom_margin=&#8220;50px||||false|false&#8220; custom_padding=&#8220;||0px|||&#8220; global_colors_info=&#8220;{}&#8220;][et_pb_column type=&#8220;4_4&#8243; _builder_version=&#8220;4.16&#8243; global_colors_info=&#8220;{}&#8220;][et_pb_text _builder_version=&#8220;4.16&#8243; text_font=&#8220;|||on|||||&#8220; text_orientation=&#8220;center&#8220; custom_margin=&#8220;||20px||false|false&#8220; global_colors_info=&#8220;{}&#8220;]<\/p>\n<p><a href=\"#gallery\">SEHEN SIE EINIGE UNSERER ERFOLGE<\/a><\/p>\n<p>[\/et_pb_text][et_pb_blurb url=&#8220;#gallery&#8220; use_icon=&#8220;on&#8220; font_icon=&#8220;&#x22;||divi||400&#8243; icon_color=&#8220;#000000&#8243; image_icon_width=&#8220;32px&#8220; _builder_version=&#8220;4.16&#8243; transform_translate_linked__hover=&#8220;off&#8220; icon_font_size=&#8220;32px&#8220; global_colors_info=&#8220;{}&#8220; transform_styles__hover_enabled=&#8220;on|hover&#8220; transform_scale__hover_enabled=&#8220;on|hover&#8220; transform_translate__hover_enabled=&#8220;on|desktop&#8220; transform_rotate__hover_enabled=&#8220;on|desktop&#8220; transform_skew__hover_enabled=&#8220;on|desktop&#8220; transform_origin__hover_enabled=&#8220;on|desktop&#8220; transform_translate__hover=&#8220;0px|10px&#8220;][\/et_pb_blurb][\/et_pb_column][\/et_pb_row][et_pb_row column_structure=&#8220;1_3,1_3,1_3&#8243; use_custom_gutter=&#8220;on&#8220; gutter_width=&#8220;1&#8243; make_equal=&#8220;on&#8220; _builder_version=&#8220;4.16&#8243; width=&#8220;100%&#8220; max_width=&#8220;100%&#8220; custom_margin=&#8220;0px||0px||true|false&#8220; custom_padding=&#8220;0px||0px||true|false&#8220; global_colors_info=&#8220;{}&#8220;][et_pb_column type=&#8220;1_3&#8243; _builder_version=&#8220;4.16&#8243; global_colors_info=&#8220;{}&#8220;][et_pb_text module_class=&#8220;flex-center text-hover white-link-underline parasol-installation&#8220; _builder_version=&#8220;4.16&#8243; text_font=&#8220;|300|||||||&#8220; header_2_font=&#8220;|700|||||||&#8220; header_2_font_size=&#8220;28px&#8220; header_3_font=&#8220;|300||on|||||&#8220; header_3_font_size=&#8220;13px&#8220; background_enable_color=&#8220;off&#8220; background_image=&#8220;https:\/\/www.gaggio.net\/wp-content\/uploads\/2020\/10\/Ombrellone-design-Gaggio-Pyramid-Sky-Terrace-Hotel-Marad-Torre-Del-Greco-Napoli.jpg&#8220; text_orientation=&#8220;center&#8220; background_layout=&#8220;dark&#8220; min_height=&#8220;400px&#8220; custom_padding=&#8220;5%|5%|5%|5%|true|true&#8220; global_module=&#8220;5877&#8243; saved_tabs=&#8220;all&#8220; global_colors_info=&#8220;{}&#8220; background__hover_enabled=&#8220;on|hover&#8220; background_color__hover=&#8220;rgba(0,0,0,0.6)&#8220; background_enable_color__hover=&#8220;on&#8220; background_blend__hover=&#8220;overlay&#8220;]<\/p>\n<h3>Italia<\/h3>\n<h2>Hotel Marad<\/h2>\n<p><a href=\"https:\/\/www.gaggio.net\/de\/ombrelloni\/pyramid\/\">Entdecken Sie Pyramid<\/a><\/p>\n<p>[\/et_pb_text][\/et_pb_column][et_pb_column type=&#8220;1_3&#8243; _builder_version=&#8220;4.16&#8243; global_colors_info=&#8220;{}&#8220;][et_pb_text module_class=&#8220;flex-center text-hover white-link-underline parasol-installation&#8220; _builder_version=&#8220;4.6.2&#8243; text_font=&#8220;|300|||||||&#8220; header_2_font=&#8220;|700|||||||&#8220; header_2_font_size=&#8220;28px&#8220; header_3_font=&#8220;|300||on|||||&#8220; header_3_font_size=&#8220;13px&#8220; background_enable_color=&#8220;off&#8220; background_image=&#8220;https:\/\/www.gaggio.net\/wp-content\/uploads\/2020\/10\/Ombrellone-design-Gaggio-Pyramid-_GolfClub_CaDellaNave-Venice.jpg&#8220; text_orientation=&#8220;center&#8220; background_layout=&#8220;dark&#8220; min_height=&#8220;400px&#8220; custom_padding=&#8220;5%|5%|5%|5%|true|true&#8220; global_module=&#8220;5873&#8243; saved_tabs=&#8220;all&#8220; global_colors_info=&#8220;{}&#8220; background__hover_enabled=&#8220;on|hover&#8220; background_color__hover=&#8220;rgba(0,0,0,0.6)&#8220; background_enable_color__hover=&#8220;on&#8220; background_blend__hover=&#8220;overlay&#8220;]<\/p>\n<h3>Italia<\/h3>\n<h2>Golf Club C\u00e0 della Nave<\/h2>\n<p><a href=\"https:\/\/www.gaggio.net\/de\/ombrelloni\/pyramid\/\">Entdecken Sie Pyramid<\/a><\/p>\n<p>[\/et_pb_text][\/et_pb_column][et_pb_column type=&#8220;1_3&#8243; _builder_version=&#8220;4.16&#8243; global_colors_info=&#8220;{}&#8220;][et_pb_text module_class=&#8220;flex-center text-hover white-link-underline parasol-installation&#8220; _builder_version=&#8220;4.6.2&#8243; text_font=&#8220;|300|||||||&#8220; header_2_font=&#8220;|700|||||||&#8220; header_2_font_size=&#8220;28px&#8220; header_3_font=&#8220;|300||on|||||&#8220; header_3_font_size=&#8220;13px&#8220; background_enable_color=&#8220;off&#8220; background_image=&#8220;https:\/\/www.gaggio.net\/wp-content\/uploads\/2020\/10\/Ombrellone-design-Gaggio-Pyramid_Fuorisalone-Milano-2018-3.jpg&#8220; text_orientation=&#8220;center&#8220; background_layout=&#8220;dark&#8220; min_height=&#8220;400px&#8220; custom_padding=&#8220;5%|5%|5%|5%|true|true&#8220; global_module=&#8220;5871&#8243; saved_tabs=&#8220;all&#8220; global_colors_info=&#8220;{}&#8220; background__hover_enabled=&#8220;on|hover&#8220; background_color__hover=&#8220;rgba(0,0,0,0.6)&#8220; background_enable_color__hover=&#8220;on&#8220; background_blend__hover=&#8220;overlay&#8220;]<\/p>\n<h3>Italia<\/h3>\n<h2>Fuorisalone Milano<\/h2>\n<p><a href=\"https:\/\/www.gaggio.net\/de\/ombrelloni\/pyramid\/\">Entdecken Sie Pyramid<\/a><\/p>\n<p>[\/et_pb_text][\/et_pb_column][\/et_pb_row][\/et_pb_section]<\/p>\n","protected":false},"excerpt":{"rendered":"<p>DESIGNLINIE Wenn Funktionalit\u00e4t mit \u00c4sthetik verschmilzt, entstehen im Freien Kunstwerke, die Geschichten zeitloser Eleganz und Sch\u00f6nheit erz\u00e4hlenUnsere Design-Sonnenschirme sind die Protagonisten dieser fesselnden Erz\u00e4hlung und verwandeln Ihren Au\u00dfenbereich in einen magischen und emotionalen Ort. Die Designlinie von Gaggio erfindet das klassische Konzept des Sonnenschirms komplett neu, indem sie \u00c4sthetik, Funktionalit\u00e4t und Beleuchtung verbindet, um k\u00fchne, [&hellip;]<\/p>\n","protected":false},"author":1,"featured_media":0,"parent":11187,"menu_order":0,"comment_status":"closed","ping_status":"closed","template":"","meta":{"_et_pb_use_builder":"on","_et_pb_old_content":"","_et_gb_content_width":"","footnotes":""},"class_list":["post-15693","page","type-page","status-publish","hentry"],"yoast_head":"<!-- This site is optimized with the Yoast SEO plugin v27.3 - https:\/\/yoast.com\/product\/yoast-seo-wordpress\/ -->\n<title>DESIGNLINIE - Gaggio<\/title>\n<meta name=\"robots\" content=\"index, follow, max-snippet:-1, max-image-preview:large, max-video-preview:-1\" \/>\n<link rel=\"canonical\" href=\"https:\/\/www.gaggio.net\/prodotti\/linea-design\/\" \/>\n<meta property=\"og:locale\" content=\"de_DE\" \/>\n<meta property=\"og:type\" content=\"article\" \/>\n<meta property=\"og:title\" content=\"DESIGNLINIE - Gaggio\" \/>\n<meta property=\"og:description\" content=\"DESIGNLINIE Wenn Funktionalit\u00e4t mit \u00c4sthetik verschmilzt, entstehen im Freien Kunstwerke, die Geschichten zeitloser Eleganz und Sch\u00f6nheit erz\u00e4hlenUnsere Design-Sonnenschirme sind die Protagonisten dieser fesselnden Erz\u00e4hlung und verwandeln Ihren Au\u00dfenbereich in einen magischen und emotionalen Ort. Die Designlinie von Gaggio erfindet das klassische Konzept des Sonnenschirms komplett neu, indem sie \u00c4sthetik, Funktionalit\u00e4t und Beleuchtung verbindet, um k\u00fchne, [&hellip;]\" \/>\n<meta property=\"og:url\" content=\"https:\/\/www.gaggio.net\/prodotti\/linea-design\/\" \/>\n<meta property=\"og:site_name\" content=\"Gaggio\" \/>\n<meta property=\"article:modified_time\" content=\"2023-05-31T16:03:42+00:00\" \/>\n<meta name=\"twitter:card\" content=\"summary_large_image\" \/>\n<meta name=\"twitter:label1\" content=\"Gesch\u00e4tzte Lesezeit\" \/>\n\t<meta name=\"twitter:data1\" content=\"7\u00a0Minuten\" \/>\n<script type=\"application\/ld+json\" class=\"yoast-schema-graph\">{\"@context\":\"https:\\\/\\\/schema.org\",\"@graph\":[{\"@type\":\"WebPage\",\"@id\":\"https:\\\/\\\/www.gaggio.net\\\/prodotti\\\/linea-design\\\/\",\"url\":\"https:\\\/\\\/www.gaggio.net\\\/prodotti\\\/linea-design\\\/\",\"name\":\"DESIGNLINIE - Gaggio\",\"isPartOf\":{\"@id\":\"\\\/#website\"},\"datePublished\":\"2023-05-31T15:21:31+00:00\",\"dateModified\":\"2023-05-31T16:03:42+00:00\",\"breadcrumb\":{\"@id\":\"https:\\\/\\\/www.gaggio.net\\\/prodotti\\\/linea-design\\\/#breadcrumb\"},\"inLanguage\":\"de\",\"potentialAction\":[{\"@type\":\"ReadAction\",\"target\":[\"https:\\\/\\\/www.gaggio.net\\\/prodotti\\\/linea-design\\\/\"]}]},{\"@type\":\"BreadcrumbList\",\"@id\":\"https:\\\/\\\/www.gaggio.net\\\/prodotti\\\/linea-design\\\/#breadcrumb\",\"itemListElement\":[{\"@type\":\"ListItem\",\"position\":1,\"name\":\"Home\",\"item\":\"https:\\\/\\\/www.gaggio.net\\\/\"},{\"@type\":\"ListItem\",\"position\":2,\"name\":\"Produkte\",\"item\":\"https:\\\/\\\/www.gaggio.net\\\/de\\\/produkte\\\/\"},{\"@type\":\"ListItem\",\"position\":3,\"name\":\"DESIGNLINIE\"}]},{\"@type\":\"WebSite\",\"@id\":\"\\\/#website\",\"url\":\"\\\/\",\"name\":\"Gaggio\",\"description\":\"Gaggio\",\"potentialAction\":[{\"@type\":\"SearchAction\",\"target\":{\"@type\":\"EntryPoint\",\"urlTemplate\":\"\\\/?s={search_term_string}\"},\"query-input\":{\"@type\":\"PropertyValueSpecification\",\"valueRequired\":true,\"valueName\":\"search_term_string\"}}],\"inLanguage\":\"de\"}]}<\/script>\n<!-- \/ Yoast SEO plugin. -->","yoast_head_json":{"title":"DESIGNLINIE - Gaggio","robots":{"index":"index","follow":"follow","max-snippet":"max-snippet:-1","max-image-preview":"max-image-preview:large","max-video-preview":"max-video-preview:-1"},"canonical":"https:\/\/www.gaggio.net\/prodotti\/linea-design\/","og_locale":"de_DE","og_type":"article","og_title":"DESIGNLINIE - Gaggio","og_description":"DESIGNLINIE Wenn Funktionalit\u00e4t mit \u00c4sthetik verschmilzt, entstehen im Freien Kunstwerke, die Geschichten zeitloser Eleganz und Sch\u00f6nheit erz\u00e4hlenUnsere Design-Sonnenschirme sind die Protagonisten dieser fesselnden Erz\u00e4hlung und verwandeln Ihren Au\u00dfenbereich in einen magischen und emotionalen Ort. Die Designlinie von Gaggio erfindet das klassische Konzept des Sonnenschirms komplett neu, indem sie \u00c4sthetik, Funktionalit\u00e4t und Beleuchtung verbindet, um k\u00fchne, [&hellip;]","og_url":"https:\/\/www.gaggio.net\/prodotti\/linea-design\/","og_site_name":"Gaggio","article_modified_time":"2023-05-31T16:03:42+00:00","twitter_card":"summary_large_image","twitter_misc":{"Gesch\u00e4tzte Lesezeit":"7\u00a0Minuten"},"schema":{"@context":"https:\/\/schema.org","@graph":[{"@type":"WebPage","@id":"https:\/\/www.gaggio.net\/prodotti\/linea-design\/","url":"https:\/\/www.gaggio.net\/prodotti\/linea-design\/","name":"DESIGNLINIE - Gaggio","isPartOf":{"@id":"\/#website"},"datePublished":"2023-05-31T15:21:31+00:00","dateModified":"2023-05-31T16:03:42+00:00","breadcrumb":{"@id":"https:\/\/www.gaggio.net\/prodotti\/linea-design\/#breadcrumb"},"inLanguage":"de","potentialAction":[{"@type":"ReadAction","target":["https:\/\/www.gaggio.net\/prodotti\/linea-design\/"]}]},{"@type":"BreadcrumbList","@id":"https:\/\/www.gaggio.net\/prodotti\/linea-design\/#breadcrumb","itemListElement":[{"@type":"ListItem","position":1,"name":"Home","item":"https:\/\/www.gaggio.net\/"},{"@type":"ListItem","position":2,"name":"Produkte","item":"https:\/\/www.gaggio.net\/de\/produkte\/"},{"@type":"ListItem","position":3,"name":"DESIGNLINIE"}]},{"@type":"WebSite","@id":"\/#website","url":"\/","name":"Gaggio","description":"Gaggio","potentialAction":[{"@type":"SearchAction","target":{"@type":"EntryPoint","urlTemplate":"\/?s={search_term_string}"},"query-input":{"@type":"PropertyValueSpecification","valueRequired":true,"valueName":"search_term_string"}}],"inLanguage":"de"}]}},"_links":{"self":[{"href":"https:\/\/www.gaggio.net\/de\/wp-json\/wp\/v2\/pages\/15693","targetHints":{"allow":["GET"]}}],"collection":[{"href":"https:\/\/www.gaggio.net\/de\/wp-json\/wp\/v2\/pages"}],"about":[{"href":"https:\/\/www.gaggio.net\/de\/wp-json\/wp\/v2\/types\/page"}],"author":[{"embeddable":true,"href":"https:\/\/www.gaggio.net\/de\/wp-json\/wp\/v2\/users\/1"}],"replies":[{"embeddable":true,"href":"https:\/\/www.gaggio.net\/de\/wp-json\/wp\/v2\/comments?post=15693"}],"version-history":[{"count":8,"href":"https:\/\/www.gaggio.net\/de\/wp-json\/wp\/v2\/pages\/15693\/revisions"}],"predecessor-version":[{"id":15719,"href":"https:\/\/www.gaggio.net\/de\/wp-json\/wp\/v2\/pages\/15693\/revisions\/15719"}],"up":[{"embeddable":true,"href":"https:\/\/www.gaggio.net\/de\/wp-json\/wp\/v2\/pages\/11187"}],"wp:attachment":[{"href":"https:\/\/www.gaggio.net\/de\/wp-json\/wp\/v2\/media?parent=15693"}],"curies":[{"name":"wp","href":"https:\/\/api.w.org\/{rel}","templated":true}]}}