{"id":12015,"date":"2022-02-07T11:43:03","date_gmt":"2022-02-07T10:43:03","guid":{"rendered":"https:\/\/www.gaggio.net\/parasoles-para-hoteles-y-complejos-turisticos\/"},"modified":"2022-02-07T11:43:05","modified_gmt":"2022-02-07T10:43:05","slug":"parasoles-para-hoteles-y-complejos-turisticos","status":"publish","type":"page","link":"https:\/\/www.gaggio.net\/es\/productos\/parasoles-para-hoteles-y-complejos-turisticos\/","title":{"rendered":"PARASOLES PARA HOTELES Y COMPLEJOS TUR\u00cdSTICOS"},"content":{"rendered":"<p>[et_pb_section fb_built=\u00bb1&#8243; custom_padding_last_edited=\u00bbon|phone\u00bb module_class=\u00bbsezione-descrizione header-categorie\u00bb _builder_version=\u00bb4.6.6&#8243; background_enable_image=\u00bboff\u00bb custom_padding=\u00bb250px||0px||false|false\u00bb custom_padding_tablet=\u00bb200px||||false|false\u00bb custom_padding_phone=\u00bb150px||||false|false\u00bb global_colors_info=\u00bb{}\u00bb theme_builder_area=\u00bbpost_content\u00bb][et_pb_row module_class=\u00bbtesto-categoria\u00bb _builder_version=\u00bb4.6.2&#8243; custom_padding=\u00bb0px|||||\u00bb global_colors_info=\u00bb{}\u00bb theme_builder_area=\u00bbpost_content\u00bb][et_pb_column type=\u00bb4_4&#8243; _builder_version=\u00bb4.4.8&#8243; global_colors_info=\u00bb{}\u00bb theme_builder_area=\u00bbpost_content\u00bb][et_pb_text module_class=\u00bbpadding-title\u00bb _builder_version=\u00bb4.6.2&#8243; header_font=\u00bb|700|||||||\u00bb header_font_size=\u00bb38px\u00bb header_3_font=\u00bb|300||on|||||\u00bb header_3_font_size=\u00bb14px\u00bb text_orientation=\u00bbcenter\u00bb width=\u00bb100%\u00bb width_tablet=\u00bb100%\u00bb width_phone=\u00bb\u00bb width_last_edited=\u00bbon|tablet\u00bb max_width=\u00bb1000px\u00bb module_alignment=\u00bbcenter\u00bb custom_margin=\u00bb||0px||false|false\u00bb custom_padding=\u00bb||0px||false|false\u00bb global_colors_info=\u00bb{}\u00bb theme_builder_area=\u00bbpost_content\u00bb]<\/p>\n<h3>PARASOLES PARA HOTELES Y COMPLEJOS TUR\u00cdSTICOS<\/h3>\n<h1>Para satisfacer las necesidades del sector de la hosteler\u00eda y las casas rurales, nos centramos en una cosa por encima de todo: el bienestar de los hu\u00e9spedes.<\/h1>\n<p>[\/et_pb_text][et_pb_text _builder_version=\u00bb4.7.7&#8243; text_font=\u00bb|300|||||||\u00bb text_orientation=\u00bbcenter\u00bb width=\u00bb100%\u00bb width_tablet=\u00bb100%\u00bb width_phone=\u00bb\u00bb width_last_edited=\u00bbon|tablet\u00bb max_width=\u00bb1100px\u00bb module_alignment=\u00bbcenter\u00bb custom_padding=\u00bb20px||||false|false\u00bb global_colors_info=\u00bb{}\u00bb theme_builder_area=\u00bbpost_content\u00bb]<\/p>\n<p>La gama incluye varios modelos de parasoles con m\u00e1stil central, como parasoles telesc\u00f3picos, gigantes, con brazo lateral, retr\u00e1ctiles o incluso que pueden girar 360\u00b0 en funci\u00f3n del sol. La selecci\u00f3n abarca desde sombrillas peque\u00f1as hasta muy grandes que pueden colocarse en varias zonas y que se integran en el entorno para crear rincones elegantes y muy funcionales. Recomendamos utilizar tejidos de resina n\u00e1utica impermeables y resistentes a la suciedad de la gama DESIGN+PERFORMANCE. Los tejidos ign\u00edfugos de la gama TECHNOLOGY est\u00e1n disponibles bajo pedido. Adem\u00e1s de los parasoles, se pueden a\u00f1adir accesorios como mesas de servicio, muebles que cubren la base con funci\u00f3n de asiento o sistemas de iluminaci\u00f3n LED, incluso de color, para que la experiencia de tus clientes sea \u00fanica en todo momento del d\u00eda, garantizando seguridad, confort y calidad.    <\/p>\n<p>Para el sector de la hosteler\u00eda recomendamos a\u00f1adir un toque de glamour a los proyectos con Pyramid, la l\u00e1mpara-parasol de dise\u00f1o perfecta para entretener a los invitados de sol a sol. Todalagama est\u00e1 dise\u00f1ada para hacer frente a las necesidades diarias, cada vez m\u00e1s complejas, del sector de los hoteles y complejos tur\u00edsticos de lujo, creando proyectos globales o personalizados que ser\u00e1n una atractiva tarjeta de visita para tu negocio. <\/p>\n<p>[\/et_pb_text][\/et_pb_column][\/et_pb_row][\/et_pb_section][et_pb_section fb_built=\u00bb1&#8243; custom_padding_last_edited=\u00bbon|tablet\u00bb module_id=\u00bbportfolio\u00bb module_class=\u00bbsezione-portfolio\u00bb _builder_version=\u00bb4.6.2&#8243; custom_padding=\u00bb0px||100px||false|false\u00bb custom_padding_tablet=\u00bb||50px||false|false\u00bb custom_padding_phone=\u00bb||0px||false|false\u00bb global_colors_info=\u00bb{}\u00bb theme_builder_area=\u00bbpost_content\u00bb][et_pb_row use_custom_gutter=\u00bbon\u00bb gutter_width=\u00bb1&#8243; _builder_version=\u00bb4.6.2&#8243; _module_preset=\u00bbdefault\u00bb custom_padding=\u00bb||35px|||\u00bb global_colors_info=\u00bb{}\u00bb theme_builder_area=\u00bbpost_content\u00bb][et_pb_column type=\u00bb4_4&#8243; module_class=\u00bbpulsanti-allineati\u00bb _builder_version=\u00bb4.6.2&#8243; _module_preset=\u00bbdefault\u00bb custom_padding=\u00bb|5px||5px|false|true\u00bb global_colors_info=\u00bb{}\u00bb theme_builder_area=\u00bbpost_content\u00bb][et_pb_button button_url=\u00bbhttps:\/\/www.gaggio.net\/prodotti\/\u00bb button_text=\u00bbIR A TODOS LOS PARASOLES\u00bb button_alignment_tablet=\u00bbcenter\u00bb button_alignment_phone=\u00bb\u00bb button_alignment_last_edited=\u00bbon|desktop\u00bb _builder_version=\u00bb4.6.2&#8243; _module_preset=\u00bbdefault\u00bb custom_button=\u00bbon\u00bb button_text_size=\u00bb14px\u00bb button_text_color=\u00bb#ffffff\u00bb button_bg_color=\u00bb#575756&#8243; button_border_color=\u00bb#575756&#8243; button_border_radius=\u00bb20px\u00bb button_use_icon=\u00bboff\u00bb custom_margin=\u00bb|5px|10px|5px|false|true\u00bb custom_padding=\u00bb5px|15px|5px|15px|true|true\u00bb global_colors_info=\u00bb{}\u00bb button_bg_color__hover_enabled=\u00bbon|hover\u00bb button_bg_color__hover=\u00bb#e42620&#8243; button_bg_enable_color__hover=\u00bbon\u00bb button_border_color__hover_enabled=\u00bbon|hover\u00bb button_border_color__hover=\u00bb#e42620&#8243; theme_builder_area=\u00bbpost_content\u00bb][\/et_pb_button][et_pb_button button_url=\u00bb#portfolio\u00bb button_text=\u00bbPARASOLES PARA HOTELES Y COMPLEJOS TUR\u00cdSTICOS\u00bb button_alignment_tablet=\u00bbcenter\u00bb button_alignment_phone=\u00bb\u00bb button_alignment_last_edited=\u00bbon|tablet\u00bb _builder_version=\u00bb4.6.2&#8243; _module_preset=\u00bbdefault\u00bb custom_button=\u00bbon\u00bb button_text_size=\u00bb14px\u00bb button_text_color=\u00bb#ffffff\u00bb button_bg_color=\u00bb#e42620&#8243; button_border_color=\u00bb#e42620&#8243; button_border_radius=\u00bb20px\u00bb button_use_icon=\u00bboff\u00bb custom_margin=\u00bb|5px||5px|false|true\u00bb custom_padding=\u00bb5px|15px|5px|15px|true|true\u00bb global_colors_info=\u00bb{}\u00bb button_bg_color__hover_enabled=\u00bbon|hover\u00bb button_bg_color__hover=\u00bb#e42620&#8243; button_bg_enable_color__hover=\u00bbon\u00bb button_border_color__hover_enabled=\u00bbon|hover\u00bb button_border_color__hover=\u00bb#e42620&#8243; theme_builder_area=\u00bbpost_content\u00bb][\/et_pb_button][\/et_pb_column][\/et_pb_row][et_pb_row _builder_version=\u00bb4.4.8&#8243; width=\u00bb90%\u00bb global_colors_info=\u00bb{}\u00bb theme_builder_area=\u00bbpost_content\u00bb][et_pb_column type=\u00bb4_4&#8243; _builder_version=\u00bb4.4.8&#8243; global_colors_info=\u00bb{}\u00bb theme_builder_area=\u00bbpost_content\u00bb][et_pb_portfolio fullwidth=\u00bboff\u00bb include_categories=\u00bb23&#8243; show_categories=\u00bboff\u00bb show_pagination=\u00bboff\u00bb _builder_version=\u00bb4.6.2&#8243; title_font=\u00bb|||on|||||\u00bb title_font_size=\u00bb16px\u00bb text_orientation=\u00bbcenter\u00bb border_radii_image=\u00bbon|5px|5px|5px|5px\u00bb global_colors_info=\u00bb{}\u00bb theme_builder_area=\u00bbpost_content\u00bb][\/et_pb_portfolio][\/et_pb_column][\/et_pb_row][\/et_pb_section][et_pb_section fb_built=\u00bb1&#8243; module_id=\u00bbgallery\u00bb _builder_version=\u00bb4.4.8&#8243; custom_padding=\u00bb0px||0px||false|false\u00bb global_colors_info=\u00bb{}\u00bb theme_builder_area=\u00bbpost_content\u00bb][et_pb_row module_class=\u00bbblack-link\u00bb _builder_version=\u00bb4.6.2&#8243; custom_margin=\u00bb50px||||false|false\u00bb custom_padding=\u00bb||0px|||\u00bb global_colors_info=\u00bb{}\u00bb theme_builder_area=\u00bbpost_content\u00bb][et_pb_column type=\u00bb4_4&#8243; _builder_version=\u00bb4.4.8&#8243; global_colors_info=\u00bb{}\u00bb theme_builder_area=\u00bbpost_content\u00bb][et_pb_text _builder_version=\u00bb4.6.2&#8243; text_font=\u00bb|||on|||||\u00bb text_orientation=\u00bbcenter\u00bb custom_margin=\u00bb||20px||false|false\u00bb global_colors_info=\u00bb{}\u00bb theme_builder_area=\u00bbpost_content\u00bb]<\/p>\n<p><a href=\"#gallery\">VER ALGUNOS DE NUESTROS LOGROS<\/a><\/p>\n<p>[\/et_pb_text][et_pb_blurb url=\u00bb#gallery\u00bb use_icon=\u00bbon\u00bb font_icon=\u00bb&#x22;||divi||400&#8243; icon_color=\u00bb#000000&#8243; image_icon_width=\u00bb32px\u00bb _builder_version=\u00bb4.13.0&#8243; transform_translate_linked__hover=\u00bboff\u00bb icon_font_size=\u00bb32px\u00bb global_colors_info=\u00bb{}\u00bb transform_styles__hover_enabled=\u00bbon|hover\u00bb transform_scale__hover_enabled=\u00bbon|hover\u00bb transform_translate__hover_enabled=\u00bbon|desktop\u00bb transform_rotate__hover_enabled=\u00bbon|desktop\u00bb transform_skew__hover_enabled=\u00bbon|desktop\u00bb transform_origin__hover_enabled=\u00bbon|desktop\u00bb transform_translate__hover=\u00bb0px|10px\u00bb theme_builder_area=\u00bbpost_content\u00bb][\/et_pb_blurb][\/et_pb_column][\/et_pb_row][et_pb_row column_structure=\u00bb1_3,1_3,1_3&#8243; use_custom_gutter=\u00bbon\u00bb gutter_width=\u00bb1&#8243; make_equal=\u00bbon\u00bb _builder_version=\u00bb4.4.8&#8243; width=\u00bb100%\u00bb max_width=\u00bb100%\u00bb custom_margin=\u00bb0px||0px||true|false\u00bb custom_padding=\u00bb0px||0px||true|false\u00bb global_colors_info=\u00bb{}\u00bb theme_builder_area=\u00bbpost_content\u00bb][et_pb_column type=\u00bb1_3&#8243; _builder_version=\u00bb4.4.8&#8243; global_colors_info=\u00bb{}\u00bb theme_builder_area=\u00bbpost_content\u00bb][et_pb_text module_class=\u00bbflex-center text-hover white-link-underline parasol-installation\u00bb _builder_version=\u00bb4.6.2&#8243; text_font=\u00bb|300|||||||\u00bb header_2_font=\u00bb|700|||||||\u00bb header_2_font_size=\u00bb28px\u00bb header_3_font=\u00bb|300||on|||||\u00bb header_3_font_size=\u00bb13px\u00bb background_enable_color=\u00bboff\u00bb background_image=\u00bbhttps:\/\/www.gaggio.net\/wp-content\/uploads\/2020\/10\/Ombrellone-design-Gaggio-Pyramid-.City-of-Atami-GiapponeJPG.jpg\u00bb text_orientation=\u00bbcenter\u00bb background_layout=\u00bbdark\u00bb min_height=\u00bb400px\u00bb custom_padding=\u00bb5%|5%|5%|5%|true|true\u00bb global_module=\u00bb5878&#8243; saved_tabs=\u00bball\u00bb global_colors_info=\u00bb{}\u00bb background_color__hover=\u00bbrgba(0,0,0,0.6)\u00bb background__hover_enabled=\u00bbon|hover\u00bb background_enable_color__hover=\u00bbon\u00bb background_blend__hover=\u00bboverlay\u00bb theme_builder_area=\u00bbpost_content\u00bb]<\/p>\n<h3>Giappone<\/h3>\n<h2>City of Atami<\/h2>\n<p><a href=\"https:\/\/www.gaggio.net\/ombrelloni\/pyramid\/\">Scopri Pyramid<\/a><\/p>\n<p>[\/et_pb_text][\/et_pb_column][et_pb_column type=\u00bb1_3&#8243; _builder_version=\u00bb4.4.8&#8243; global_colors_info=\u00bb{}\u00bb theme_builder_area=\u00bbpost_content\u00bb][et_pb_text module_class=\u00bbflex-center text-hover white-link-underline parasol-installation\u00bb _builder_version=\u00bb4.6.6&#8243; text_font=\u00bb|300|||||||\u00bb header_2_font=\u00bb|700|||||||\u00bb header_2_font_size=\u00bb28px\u00bb header_3_font=\u00bb|300||on|||||\u00bb header_3_font_size=\u00bb13px\u00bb background_enable_color=\u00bboff\u00bb background_image=\u00bbhttps:\/\/www.gaggio.net\/wp-content\/uploads\/2020\/11\/3-Professional-H10-PalazzoCanova-Venezia-Italia.jpg\u00bb text_orientation=\u00bbcenter\u00bb background_layout=\u00bbdark\u00bb min_height=\u00bb400px\u00bb custom_padding=\u00bb5%|5%|5%|5%|true|true\u00bb global_module=\u00bb6432&#8243; saved_tabs=\u00bball\u00bb global_colors_info=\u00bb{}\u00bb background__hover_enabled=\u00bbon|hover\u00bb background_color__hover=\u00bbrgba(0,0,0,0.6)\u00bb background_enable_color__hover=\u00bbon\u00bb background_blend__hover=\u00bboverlay\u00bb theme_builder_area=\u00bbpost_content\u00bb]<\/p>\n<h3>Italia<\/h3>\n<h2>H10 Hotels<\/h2>\n<p><a href=\"https:\/\/www.gaggio.net\/ombrelloni\/professional\/\">Scopri Professional<\/a><\/p>\n<p>[\/et_pb_text][\/et_pb_column][et_pb_column type=\u00bb1_3&#8243; _builder_version=\u00bb4.4.8&#8243; global_colors_info=\u00bb{}\u00bb theme_builder_area=\u00bbpost_content\u00bb][et_pb_text module_class=\u00bbflex-center text-hover white-link-underline parasol-installation\u00bb _builder_version=\u00bb4.6.2&#8243; text_font=\u00bb|300|||||||\u00bb header_2_font=\u00bb|700|||||||\u00bb header_2_font_size=\u00bb28px\u00bb header_3_font=\u00bb|300||on|||||\u00bb header_3_font_size=\u00bb13px\u00bb background_enable_color=\u00bboff\u00bb background_image=\u00bbhttps:\/\/www.gaggio.net\/wp-content\/uploads\/2020\/10\/AQUARIUS_GELADARIA_PORTUGAL.jpg\u00bb text_orientation=\u00bbcenter\u00bb background_layout=\u00bbdark\u00bb min_height=\u00bb400px\u00bb custom_padding=\u00bb5%|5%|5%|5%|true|true\u00bb global_module=\u00bb5354&#8243; saved_tabs=\u00bball\u00bb global_colors_info=\u00bb{}\u00bb background_color__hover=\u00bbrgba(0,0,0,0.6)\u00bb background__hover_enabled=\u00bbon|hover\u00bb background_enable_color__hover=\u00bbon\u00bb background_blend__hover=\u00bboverlay\u00bb theme_builder_area=\u00bbpost_content\u00bb]<\/p>\n<h3>Portogallo<\/h3>\n<h2>Aquarius Geladaria<\/h2>\n<p><a href=\"https:\/\/www.gaggio.net\/ombrelloni\/flash\/\">Scopri Flash<\/a><\/p>\n<p>[\/et_pb_text][\/et_pb_column][\/et_pb_row][et_pb_row column_structure=\u00bb1_3,1_3,1_3&#8243; use_custom_gutter=\u00bbon\u00bb gutter_width=\u00bb1&#8243; make_equal=\u00bbon\u00bb _builder_version=\u00bb4.4.8&#8243; width=\u00bb100%\u00bb max_width=\u00bb100%\u00bb custom_margin=\u00bb0px||0px||true|false\u00bb custom_padding=\u00bb0px||0px||true|false\u00bb global_colors_info=\u00bb{}\u00bb theme_builder_area=\u00bbpost_content\u00bb][et_pb_column type=\u00bb1_3&#8243; _builder_version=\u00bb4.4.8&#8243; global_colors_info=\u00bb{}\u00bb theme_builder_area=\u00bbpost_content\u00bb][et_pb_text module_class=\u00bbflex-center text-hover white-link-underline parasol-installation\u00bb _builder_version=\u00bb4.6.2&#8243; text_font=\u00bb|300|||||||\u00bb header_2_font=\u00bb|700|||||||\u00bb header_2_font_size=\u00bb28px\u00bb header_3_font=\u00bb|300||on|||||\u00bb header_3_font_size=\u00bb13px\u00bb background_enable_color=\u00bboff\u00bb background_image=\u00bbhttps:\/\/www.gaggio.net\/wp-content\/uploads\/2020\/10\/11_Maxipro-LaPerlaNera-Jesolo-1.jpg\u00bb text_orientation=\u00bbcenter\u00bb background_layout=\u00bbdark\u00bb min_height=\u00bb400px\u00bb custom_padding=\u00bb5%|5%|5%|5%|true|true\u00bb global_module=\u00bb5143&#8243; saved_tabs=\u00bball\u00bb global_colors_info=\u00bb{}\u00bb background__hover_enabled=\u00bbon|hover\u00bb background_color__hover=\u00bbrgba(0,0,0,0.6)\u00bb background_enable_color__hover=\u00bbon\u00bb background_blend__hover=\u00bboverlay\u00bb theme_builder_area=\u00bbpost_content\u00bb]<\/p>\n<h3>Italia<\/h3>\n<h2>La Perla Nera<\/h2>\n<p><a href=\"https:\/\/www.gaggio.net\/ombrelloni\/maxipro\/\">Scopri Maxipro<\/a><\/p>\n<p>[\/et_pb_text][\/et_pb_column][et_pb_column type=\u00bb1_3&#8243; _builder_version=\u00bb4.4.8&#8243; global_colors_info=\u00bb{}\u00bb theme_builder_area=\u00bbpost_content\u00bb][et_pb_text module_class=\u00bbflex-center text-hover white-link-underline parasol-installation\u00bb _builder_version=\u00bb4.6.2&#8243; text_font=\u00bb|300|||||||\u00bb header_2_font=\u00bb|700|||||||\u00bb header_2_font_size=\u00bb28px\u00bb header_3_font=\u00bb|300||on|||||\u00bb header_3_font_size=\u00bb13px\u00bb background_enable_color=\u00bboff\u00bb background_image=\u00bbhttps:\/\/www.gaggio.net\/wp-content\/uploads\/2020\/10\/1-Decentrato-PankoBar-BarcellonaSpagna.jpg\u00bb text_orientation=\u00bbcenter\u00bb background_layout=\u00bbdark\u00bb min_height=\u00bb400px\u00bb custom_padding=\u00bb5%|5%|5%|5%|true|true\u00bb global_module=\u00bb5218&#8243; saved_tabs=\u00bball\u00bb global_colors_info=\u00bb{}\u00bb background__hover_enabled=\u00bbon|hover\u00bb background_color__hover=\u00bbrgba(0,0,0,0.6)\u00bb background_enable_color__hover=\u00bbon\u00bb background_blend__hover=\u00bboverlay\u00bb theme_builder_area=\u00bbpost_content\u00bb]<\/p>\n<h3>Spagna<\/h3>\n<h2>Panko Bar<\/h2>\n<p><a href=\"https:\/\/www.gaggio.net\/ombrelloni\/decentrato\/\">Scopri Decentrato<\/a><\/p>\n<p>[\/et_pb_text][\/et_pb_column][et_pb_column type=\u00bb1_3&#8243; _builder_version=\u00bb4.4.8&#8243; global_colors_info=\u00bb{}\u00bb theme_builder_area=\u00bbpost_content\u00bb][et_pb_text module_class=\u00bbflex-center text-hover white-link-underline parasol-installation\u00bb _builder_version=\u00bb4.7.7&#8243; text_font=\u00bb|300|||||||\u00bb header_2_font=\u00bb|700|||||||\u00bb header_2_font_size=\u00bb28px\u00bb header_3_font=\u00bb|300||on|||||\u00bb header_3_font_size=\u00bb14px\u00bb background_enable_color=\u00bboff\u00bb background_image=\u00bbhttps:\/\/www.gaggio.net\/wp-content\/uploads\/2020\/06\/Gaggio-ombrelloni-malmo.jpg\u00bb text_orientation=\u00bbcenter\u00bb background_layout=\u00bbdark\u00bb min_height=\u00bb400px\u00bb custom_padding=\u00bb5%|5%|5%|5%|true|true\u00bb link_option_url=\u00bbhttps:\/\/www.gaggio.net\/en\/ombrelloni\/swing\/\u00bb global_module=\u00bb5761&#8243; saved_tabs=\u00bball\u00bb global_colors_info=\u00bb{}\u00bb background_color__hover=\u00bbrgba(0,0,0,0.6)\u00bb background__hover_enabled=\u00bbon|hover\u00bb background_enable_color__hover=\u00bbon\u00bb background_blend__hover=\u00bboverlay\u00bb theme_builder_area=\u00bbpost_content\u00bb]<\/p>\n<h3>Svezia<\/h3>\n<h2>Malm\u00f6s Vinebar<\/h2>\n<p><a href=\"https:\/\/www.gaggio.net\/ombrelloni\/swing\/\">Scopri Swing<\/a><\/p>\n<p>[\/et_pb_text][\/et_pb_column][\/et_pb_row][\/et_pb_section]<\/p>\n","protected":false},"excerpt":{"rendered":"<p>PARASOLES PARA HOTELES Y COMPLEJOS TUR\u00cdSTICOS Para satisfacer las necesidades del sector de la hosteler\u00eda y las casas rurales, nos centramos en una cosa por encima de todo: el bienestar de los hu\u00e9spedes.La gama incluye varios modelos de parasoles con m\u00e1stil central, como parasoles telesc\u00f3picos, gigantes, con brazo lateral, retr\u00e1ctiles o incluso que pueden girar [&hellip;]<\/p>\n","protected":false},"author":1,"featured_media":0,"parent":12066,"menu_order":0,"comment_status":"closed","ping_status":"closed","template":"","meta":{"_et_pb_use_builder":"on","_et_pb_old_content":"","_et_gb_content_width":"","footnotes":""},"class_list":["post-12015","page","type-page","status-publish","hentry"],"yoast_head":"<!-- This site is optimized with the Yoast SEO plugin v27.3 - https:\/\/yoast.com\/product\/yoast-seo-wordpress\/ -->\n<title>PARASOLES PARA HOTELES Y COMPLEJOS TUR\u00cdSTICOS - Gaggio<\/title>\n<meta name=\"robots\" content=\"index, follow, max-snippet:-1, max-image-preview:large, max-video-preview:-1\" \/>\n<link rel=\"canonical\" href=\"https:\/\/www.gaggio.net\/prodotti\/ombrelloni-per-hotel-e-resort\/\" \/>\n<meta property=\"og:locale\" content=\"es_ES\" \/>\n<meta property=\"og:type\" content=\"article\" \/>\n<meta property=\"og:title\" content=\"PARASOLES PARA HOTELES Y COMPLEJOS TUR\u00cdSTICOS - Gaggio\" \/>\n<meta property=\"og:description\" content=\"PARASOLES PARA HOTELES Y COMPLEJOS TUR\u00cdSTICOS Para satisfacer las necesidades del sector de la hosteler\u00eda y las casas rurales, nos centramos en una cosa por encima de todo: el bienestar de los hu\u00e9spedes.La gama incluye varios modelos de parasoles con m\u00e1stil central, como parasoles telesc\u00f3picos, gigantes, con brazo lateral, retr\u00e1ctiles o incluso que pueden girar [&hellip;]\" \/>\n<meta property=\"og:url\" content=\"https:\/\/www.gaggio.net\/prodotti\/ombrelloni-per-hotel-e-resort\/\" \/>\n<meta property=\"og:site_name\" content=\"Gaggio\" \/>\n<meta property=\"article:modified_time\" content=\"2022-02-07T10:43:05+00:00\" \/>\n<meta name=\"twitter:card\" content=\"summary_large_image\" \/>\n<meta name=\"twitter:label1\" content=\"Tiempo de lectura\" \/>\n\t<meta name=\"twitter:data1\" content=\"9 minutos\" \/>\n<script type=\"application\/ld+json\" class=\"yoast-schema-graph\">{\"@context\":\"https:\\\/\\\/schema.org\",\"@graph\":[{\"@type\":\"WebPage\",\"@id\":\"https:\\\/\\\/www.gaggio.net\\\/prodotti\\\/ombrelloni-per-hotel-e-resort\\\/\",\"url\":\"https:\\\/\\\/www.gaggio.net\\\/prodotti\\\/ombrelloni-per-hotel-e-resort\\\/\",\"name\":\"PARASOLES PARA HOTELES Y COMPLEJOS TUR\u00cdSTICOS - Gaggio\",\"isPartOf\":{\"@id\":\"\\\/#website\"},\"datePublished\":\"2022-02-07T10:43:03+00:00\",\"dateModified\":\"2022-02-07T10:43:05+00:00\",\"breadcrumb\":{\"@id\":\"https:\\\/\\\/www.gaggio.net\\\/prodotti\\\/ombrelloni-per-hotel-e-resort\\\/#breadcrumb\"},\"inLanguage\":\"es\",\"potentialAction\":[{\"@type\":\"ReadAction\",\"target\":[\"https:\\\/\\\/www.gaggio.net\\\/prodotti\\\/ombrelloni-per-hotel-e-resort\\\/\"]}]},{\"@type\":\"BreadcrumbList\",\"@id\":\"https:\\\/\\\/www.gaggio.net\\\/prodotti\\\/ombrelloni-per-hotel-e-resort\\\/#breadcrumb\",\"itemListElement\":[{\"@type\":\"ListItem\",\"position\":1,\"name\":\"Home\",\"item\":\"https:\\\/\\\/www.gaggio.net\\\/\"},{\"@type\":\"ListItem\",\"position\":2,\"name\":\"PRODUCTOS\",\"item\":\"https:\\\/\\\/www.gaggio.net\\\/prodotti\\\/\"},{\"@type\":\"ListItem\",\"position\":3,\"name\":\"PARASOLES PARA HOTELES Y COMPLEJOS TUR\u00cdSTICOS\"}]},{\"@type\":\"WebSite\",\"@id\":\"\\\/#website\",\"url\":\"\\\/\",\"name\":\"Gaggio\",\"description\":\"Gaggio\",\"potentialAction\":[{\"@type\":\"SearchAction\",\"target\":{\"@type\":\"EntryPoint\",\"urlTemplate\":\"\\\/?s={search_term_string}\"},\"query-input\":{\"@type\":\"PropertyValueSpecification\",\"valueRequired\":true,\"valueName\":\"search_term_string\"}}],\"inLanguage\":\"es\"}]}<\/script>\n<!-- \/ Yoast SEO plugin. -->","yoast_head_json":{"title":"PARASOLES PARA HOTELES Y COMPLEJOS TUR\u00cdSTICOS - Gaggio","robots":{"index":"index","follow":"follow","max-snippet":"max-snippet:-1","max-image-preview":"max-image-preview:large","max-video-preview":"max-video-preview:-1"},"canonical":"https:\/\/www.gaggio.net\/prodotti\/ombrelloni-per-hotel-e-resort\/","og_locale":"es_ES","og_type":"article","og_title":"PARASOLES PARA HOTELES Y COMPLEJOS TUR\u00cdSTICOS - Gaggio","og_description":"PARASOLES PARA HOTELES Y COMPLEJOS TUR\u00cdSTICOS Para satisfacer las necesidades del sector de la hosteler\u00eda y las casas rurales, nos centramos en una cosa por encima de todo: el bienestar de los hu\u00e9spedes.La gama incluye varios modelos de parasoles con m\u00e1stil central, como parasoles telesc\u00f3picos, gigantes, con brazo lateral, retr\u00e1ctiles o incluso que pueden girar [&hellip;]","og_url":"https:\/\/www.gaggio.net\/prodotti\/ombrelloni-per-hotel-e-resort\/","og_site_name":"Gaggio","article_modified_time":"2022-02-07T10:43:05+00:00","twitter_card":"summary_large_image","twitter_misc":{"Tiempo de lectura":"9 minutos"},"schema":{"@context":"https:\/\/schema.org","@graph":[{"@type":"WebPage","@id":"https:\/\/www.gaggio.net\/prodotti\/ombrelloni-per-hotel-e-resort\/","url":"https:\/\/www.gaggio.net\/prodotti\/ombrelloni-per-hotel-e-resort\/","name":"PARASOLES PARA HOTELES Y COMPLEJOS TUR\u00cdSTICOS - Gaggio","isPartOf":{"@id":"\/#website"},"datePublished":"2022-02-07T10:43:03+00:00","dateModified":"2022-02-07T10:43:05+00:00","breadcrumb":{"@id":"https:\/\/www.gaggio.net\/prodotti\/ombrelloni-per-hotel-e-resort\/#breadcrumb"},"inLanguage":"es","potentialAction":[{"@type":"ReadAction","target":["https:\/\/www.gaggio.net\/prodotti\/ombrelloni-per-hotel-e-resort\/"]}]},{"@type":"BreadcrumbList","@id":"https:\/\/www.gaggio.net\/prodotti\/ombrelloni-per-hotel-e-resort\/#breadcrumb","itemListElement":[{"@type":"ListItem","position":1,"name":"Home","item":"https:\/\/www.gaggio.net\/"},{"@type":"ListItem","position":2,"name":"PRODUCTOS","item":"https:\/\/www.gaggio.net\/prodotti\/"},{"@type":"ListItem","position":3,"name":"PARASOLES PARA HOTELES Y COMPLEJOS TUR\u00cdSTICOS"}]},{"@type":"WebSite","@id":"\/#website","url":"\/","name":"Gaggio","description":"Gaggio","potentialAction":[{"@type":"SearchAction","target":{"@type":"EntryPoint","urlTemplate":"\/?s={search_term_string}"},"query-input":{"@type":"PropertyValueSpecification","valueRequired":true,"valueName":"search_term_string"}}],"inLanguage":"es"}]}},"_links":{"self":[{"href":"https:\/\/www.gaggio.net\/es\/wp-json\/wp\/v2\/pages\/12015","targetHints":{"allow":["GET"]}}],"collection":[{"href":"https:\/\/www.gaggio.net\/es\/wp-json\/wp\/v2\/pages"}],"about":[{"href":"https:\/\/www.gaggio.net\/es\/wp-json\/wp\/v2\/types\/page"}],"author":[{"embeddable":true,"href":"https:\/\/www.gaggio.net\/es\/wp-json\/wp\/v2\/users\/1"}],"replies":[{"embeddable":true,"href":"https:\/\/www.gaggio.net\/es\/wp-json\/wp\/v2\/comments?post=12015"}],"version-history":[{"count":5,"href":"https:\/\/www.gaggio.net\/es\/wp-json\/wp\/v2\/pages\/12015\/revisions"}],"predecessor-version":[{"id":12020,"href":"https:\/\/www.gaggio.net\/es\/wp-json\/wp\/v2\/pages\/12015\/revisions\/12020"}],"up":[{"embeddable":true,"href":"https:\/\/www.gaggio.net\/es\/wp-json\/wp\/v2\/pages\/12066"}],"wp:attachment":[{"href":"https:\/\/www.gaggio.net\/es\/wp-json\/wp\/v2\/media?parent=12015"}],"curies":[{"name":"wp","href":"https:\/\/api.w.org\/{rel}","templated":true}]}}