{"id":12021,"date":"2022-02-07T11:46:23","date_gmt":"2022-02-07T10:46:23","guid":{"rendered":"https:\/\/www.gaggio.net\/parasoles-para-estaciones-de-esqui-y-montana\/"},"modified":"2022-02-07T11:46:24","modified_gmt":"2022-02-07T10:46:24","slug":"parasoles-para-estaciones-de-esqui-y-montana","status":"publish","type":"page","link":"https:\/\/www.gaggio.net\/es\/productos\/parasoles-para-estaciones-de-esqui-y-montana\/","title":{"rendered":"PARASOLES PARA ESTACIONES DE ESQU\u00cd Y MONTA\u00d1A"},"content":{"rendered":"<p>[et_pb_section fb_built=\u00bb1&#8243; custom_padding_last_edited=\u00bbon|phone\u00bb module_class=\u00bbsezione-descrizione header-categorie\u00bb _builder_version=\u00bb4.6.6&#8243; background_enable_image=\u00bboff\u00bb custom_padding=\u00bb250px||0px||false|false\u00bb custom_padding_tablet=\u00bb200px||||false|false\u00bb custom_padding_phone=\u00bb150px||||false|false\u00bb global_colors_info=\u00bb{}\u00bb theme_builder_area=\u00bbpost_content\u00bb][et_pb_row module_class=\u00bbtesto-categoria\u00bb _builder_version=\u00bb4.6.2&#8243; custom_padding=\u00bb0px|||||\u00bb global_colors_info=\u00bb{}\u00bb theme_builder_area=\u00bbpost_content\u00bb][et_pb_column type=\u00bb4_4&#8243; _builder_version=\u00bb4.4.8&#8243; global_colors_info=\u00bb{}\u00bb theme_builder_area=\u00bbpost_content\u00bb][et_pb_text module_class=\u00bbpadding-title\u00bb _builder_version=\u00bb4.6.2&#8243; header_font=\u00bb|700|||||||\u00bb header_font_size=\u00bb38px\u00bb header_3_font=\u00bb|300||on|||||\u00bb header_3_font_size=\u00bb14px\u00bb text_orientation=\u00bbcenter\u00bb width=\u00bb100%\u00bb width_tablet=\u00bb100%\u00bb width_phone=\u00bb\u00bb width_last_edited=\u00bbon|tablet\u00bb max_width=\u00bb1100px\u00bb module_alignment=\u00bbcenter\u00bb custom_margin=\u00bb||0px||false|false\u00bb custom_padding=\u00bb||0px||false|false\u00bb global_colors_info=\u00bb{}\u00bb theme_builder_area=\u00bbpost_content\u00bb]<\/p>\n<h3>PARASOLES PARA ESTACIONES DE ESQU\u00cd Y MONTA\u00d1A<\/h3>\n<h1>Parasoles profesionales de alto rendimiento resistentes a la intemperie, a la nieve, al agua yal sol<\/h1>\n<p>[\/et_pb_text][et_pb_text _builder_version=\u00bb4.7.7&#8243; text_font=\u00bb|300|||||||\u00bb text_orientation=\u00bbcenter\u00bb width=\u00bb100%\u00bb width_tablet=\u00bb100%\u00bb width_phone=\u00bb\u00bb width_last_edited=\u00bbon|tablet\u00bb max_width=\u00bb1100px\u00bb module_alignment=\u00bbcenter\u00bb custom_padding=\u00bb20px||||false|false\u00bb global_colors_info=\u00bb{}\u00bb theme_builder_area=\u00bbpost_content\u00bb]<\/p>\n<p>Las estaciones de esqu\u00ed, los chalets de monta\u00f1a y otras actividades de las estaciones de monta\u00f1a tienen la particularidad de acoger a sus hu\u00e9spedes tanto en invierno como en verano y, por lo tanto, necesitan resguardarse bajo cubiertas de alto rendimiento resistentes a la intemperie, a la nieve, al agua y al sol. Los parasoles que recomendamos para estas actividades son los parasoles de m\u00e1stil central de las l\u00edneas PROFESSIONAL y MAXIPRO y los parasoles gigantes de la serie GOLIA, que pueden convertirse en una elegante cubierta para la terraza de un chalet. Para los que deseen una terraza sin obst\u00e1culos, recomendamos los parasoles con brazo lateral SWING y VENEZIA. Algunos modelos de parasol est\u00e1n equipados con un perfil especial de aluminio conojiva que permite fijar la tela directamente en la varillas, lo que mejora el rendimiento del parasol contra la tensi\u00f3n, el agua, el viento y la nieve.    <\/p>\n<p>Toda la gama se apoya sobre bases muy resistentes que impiden que la estructura se vuelque cuando se somete a la tensi\u00f3n del viento. Las costuras de los parasoles son WATERSAFE, es decir, se someten a un tratamiento especial de impermeabilizaci\u00f3n similar a las costuras selladas que se utilizan en la ropa t\u00e9cnica de esquiar, lo que reduce las inevitables fugas de agua por las costuras hastaenun 98 %. Los parasoles pueden equiparse con canales vierteaguas para el drenaje del agua o, durante el invierno, con paneles laterales especiales en cristal japon\u00e9s fijados a los faldones de los parasoles con cremalleras extra\u00edbles (SAFE ZIP). Para que tus invitados vivan una experiencia emocionante en tus instalaciones, los parasoles pueden equiparse con calefacci\u00f3n infrarroja orientable de 1500 vatios que incluye un gancho giratorio para fijarse bajo los parasoles o sistemas de iluminaci\u00f3n LED, incluido RGB. Todos los tejidos que recomendamos son de la l\u00ednea DESIGN + PERFORMANCE con resina n\u00e1utica, impermeable y resistente a la suciedad o el PVC black-out de la l\u00ednea TECHNOLOGY, lacado por ambas caras, impermeable y termosellado, f\u00e1cil de manejar, resistente a la suciedad e ign\u00edfugo.    <\/p>\n<p>[\/et_pb_text][\/et_pb_column][\/et_pb_row][\/et_pb_section][et_pb_section fb_built=\u00bb1&#8243; custom_padding_last_edited=\u00bbon|tablet\u00bb module_id=\u00bbportfolio\u00bb module_class=\u00bbsezione-portfolio\u00bb _builder_version=\u00bb4.6.2&#8243; custom_padding=\u00bb0px||100px||false|false\u00bb custom_padding_tablet=\u00bb||50px||false|false\u00bb custom_padding_phone=\u00bb||0px||false|false\u00bb global_colors_info=\u00bb{}\u00bb theme_builder_area=\u00bbpost_content\u00bb][et_pb_row use_custom_gutter=\u00bbon\u00bb gutter_width=\u00bb1&#8243; _builder_version=\u00bb4.6.2&#8243; _module_preset=\u00bbdefault\u00bb custom_padding=\u00bb||35px|||\u00bb global_colors_info=\u00bb{}\u00bb theme_builder_area=\u00bbpost_content\u00bb][et_pb_column type=\u00bb4_4&#8243; module_class=\u00bbpulsanti-allineati\u00bb _builder_version=\u00bb4.6.2&#8243; _module_preset=\u00bbdefault\u00bb custom_padding=\u00bb|5px||5px|false|true\u00bb global_colors_info=\u00bb{}\u00bb theme_builder_area=\u00bbpost_content\u00bb][et_pb_button button_url=\u00bbhttps:\/\/www.gaggio.net\/prodotti\/\u00bb button_text=\u00bbIR A TODOS LOS PARASOLES\u00bb button_alignment_tablet=\u00bbcenter\u00bb button_alignment_phone=\u00bb\u00bb button_alignment_last_edited=\u00bbon|desktop\u00bb _builder_version=\u00bb4.6.2&#8243; _module_preset=\u00bbdefault\u00bb custom_button=\u00bbon\u00bb button_text_size=\u00bb14px\u00bb button_text_color=\u00bb#ffffff\u00bb button_bg_color=\u00bb#575756&#8243; button_border_color=\u00bb#575756&#8243; button_border_radius=\u00bb20px\u00bb button_use_icon=\u00bboff\u00bb custom_margin=\u00bb|5px|10px|5px|false|true\u00bb custom_padding=\u00bb5px|15px|5px|15px|true|true\u00bb global_colors_info=\u00bb{}\u00bb button_bg_color__hover_enabled=\u00bbon|hover\u00bb button_bg_color__hover=\u00bb#e42620&#8243; button_bg_enable_color__hover=\u00bbon\u00bb button_border_color__hover_enabled=\u00bbon|hover\u00bb button_border_color__hover=\u00bb#e42620&#8243; theme_builder_area=\u00bbpost_content\u00bb][\/et_pb_button][et_pb_button button_url=\u00bb#portfolio\u00bb button_text=\u00bbPARASOLES PARA ESTACIONES DE ESQU\u00cd Y MONTA\u00d1A\u00bb button_alignment_tablet=\u00bbcenter\u00bb button_alignment_phone=\u00bb\u00bb button_alignment_last_edited=\u00bbon|tablet\u00bb _builder_version=\u00bb4.6.2&#8243; _module_preset=\u00bbdefault\u00bb custom_button=\u00bbon\u00bb button_text_size=\u00bb14px\u00bb button_text_color=\u00bb#ffffff\u00bb button_bg_color=\u00bb#e42620&#8243; button_border_color=\u00bb#e42620&#8243; button_border_radius=\u00bb20px\u00bb button_use_icon=\u00bboff\u00bb custom_margin=\u00bb|5px||5px|false|true\u00bb custom_padding=\u00bb5px|15px|5px|15px|true|true\u00bb global_colors_info=\u00bb{}\u00bb button_bg_color__hover_enabled=\u00bbon|hover\u00bb button_bg_color__hover=\u00bb#e42620&#8243; button_bg_enable_color__hover=\u00bbon\u00bb button_border_color__hover_enabled=\u00bbon|hover\u00bb button_border_color__hover=\u00bb#e42620&#8243; theme_builder_area=\u00bbpost_content\u00bb][\/et_pb_button][\/et_pb_column][\/et_pb_row][et_pb_row _builder_version=\u00bb4.4.8&#8243; width=\u00bb90%\u00bb global_colors_info=\u00bb{}\u00bb theme_builder_area=\u00bbpost_content\u00bb][et_pb_column type=\u00bb4_4&#8243; _builder_version=\u00bb4.4.8&#8243; global_colors_info=\u00bb{}\u00bb theme_builder_area=\u00bbpost_content\u00bb][et_pb_portfolio fullwidth=\u00bboff\u00bb include_categories=\u00bb29&#8243; show_categories=\u00bboff\u00bb show_pagination=\u00bboff\u00bb _builder_version=\u00bb4.6.2&#8243; title_font=\u00bb|||on|||||\u00bb title_font_size=\u00bb16px\u00bb text_orientation=\u00bbcenter\u00bb border_radii_image=\u00bbon|5px|5px|5px|5px\u00bb global_colors_info=\u00bb{}\u00bb theme_builder_area=\u00bbpost_content\u00bb][\/et_pb_portfolio][\/et_pb_column][\/et_pb_row][\/et_pb_section][et_pb_section fb_built=\u00bb1&#8243; module_id=\u00bbgallery\u00bb _builder_version=\u00bb4.4.8&#8243; custom_padding=\u00bb0px||0px||false|false\u00bb global_colors_info=\u00bb{}\u00bb theme_builder_area=\u00bbpost_content\u00bb][et_pb_row module_class=\u00bbblack-link\u00bb _builder_version=\u00bb4.6.2&#8243; custom_margin=\u00bb50px||||false|false\u00bb custom_padding=\u00bb||0px|||\u00bb global_colors_info=\u00bb{}\u00bb theme_builder_area=\u00bbpost_content\u00bb][et_pb_column type=\u00bb4_4&#8243; _builder_version=\u00bb4.4.8&#8243; global_colors_info=\u00bb{}\u00bb theme_builder_area=\u00bbpost_content\u00bb][et_pb_text _builder_version=\u00bb4.6.2&#8243; text_font=\u00bb|||on|||||\u00bb text_orientation=\u00bbcenter\u00bb custom_margin=\u00bb||20px||false|false\u00bb global_colors_info=\u00bb{}\u00bb theme_builder_area=\u00bbpost_content\u00bb]<\/p>\n<p><a href=\"#gallery\">VER ALGUNOS DE NUESTROS LOGROS<\/a><\/p>\n<p>[\/et_pb_text][et_pb_blurb url=\u00bb#gallery\u00bb use_icon=\u00bbon\u00bb font_icon=\u00bb&#x22;||divi||400&#8243; icon_color=\u00bb#000000&#8243; image_icon_width=\u00bb32px\u00bb _builder_version=\u00bb4.13.0&#8243; transform_translate_linked__hover=\u00bboff\u00bb icon_font_size=\u00bb32px\u00bb global_colors_info=\u00bb{}\u00bb transform_styles__hover_enabled=\u00bbon|hover\u00bb transform_scale__hover_enabled=\u00bbon|hover\u00bb transform_translate__hover_enabled=\u00bbon|desktop\u00bb transform_rotate__hover_enabled=\u00bbon|desktop\u00bb transform_skew__hover_enabled=\u00bbon|desktop\u00bb transform_origin__hover_enabled=\u00bbon|desktop\u00bb transform_translate__hover=\u00bb0px|10px\u00bb theme_builder_area=\u00bbpost_content\u00bb][\/et_pb_blurb][\/et_pb_column][\/et_pb_row][et_pb_row column_structure=\u00bb1_3,1_3,1_3&#8243; use_custom_gutter=\u00bbon\u00bb gutter_width=\u00bb1&#8243; make_equal=\u00bbon\u00bb _builder_version=\u00bb4.4.8&#8243; width=\u00bb100%\u00bb max_width=\u00bb100%\u00bb custom_margin=\u00bb0px||0px||true|false\u00bb custom_padding=\u00bb0px||0px||true|false\u00bb global_colors_info=\u00bb{}\u00bb theme_builder_area=\u00bbpost_content\u00bb][et_pb_column type=\u00bb1_3&#8243; _builder_version=\u00bb4.4.8&#8243; global_colors_info=\u00bb{}\u00bb theme_builder_area=\u00bbpost_content\u00bb][et_pb_text module_class=\u00bbflex-center text-hover white-link-underline parasol-installation\u00bb _builder_version=\u00bb4.6.2&#8243; text_font=\u00bb|300|||||||\u00bb header_2_font=\u00bb|700|||||||\u00bb header_2_font_size=\u00bb28px\u00bb header_3_font=\u00bb|300||on|||||\u00bb header_3_font_size=\u00bb13px\u00bb background_enable_color=\u00bboff\u00bb background_image=\u00bbhttps:\/\/www.gaggio.net\/wp-content\/uploads\/2020\/10\/1_Professional_VillaMorolin_Veneto.jpg\u00bb text_orientation=\u00bbcenter\u00bb background_layout=\u00bbdark\u00bb min_height=\u00bb400px\u00bb custom_padding=\u00bb5%|5%|5%|5%|true|true\u00bb global_module=\u00bb5165&#8243; saved_tabs=\u00bball\u00bb global_colors_info=\u00bb{}\u00bb background__hover_enabled=\u00bbon|hover\u00bb background_color__hover=\u00bbrgba(0,0,0,0.6)\u00bb background_enable_color__hover=\u00bbon\u00bb background_blend__hover=\u00bboverlay\u00bb theme_builder_area=\u00bbpost_content\u00bb]<\/p>\n<h3>Italia<\/h3>\n<h2>Villa Morolin<\/h2>\n<p><a href=\"https:\/\/www.gaggio.net\/ombrelloni\/professional\/\">Scopri Professional<\/a><\/p>\n<p>[\/et_pb_text][\/et_pb_column][et_pb_column type=\u00bb1_3&#8243; _builder_version=\u00bb4.4.8&#8243; global_colors_info=\u00bb{}\u00bb theme_builder_area=\u00bbpost_content\u00bb][et_pb_text module_class=\u00bbflex-center text-hover white-link-underline parasol-installation\u00bb _builder_version=\u00bb4.6.2&#8243; text_font=\u00bb|300|||||||\u00bb header_2_font=\u00bb|700|||||||\u00bb header_2_font_size=\u00bb28px\u00bb header_3_font=\u00bb|300||on|||||\u00bb header_3_font_size=\u00bb13px\u00bb background_enable_color=\u00bboff\u00bb background_image=\u00bbhttps:\/\/www.gaggio.net\/wp-content\/uploads\/2020\/10\/7_Maxipro-Hotel-Splendide-Royal-Lugano-1-1.jpg\u00bb text_orientation=\u00bbcenter\u00bb background_layout=\u00bbdark\u00bb min_height=\u00bb400px\u00bb custom_padding=\u00bb5%|5%|5%|5%|true|true\u00bb global_module=\u00bb5136&#8243; saved_tabs=\u00bball\u00bb global_colors_info=\u00bb{}\u00bb background__hover_enabled=\u00bbon|hover\u00bb background_color__hover=\u00bbrgba(0,0,0,0.6)\u00bb background_enable_color__hover=\u00bbon\u00bb background_blend__hover=\u00bboverlay\u00bb theme_builder_area=\u00bbpost_content\u00bb]<\/p>\n<h3>Svizzera<\/h3>\n<h2>Hotel Splendide Royal<\/h2>\n<p><a href=\"https:\/\/www.gaggio.net\/ombrelloni\/maxipro\/\">Scopri Maxipro<\/a><\/p>\n<p>[\/et_pb_text][\/et_pb_column][et_pb_column type=\u00bb1_3&#8243; _builder_version=\u00bb4.4.8&#8243; global_colors_info=\u00bb{}\u00bb theme_builder_area=\u00bbpost_content\u00bb][et_pb_text module_class=\u00bbflex-center text-hover white-link-underline parasol-installation\u00bb _builder_version=\u00bb4.6.2&#8243; text_font=\u00bb|300|||||||\u00bb header_2_font=\u00bb|700|||||||\u00bb header_2_font_size=\u00bb28px\u00bb header_3_font=\u00bb|300||on|||||\u00bb header_3_font_size=\u00bb13px\u00bb background_enable_color=\u00bboff\u00bb background_image=\u00bbhttps:\/\/www.gaggio.net\/wp-content\/uploads\/2020\/10\/5-Golia-LagoGhedina-Cortina.jpg\u00bb text_orientation=\u00bbcenter\u00bb background_layout=\u00bbdark\u00bb min_height=\u00bb400px\u00bb custom_padding=\u00bb5%|5%|5%|5%|true|true\u00bb global_module=\u00bb5202&#8243; global_colors_info=\u00bb{}\u00bb background_color__hover=\u00bbrgba(0,0,0,0.6)\u00bb background__hover_enabled=\u00bbon|hover\u00bb background_enable_color__hover=\u00bbon\u00bb background_blend__hover=\u00bboverlay\u00bb theme_builder_area=\u00bbpost_content\u00bb]<\/p>\n<h3>Italia<\/h3>\n<h2>Lago Ghedina<\/h2>\n<p><a href=\"https:\/\/www.gaggio.net\/ombrelloni\/golia\/\">Scopri Golia<\/a><\/p>\n<p>[\/et_pb_text][\/et_pb_column][\/et_pb_row][et_pb_row column_structure=\u00bb1_3,1_3,1_3&#8243; use_custom_gutter=\u00bbon\u00bb gutter_width=\u00bb1&#8243; make_equal=\u00bbon\u00bb _builder_version=\u00bb4.4.8&#8243; width=\u00bb100%\u00bb max_width=\u00bb100%\u00bb custom_margin=\u00bb0px||0px||true|false\u00bb custom_padding=\u00bb0px||0px||true|false\u00bb global_colors_info=\u00bb{}\u00bb theme_builder_area=\u00bbpost_content\u00bb][et_pb_column type=\u00bb1_3&#8243; _builder_version=\u00bb4.4.8&#8243; global_colors_info=\u00bb{}\u00bb theme_builder_area=\u00bbpost_content\u00bb][et_pb_text module_class=\u00bbflex-center text-hover white-link-underline parasol-installation\u00bb _builder_version=\u00bb4.6.2&#8243; text_font=\u00bb|300|||||||\u00bb header_2_font=\u00bb|700|||||||\u00bb header_2_font_size=\u00bb28px\u00bb header_3_font=\u00bb|300||on|||||\u00bb header_3_font_size=\u00bb13px\u00bb background_enable_color=\u00bboff\u00bb background_image=\u00bbhttps:\/\/www.gaggio.net\/wp-content\/uploads\/2020\/10\/6-Swing-Masi-Wine-Bar-Cortina.jpg\u00bb text_orientation=\u00bbcenter\u00bb background_layout=\u00bbdark\u00bb min_height=\u00bb400px\u00bb custom_padding=\u00bb5%|5%|5%|5%|true|true\u00bb global_module=\u00bb5283&#8243; global_colors_info=\u00bb{}\u00bb background_color__hover=\u00bbrgba(0,0,0,0.6)\u00bb background__hover_enabled=\u00bbon|hover\u00bb background_enable_color__hover=\u00bbon\u00bb background_blend__hover=\u00bboverlay\u00bb theme_builder_area=\u00bbpost_content\u00bb]<\/p>\n<h3>Italia<\/h3>\n<h2>Masi Wine Bar<\/h2>\n<p><a href=\"https:\/\/www.gaggio.net\/ombrelloni\/swing\/\">Scopri Swing<\/a><\/p>\n<p>[\/et_pb_text][\/et_pb_column][et_pb_column type=\u00bb1_3&#8243; _builder_version=\u00bb4.4.8&#8243; global_colors_info=\u00bb{}\u00bb theme_builder_area=\u00bbpost_content\u00bb][et_pb_text module_class=\u00bbflex-center text-hover white-link-underline parasol-installation\u00bb _builder_version=\u00bb4.6.2&#8243; text_font=\u00bb|300|||||||\u00bb header_2_font=\u00bb|700|||||||\u00bb header_2_font_size=\u00bb28px\u00bb header_3_font=\u00bb|300||on|||||\u00bb header_3_font_size=\u00bb13px\u00bb background_enable_color=\u00bboff\u00bb background_image=\u00bbhttps:\/\/www.gaggio.net\/wp-content\/uploads\/2020\/10\/4-Venezia-Hotel-Cristallo-Cortina.jpg\u00bb text_orientation=\u00bbcenter\u00bb background_layout=\u00bbdark\u00bb min_height=\u00bb400px\u00bb custom_padding=\u00bb5%|5%|5%|5%|true|true\u00bb global_module=\u00bb5311&#8243; global_colors_info=\u00bb{}\u00bb background__hover_enabled=\u00bbon|hover\u00bb background_color__hover=\u00bbrgba(0,0,0,0.6)\u00bb background_enable_color__hover=\u00bbon\u00bb background_blend__hover=\u00bboverlay\u00bb theme_builder_area=\u00bbpost_content\u00bb]<\/p>\n<h3>Italia<\/h3>\n<h2>Hotel Cristallo<\/h2>\n<p><a href=\"https:\/\/www.gaggio.net\/ombrelloni\/venezia\/\">Scopri Venezia<\/a><\/p>\n<p>[\/et_pb_text][\/et_pb_column][et_pb_column type=\u00bb1_3&#8243; _builder_version=\u00bb4.4.8&#8243; global_colors_info=\u00bb{}\u00bb theme_builder_area=\u00bbpost_content\u00bb][et_pb_text module_class=\u00bbflex-center text-hover white-link-underline parasol-installation\u00bb _builder_version=\u00bb4.6.2&#8243; text_font=\u00bb|300|||||||\u00bb header_2_font=\u00bb|700|||||||\u00bb header_2_font_size=\u00bb28px\u00bb header_3_font=\u00bb|300||on|||||\u00bb header_3_font_size=\u00bb13px\u00bb background_enable_color=\u00bboff\u00bb background_image=\u00bbhttps:\/\/www.gaggio.net\/wp-content\/uploads\/2020\/10\/3_Maxipro_MasiWineBar_Cortina-1.jpg\u00bb text_orientation=\u00bbcenter\u00bb background_layout=\u00bbdark\u00bb min_height=\u00bb400px\u00bb custom_padding=\u00bb5%|5%|5%|5%|true|true\u00bb global_module=\u00bb5128&#8243; global_colors_info=\u00bb{}\u00bb background__hover_enabled=\u00bbon|hover\u00bb background_color__hover=\u00bbrgba(0,0,0,0.6)\u00bb background_enable_color__hover=\u00bbon\u00bb background_blend__hover=\u00bboverlay\u00bb theme_builder_area=\u00bbpost_content\u00bb]<\/p>\n<h3>Italia<\/h3>\n<h2>Masi Wine Bar<\/h2>\n<p><a href=\"https:\/\/www.gaggio.net\/ombrelloni\/maxipro\/\">Scopri Maxipro<\/a><\/p>\n<p>[\/et_pb_text][\/et_pb_column][\/et_pb_row][\/et_pb_section]<\/p>\n","protected":false},"excerpt":{"rendered":"<p>PARASOLES PARA ESTACIONES DE ESQU\u00cd Y MONTA\u00d1A Parasoles profesionales de alto rendimiento resistentes a la intemperie, a la nieve, al agua yal solLas estaciones de esqu\u00ed, los chalets de monta\u00f1a y otras actividades de las estaciones de monta\u00f1a tienen la particularidad de acoger a sus hu\u00e9spedes tanto en invierno como en verano y, por lo [&hellip;]<\/p>\n","protected":false},"author":1,"featured_media":0,"parent":12066,"menu_order":0,"comment_status":"closed","ping_status":"closed","template":"","meta":{"_et_pb_use_builder":"on","_et_pb_old_content":"","_et_gb_content_width":"","footnotes":""},"class_list":["post-12021","page","type-page","status-publish","hentry"],"yoast_head":"<!-- This site is optimized with the Yoast SEO plugin v27.3 - https:\/\/yoast.com\/product\/yoast-seo-wordpress\/ -->\n<title>PARASOLES PARA ESTACIONES DE ESQU\u00cd Y MONTA\u00d1A - Gaggio<\/title>\n<meta name=\"robots\" content=\"index, follow, max-snippet:-1, max-image-preview:large, max-video-preview:-1\" \/>\n<link rel=\"canonical\" href=\"https:\/\/www.gaggio.net\/prodotti\/ombrelloni-per-stazioni-sciistiche-e-montagna\/\" \/>\n<meta property=\"og:locale\" content=\"es_ES\" \/>\n<meta property=\"og:type\" content=\"article\" \/>\n<meta property=\"og:title\" content=\"PARASOLES PARA ESTACIONES DE ESQU\u00cd Y MONTA\u00d1A - Gaggio\" \/>\n<meta property=\"og:description\" content=\"PARASOLES PARA ESTACIONES DE ESQU\u00cd Y MONTA\u00d1A Parasoles profesionales de alto rendimiento resistentes a la intemperie, a la nieve, al agua yal solLas estaciones de esqu\u00ed, los chalets de monta\u00f1a y otras actividades de las estaciones de monta\u00f1a tienen la particularidad de acoger a sus hu\u00e9spedes tanto en invierno como en verano y, por lo [&hellip;]\" \/>\n<meta property=\"og:url\" content=\"https:\/\/www.gaggio.net\/prodotti\/ombrelloni-per-stazioni-sciistiche-e-montagna\/\" \/>\n<meta property=\"og:site_name\" content=\"Gaggio\" \/>\n<meta property=\"article:modified_time\" content=\"2022-02-07T10:46:24+00:00\" \/>\n<meta name=\"twitter:card\" content=\"summary_large_image\" \/>\n<meta name=\"twitter:label1\" content=\"Tiempo de lectura\" \/>\n\t<meta name=\"twitter:data1\" content=\"10 minutos\" \/>\n<script type=\"application\/ld+json\" class=\"yoast-schema-graph\">{\"@context\":\"https:\\\/\\\/schema.org\",\"@graph\":[{\"@type\":\"WebPage\",\"@id\":\"https:\\\/\\\/www.gaggio.net\\\/prodotti\\\/ombrelloni-per-stazioni-sciistiche-e-montagna\\\/\",\"url\":\"https:\\\/\\\/www.gaggio.net\\\/prodotti\\\/ombrelloni-per-stazioni-sciistiche-e-montagna\\\/\",\"name\":\"PARASOLES PARA ESTACIONES DE ESQU\u00cd Y MONTA\u00d1A - Gaggio\",\"isPartOf\":{\"@id\":\"\\\/#website\"},\"datePublished\":\"2022-02-07T10:46:23+00:00\",\"dateModified\":\"2022-02-07T10:46:24+00:00\",\"breadcrumb\":{\"@id\":\"https:\\\/\\\/www.gaggio.net\\\/prodotti\\\/ombrelloni-per-stazioni-sciistiche-e-montagna\\\/#breadcrumb\"},\"inLanguage\":\"es\",\"potentialAction\":[{\"@type\":\"ReadAction\",\"target\":[\"https:\\\/\\\/www.gaggio.net\\\/prodotti\\\/ombrelloni-per-stazioni-sciistiche-e-montagna\\\/\"]}]},{\"@type\":\"BreadcrumbList\",\"@id\":\"https:\\\/\\\/www.gaggio.net\\\/prodotti\\\/ombrelloni-per-stazioni-sciistiche-e-montagna\\\/#breadcrumb\",\"itemListElement\":[{\"@type\":\"ListItem\",\"position\":1,\"name\":\"Home\",\"item\":\"https:\\\/\\\/www.gaggio.net\\\/\"},{\"@type\":\"ListItem\",\"position\":2,\"name\":\"PRODUCTOS\",\"item\":\"https:\\\/\\\/www.gaggio.net\\\/prodotti\\\/\"},{\"@type\":\"ListItem\",\"position\":3,\"name\":\"PARASOLES PARA ESTACIONES DE ESQU\u00cd Y MONTA\u00d1A\"}]},{\"@type\":\"WebSite\",\"@id\":\"\\\/#website\",\"url\":\"\\\/\",\"name\":\"Gaggio\",\"description\":\"Gaggio\",\"potentialAction\":[{\"@type\":\"SearchAction\",\"target\":{\"@type\":\"EntryPoint\",\"urlTemplate\":\"\\\/?s={search_term_string}\"},\"query-input\":{\"@type\":\"PropertyValueSpecification\",\"valueRequired\":true,\"valueName\":\"search_term_string\"}}],\"inLanguage\":\"es\"}]}<\/script>\n<!-- \/ Yoast SEO plugin. -->","yoast_head_json":{"title":"PARASOLES PARA ESTACIONES DE ESQU\u00cd Y MONTA\u00d1A - Gaggio","robots":{"index":"index","follow":"follow","max-snippet":"max-snippet:-1","max-image-preview":"max-image-preview:large","max-video-preview":"max-video-preview:-1"},"canonical":"https:\/\/www.gaggio.net\/prodotti\/ombrelloni-per-stazioni-sciistiche-e-montagna\/","og_locale":"es_ES","og_type":"article","og_title":"PARASOLES PARA ESTACIONES DE ESQU\u00cd Y MONTA\u00d1A - Gaggio","og_description":"PARASOLES PARA ESTACIONES DE ESQU\u00cd Y MONTA\u00d1A Parasoles profesionales de alto rendimiento resistentes a la intemperie, a la nieve, al agua yal solLas estaciones de esqu\u00ed, los chalets de monta\u00f1a y otras actividades de las estaciones de monta\u00f1a tienen la particularidad de acoger a sus hu\u00e9spedes tanto en invierno como en verano y, por lo [&hellip;]","og_url":"https:\/\/www.gaggio.net\/prodotti\/ombrelloni-per-stazioni-sciistiche-e-montagna\/","og_site_name":"Gaggio","article_modified_time":"2022-02-07T10:46:24+00:00","twitter_card":"summary_large_image","twitter_misc":{"Tiempo de lectura":"10 minutos"},"schema":{"@context":"https:\/\/schema.org","@graph":[{"@type":"WebPage","@id":"https:\/\/www.gaggio.net\/prodotti\/ombrelloni-per-stazioni-sciistiche-e-montagna\/","url":"https:\/\/www.gaggio.net\/prodotti\/ombrelloni-per-stazioni-sciistiche-e-montagna\/","name":"PARASOLES PARA ESTACIONES DE ESQU\u00cd Y MONTA\u00d1A - Gaggio","isPartOf":{"@id":"\/#website"},"datePublished":"2022-02-07T10:46:23+00:00","dateModified":"2022-02-07T10:46:24+00:00","breadcrumb":{"@id":"https:\/\/www.gaggio.net\/prodotti\/ombrelloni-per-stazioni-sciistiche-e-montagna\/#breadcrumb"},"inLanguage":"es","potentialAction":[{"@type":"ReadAction","target":["https:\/\/www.gaggio.net\/prodotti\/ombrelloni-per-stazioni-sciistiche-e-montagna\/"]}]},{"@type":"BreadcrumbList","@id":"https:\/\/www.gaggio.net\/prodotti\/ombrelloni-per-stazioni-sciistiche-e-montagna\/#breadcrumb","itemListElement":[{"@type":"ListItem","position":1,"name":"Home","item":"https:\/\/www.gaggio.net\/"},{"@type":"ListItem","position":2,"name":"PRODUCTOS","item":"https:\/\/www.gaggio.net\/prodotti\/"},{"@type":"ListItem","position":3,"name":"PARASOLES PARA ESTACIONES DE ESQU\u00cd Y MONTA\u00d1A"}]},{"@type":"WebSite","@id":"\/#website","url":"\/","name":"Gaggio","description":"Gaggio","potentialAction":[{"@type":"SearchAction","target":{"@type":"EntryPoint","urlTemplate":"\/?s={search_term_string}"},"query-input":{"@type":"PropertyValueSpecification","valueRequired":true,"valueName":"search_term_string"}}],"inLanguage":"es"}]}},"_links":{"self":[{"href":"https:\/\/www.gaggio.net\/es\/wp-json\/wp\/v2\/pages\/12021","targetHints":{"allow":["GET"]}}],"collection":[{"href":"https:\/\/www.gaggio.net\/es\/wp-json\/wp\/v2\/pages"}],"about":[{"href":"https:\/\/www.gaggio.net\/es\/wp-json\/wp\/v2\/types\/page"}],"author":[{"embeddable":true,"href":"https:\/\/www.gaggio.net\/es\/wp-json\/wp\/v2\/users\/1"}],"replies":[{"embeddable":true,"href":"https:\/\/www.gaggio.net\/es\/wp-json\/wp\/v2\/comments?post=12021"}],"version-history":[{"count":5,"href":"https:\/\/www.gaggio.net\/es\/wp-json\/wp\/v2\/pages\/12021\/revisions"}],"predecessor-version":[{"id":12026,"href":"https:\/\/www.gaggio.net\/es\/wp-json\/wp\/v2\/pages\/12021\/revisions\/12026"}],"up":[{"embeddable":true,"href":"https:\/\/www.gaggio.net\/es\/wp-json\/wp\/v2\/pages\/12066"}],"wp:attachment":[{"href":"https:\/\/www.gaggio.net\/es\/wp-json\/wp\/v2\/media?parent=12021"}],"curies":[{"name":"wp","href":"https:\/\/api.w.org\/{rel}","templated":true}]}}