{"id":15699,"date":"2023-05-31T17:23:37","date_gmt":"2023-05-31T15:23:37","guid":{"rendered":"https:\/\/www.gaggio.net\/linea-de-diseno\/"},"modified":"2023-05-31T18:04:16","modified_gmt":"2023-05-31T16:04:16","slug":"linea-de-diseno","status":"publish","type":"page","link":"https:\/\/www.gaggio.net\/es\/productos\/linea-de-diseno\/","title":{"rendered":"L\u00ednea de Dise\u00f1o"},"content":{"rendered":"<p>[et_pb_section fb_built=\u00bb1&#8243; custom_padding_last_edited=\u00bbon|phone\u00bb module_class=\u00bbsezione-descrizione header-categorie\u00bb _builder_version=\u00bb4.16&#8243; background_enable_image=\u00bboff\u00bb custom_padding=\u00bb250px||0px||false|false\u00bb custom_padding_tablet=\u00bb200px||||false|false\u00bb custom_padding_phone=\u00bb150px||||false|false\u00bb global_colors_info=\u00bb{}\u00bb][et_pb_row module_class=\u00bbtesto-categoria\u00bb _builder_version=\u00bb4.16&#8243; custom_padding=\u00bb0px|||||\u00bb global_colors_info=\u00bb{}\u00bb][et_pb_column type=\u00bb4_4&#8243; _builder_version=\u00bb4.16&#8243; global_colors_info=\u00bb{}\u00bb][et_pb_text module_class=\u00bbpadding-title\u00bb _builder_version=\u00bb4.17.4&#8243; header_font=\u00bb|700|||||||\u00bb header_font_size=\u00bb38px\u00bb header_3_font=\u00bb|300||on|||||\u00bb header_3_font_size=\u00bb14px\u00bb text_orientation=\u00bbcenter\u00bb width=\u00bb100%\u00bb width_tablet=\u00bb100%\u00bb width_phone=\u00bb\u00bb width_last_edited=\u00bbon|tablet\u00bb max_width=\u00bb1200px\u00bb module_alignment=\u00bbcenter\u00bb custom_margin=\u00bb||0px||false|false\u00bb custom_padding=\u00bb||0px||false|false\u00bb global_colors_info=\u00bb{}\u00bb]<\/p>\n<h3>L\u00ednea de Dise\u00f1o<\/h3>\n<h1>Cuando la funcionalidad se fusiona con la est\u00e9tica, nacen obras de arte al aire libre que cuentan historias de elegancia y belleza atemporal<\/h1>\n<p>[\/et_pb_text][et_pb_text _builder_version=\u00bb4.17.4&#8243; text_font=\u00bb|300|||||||\u00bb text_orientation=\u00bbcenter\u00bb width=\u00bb100%\u00bb width_tablet=\u00bb100%\u00bb width_phone=\u00bb\u00bb width_last_edited=\u00bbon|tablet\u00bb max_width=\u00bb1200px\u00bb module_alignment=\u00bbcenter\u00bb custom_padding=\u00bb20px||||false|false\u00bb global_colors_info=\u00bb{}\u00bb]Nuestros parasoles de dise\u00f1o son los protagonistas de este cautivador relato, transformando tu espacio exterior en un lugar m\u00e1gico y lleno de emociones. La L\u00ednea de Dise\u00f1o de Gaggio transforma por completo el cl\u00e1sico concepto de parasol y lo reinventa por completo al combinar est\u00e9tica, funcionalidad e iluminaci\u00f3n, dando lugar a objetos de dise\u00f1o con formas audaces, detalles refinados y l\u00edneas elegantes que crean atmosferas \u00fanicas. Elegir la l\u00ednea de dise\u00f1o significa crear espacios exteriores donde la belleza se encuentra con la funcionalidad y lo ordinario se transforma en extraordinario.[\/et_pb_text][\/et_pb_column][\/et_pb_row][\/et_pb_section][et_pb_section fb_built=\u00bb1&#8243; custom_padding_last_edited=\u00bbon|tablet\u00bb module_id=\u00bbportfolio\u00bb module_class=\u00bbsezione-portfolio\u00bb _builder_version=\u00bb4.16&#8243; custom_padding=\u00bb0px||100px||false|false\u00bb custom_padding_tablet=\u00bb||50px||false|false\u00bb custom_padding_phone=\u00bb||0px||false|false\u00bb global_colors_info=\u00bb{}\u00bb][et_pb_row use_custom_gutter=\u00bbon\u00bb gutter_width=\u00bb1&#8243; _builder_version=\u00bb4.16&#8243; _module_preset=\u00bbdefault\u00bb custom_padding=\u00bb||35px|||\u00bb global_colors_info=\u00bb{}\u00bb][et_pb_column type=\u00bb4_4&#8243; module_class=\u00bbpulsanti-allineati\u00bb _builder_version=\u00bb4.16&#8243; _module_preset=\u00bbdefault\u00bb custom_padding=\u00bb|5px||5px|false|true\u00bb global_colors_info=\u00bb{}\u00bb][et_pb_button button_url=\u00bbhttps:\/\/www.gaggio.net\/es\/productos\/\u00bb button_text=\u00bbIr a todos los parasoles\u00bb button_alignment_tablet=\u00bbcenter\u00bb button_alignment_phone=\u00bb\u00bb button_alignment_last_edited=\u00bbon|desktop\u00bb _builder_version=\u00bb4.17.4&#8243; _module_preset=\u00bbdefault\u00bb custom_button=\u00bbon\u00bb button_text_size=\u00bb14px\u00bb button_text_color=\u00bb#ffffff\u00bb button_bg_color=\u00bb#575756&#8243; button_border_color=\u00bb#575756&#8243; button_border_radius=\u00bb20px\u00bb button_use_icon=\u00bboff\u00bb custom_margin=\u00bb|5px|10px|5px|false|true\u00bb custom_padding=\u00bb5px|15px|5px|15px|true|true\u00bb global_colors_info=\u00bb{}\u00bb button_bg_color__hover_enabled=\u00bbon|hover\u00bb button_bg_color__hover=\u00bb#e42620&#8243; button_bg_enable_color__hover=\u00bbon\u00bb button_border_color__hover_enabled=\u00bbon|hover\u00bb button_border_color__hover=\u00bb#e42620&#8243;][\/et_pb_button][et_pb_button button_url=\u00bbhttps:\/\/www.gaggio.net\/es\/productos\/parasoles-con-mastil-central\/\u00bb button_text=\u00bbParasoles con m\u00e1stil central\u00bb button_alignment_tablet=\u00bbcenter\u00bb button_alignment_phone=\u00bb\u00bb button_alignment_last_edited=\u00bbon|tablet\u00bb _builder_version=\u00bb4.17.4&#8243; _module_preset=\u00bbdefault\u00bb custom_button=\u00bbon\u00bb button_text_size=\u00bb14px\u00bb button_text_color=\u00bb#ffffff\u00bb button_bg_color=\u00bb#e42620&#8243; button_border_color=\u00bb#e42620&#8243; button_border_radius=\u00bb20px\u00bb button_use_icon=\u00bboff\u00bb custom_margin=\u00bb|5px|10px|5px|false|true\u00bb custom_padding=\u00bb5px|15px|5px|15px|true|true\u00bb hover_enabled=\u00bb0&#8243; global_colors_info=\u00bb{}\u00bb button_bg_color__hover_enabled=\u00bbon|hover\u00bb button_bg_color__hover=\u00bb#e42620&#8243; button_bg_enable_color__hover=\u00bbon\u00bb button_border_color__hover_enabled=\u00bbon|hover\u00bb button_border_color__hover=\u00bb#e42620&#8243; sticky_enabled=\u00bb0&#8243;][\/et_pb_button][et_pb_button button_url=\u00bbhttps:\/\/www.gaggio.net\/es\/productos\/parasoles-con-mastil-lateral\/\u00bb button_text=\u00bbParasoles con m\u00e1stil lateral\u00bb button_alignment_tablet=\u00bbcenter\u00bb button_alignment_phone=\u00bb\u00bb button_alignment_last_edited=\u00bbon|tablet\u00bb _builder_version=\u00bb4.17.4&#8243; _module_preset=\u00bbdefault\u00bb custom_button=\u00bbon\u00bb button_text_size=\u00bb14px\u00bb button_text_color=\u00bb#ffffff\u00bb button_bg_color=\u00bb#e42620&#8243; button_border_color=\u00bb#e42620&#8243; button_border_radius=\u00bb20px\u00bb button_use_icon=\u00bboff\u00bb custom_margin=\u00bb|5px|10px|5px|false|true\u00bb custom_padding=\u00bb5px|15px|5px|15px|true|true\u00bb hover_enabled=\u00bb0&#8243; global_colors_info=\u00bb{}\u00bb button_bg_color__hover_enabled=\u00bbon|hover\u00bb button_bg_color__hover=\u00bb#e42620&#8243; button_bg_enable_color__hover=\u00bbon\u00bb button_border_color__hover_enabled=\u00bbon|hover\u00bb button_border_color__hover=\u00bb#e42620&#8243; sticky_enabled=\u00bb0&#8243;][\/et_pb_button][et_pb_button button_url=\u00bbhttps:\/\/www.gaggio.net\/en\/ombrelloni\/golia\/\u00bb button_text=\u00bbParasoles Gigantes\u00bb button_alignment_tablet=\u00bbcenter\u00bb button_alignment_phone=\u00bb\u00bb button_alignment_last_edited=\u00bbon|tablet\u00bb _builder_version=\u00bb4.17.4&#8243; _module_preset=\u00bbdefault\u00bb custom_button=\u00bbon\u00bb button_text_size=\u00bb14px\u00bb button_text_color=\u00bb#ffffff\u00bb button_bg_color=\u00bb#e42620&#8243; button_border_color=\u00bb#e42620&#8243; button_border_radius=\u00bb20px\u00bb button_use_icon=\u00bboff\u00bb custom_margin=\u00bb|5px||5px|false|true\u00bb custom_padding=\u00bb5px|15px|5px|15px|true|true\u00bb global_colors_info=\u00bb{}\u00bb button_bg_color__hover_enabled=\u00bbon|hover\u00bb button_bg_color__hover=\u00bb#e42620&#8243; button_bg_enable_color__hover=\u00bbon\u00bb button_border_color__hover_enabled=\u00bbon|hover\u00bb button_border_color__hover=\u00bb#e42620&#8243;][\/et_pb_button][\/et_pb_column][\/et_pb_row][et_pb_row _builder_version=\u00bb4.16&#8243; width=\u00bb90%\u00bb global_colors_info=\u00bb{}\u00bb][et_pb_column type=\u00bb4_4&#8243; _builder_version=\u00bb4.16&#8243; global_colors_info=\u00bb{}\u00bb][et_pb_portfolio fullwidth=\u00bboff\u00bb include_categories=\u00bb147&#8243; show_categories=\u00bboff\u00bb show_pagination=\u00bboff\u00bb module_class=\u00bblinea-design\u00bb _builder_version=\u00bb4.17.4&#8243; title_font=\u00bb|||on|||||\u00bb title_font_size=\u00bb16px\u00bb text_orientation=\u00bbcenter\u00bb border_radii_image=\u00bbon|5px|5px|5px|5px\u00bb global_colors_info=\u00bb{}\u00bb][\/et_pb_portfolio][\/et_pb_column][\/et_pb_row][\/et_pb_section][et_pb_section fb_built=\u00bb1&#8243; module_id=\u00bbgallery\u00bb _builder_version=\u00bb4.16&#8243; custom_padding=\u00bb0px||0px||false|false\u00bb global_colors_info=\u00bb{}\u00bb][et_pb_row module_class=\u00bbblack-link\u00bb _builder_version=\u00bb4.16&#8243; custom_margin=\u00bb50px||||false|false\u00bb custom_padding=\u00bb||0px|||\u00bb global_colors_info=\u00bb{}\u00bb][et_pb_column type=\u00bb4_4&#8243; _builder_version=\u00bb4.16&#8243; global_colors_info=\u00bb{}\u00bb][et_pb_text _builder_version=\u00bb4.16&#8243; text_font=\u00bb|||on|||||\u00bb text_orientation=\u00bbcenter\u00bb custom_margin=\u00bb||20px||false|false\u00bb global_colors_info=\u00bb{}\u00bb]<\/p>\n<p><a href=\"#gallery\">VER ALGUNOS DE NUESTROS LOGROS<\/a><\/p>\n<p>[\/et_pb_text][et_pb_blurb url=\u00bb#gallery\u00bb use_icon=\u00bbon\u00bb font_icon=\u00bb&#x22;||divi||400&#8243; icon_color=\u00bb#000000&#8243; image_icon_width=\u00bb32px\u00bb _builder_version=\u00bb4.16&#8243; transform_translate_linked__hover=\u00bboff\u00bb icon_font_size=\u00bb32px\u00bb global_colors_info=\u00bb{}\u00bb transform_styles__hover_enabled=\u00bbon|hover\u00bb transform_scale__hover_enabled=\u00bbon|hover\u00bb transform_translate__hover_enabled=\u00bbon|desktop\u00bb transform_rotate__hover_enabled=\u00bbon|desktop\u00bb transform_skew__hover_enabled=\u00bbon|desktop\u00bb transform_origin__hover_enabled=\u00bbon|desktop\u00bb transform_translate__hover=\u00bb0px|10px\u00bb][\/et_pb_blurb][\/et_pb_column][\/et_pb_row][et_pb_row column_structure=\u00bb1_3,1_3,1_3&#8243; use_custom_gutter=\u00bbon\u00bb gutter_width=\u00bb1&#8243; make_equal=\u00bbon\u00bb _builder_version=\u00bb4.16&#8243; width=\u00bb100%\u00bb max_width=\u00bb100%\u00bb custom_margin=\u00bb0px||0px||true|false\u00bb custom_padding=\u00bb0px||0px||true|false\u00bb global_colors_info=\u00bb{}\u00bb][et_pb_column type=\u00bb1_3&#8243; _builder_version=\u00bb4.16&#8243; global_colors_info=\u00bb{}\u00bb][et_pb_text module_class=\u00bbflex-center text-hover white-link-underline parasol-installation\u00bb _builder_version=\u00bb4.16&#8243; text_font=\u00bb|300|||||||\u00bb header_2_font=\u00bb|700|||||||\u00bb header_2_font_size=\u00bb28px\u00bb header_3_font=\u00bb|300||on|||||\u00bb header_3_font_size=\u00bb13px\u00bb background_enable_color=\u00bboff\u00bb background_image=\u00bbhttps:\/\/www.gaggio.net\/wp-content\/uploads\/2020\/10\/Ombrellone-design-Gaggio-Pyramid-Sky-Terrace-Hotel-Marad-Torre-Del-Greco-Napoli.jpg\u00bb text_orientation=\u00bbcenter\u00bb background_layout=\u00bbdark\u00bb min_height=\u00bb400px\u00bb custom_padding=\u00bb5%|5%|5%|5%|true|true\u00bb global_module=\u00bb5877&#8243; saved_tabs=\u00bball\u00bb global_colors_info=\u00bb{}\u00bb background__hover_enabled=\u00bbon|hover\u00bb background_color__hover=\u00bbrgba(0,0,0,0.6)\u00bb background_enable_color__hover=\u00bbon\u00bb background_blend__hover=\u00bboverlay\u00bb]<\/p>\n<h3>Italia<\/h3>\n<h2>Hotel Marad<\/h2>\n<p><a href=\"https:\/\/www.gaggio.net\/es\/ombrelloni\/pyramid\/\">Descubre Pyramid<\/a><\/p>\n<p>[\/et_pb_text][\/et_pb_column][et_pb_column type=\u00bb1_3&#8243; _builder_version=\u00bb4.16&#8243; global_colors_info=\u00bb{}\u00bb][et_pb_text module_class=\u00bbflex-center text-hover white-link-underline parasol-installation\u00bb _builder_version=\u00bb4.6.2&#8243; text_font=\u00bb|300|||||||\u00bb header_2_font=\u00bb|700|||||||\u00bb header_2_font_size=\u00bb28px\u00bb header_3_font=\u00bb|300||on|||||\u00bb header_3_font_size=\u00bb13px\u00bb background_enable_color=\u00bboff\u00bb background_image=\u00bbhttps:\/\/www.gaggio.net\/wp-content\/uploads\/2020\/10\/Ombrellone-design-Gaggio-Pyramid-_GolfClub_CaDellaNave-Venice.jpg\u00bb text_orientation=\u00bbcenter\u00bb background_layout=\u00bbdark\u00bb min_height=\u00bb400px\u00bb custom_padding=\u00bb5%|5%|5%|5%|true|true\u00bb global_module=\u00bb5873&#8243; saved_tabs=\u00bball\u00bb global_colors_info=\u00bb{}\u00bb background__hover_enabled=\u00bbon|hover\u00bb background_color__hover=\u00bbrgba(0,0,0,0.6)\u00bb background_enable_color__hover=\u00bbon\u00bb background_blend__hover=\u00bboverlay\u00bb]<\/p>\n<h3>Italia<\/h3>\n<h2>Golf Club C\u00e0 della Nave<\/h2>\n<p><a href=\"https:\/\/www.gaggio.net\/es\/ombrelloni\/pyramid\/\">Descubre Pyramid<\/a><\/p>\n<p>[\/et_pb_text][\/et_pb_column][et_pb_column type=\u00bb1_3&#8243; _builder_version=\u00bb4.16&#8243; global_colors_info=\u00bb{}\u00bb][et_pb_text module_class=\u00bbflex-center text-hover white-link-underline parasol-installation\u00bb _builder_version=\u00bb4.6.2&#8243; text_font=\u00bb|300|||||||\u00bb header_2_font=\u00bb|700|||||||\u00bb header_2_font_size=\u00bb28px\u00bb header_3_font=\u00bb|300||on|||||\u00bb header_3_font_size=\u00bb13px\u00bb background_enable_color=\u00bboff\u00bb background_image=\u00bbhttps:\/\/www.gaggio.net\/wp-content\/uploads\/2020\/10\/Ombrellone-design-Gaggio-Pyramid_Fuorisalone-Milano-2018-3.jpg\u00bb text_orientation=\u00bbcenter\u00bb background_layout=\u00bbdark\u00bb min_height=\u00bb400px\u00bb custom_padding=\u00bb5%|5%|5%|5%|true|true\u00bb global_module=\u00bb5871&#8243; saved_tabs=\u00bball\u00bb global_colors_info=\u00bb{}\u00bb background__hover_enabled=\u00bbon|hover\u00bb background_color__hover=\u00bbrgba(0,0,0,0.6)\u00bb background_enable_color__hover=\u00bbon\u00bb background_blend__hover=\u00bboverlay\u00bb]<\/p>\n<h3>Italia<\/h3>\n<h2>Fuorisalone Milano<\/h2>\n<p><a href=\"https:\/\/www.gaggio.net\/es\/ombrelloni\/pyramid\/\">Descubre Pyramid<\/a><\/p>\n<p>[\/et_pb_text][\/et_pb_column][\/et_pb_row][\/et_pb_section]<\/p>\n","protected":false},"excerpt":{"rendered":"<p>L\u00ednea de Dise\u00f1o Cuando la funcionalidad se fusiona con la est\u00e9tica, nacen obras de arte al aire libre que cuentan historias de elegancia y belleza atemporalNuestros parasoles de dise\u00f1o son los protagonistas de este cautivador relato, transformando tu espacio exterior en un lugar m\u00e1gico y lleno de emociones. La L\u00ednea de Dise\u00f1o de Gaggio transforma [&hellip;]<\/p>\n","protected":false},"author":1,"featured_media":0,"parent":12066,"menu_order":0,"comment_status":"closed","ping_status":"closed","template":"","meta":{"_et_pb_use_builder":"on","_et_pb_old_content":"","_et_gb_content_width":"","footnotes":""},"class_list":["post-15699","page","type-page","status-publish","hentry"],"yoast_head":"<!-- This site is optimized with the Yoast SEO plugin v27.3 - https:\/\/yoast.com\/product\/yoast-seo-wordpress\/ -->\n<title>L\u00ednea de Dise\u00f1o - Gaggio<\/title>\n<meta name=\"robots\" content=\"index, follow, max-snippet:-1, max-image-preview:large, max-video-preview:-1\" \/>\n<link rel=\"canonical\" href=\"https:\/\/www.gaggio.net\/prodotti\/linea-design\/\" \/>\n<meta property=\"og:locale\" content=\"es_ES\" \/>\n<meta property=\"og:type\" content=\"article\" \/>\n<meta property=\"og:title\" content=\"L\u00ednea de Dise\u00f1o - Gaggio\" \/>\n<meta property=\"og:description\" content=\"L\u00ednea de Dise\u00f1o Cuando la funcionalidad se fusiona con la est\u00e9tica, nacen obras de arte al aire libre que cuentan historias de elegancia y belleza atemporalNuestros parasoles de dise\u00f1o son los protagonistas de este cautivador relato, transformando tu espacio exterior en un lugar m\u00e1gico y lleno de emociones. La L\u00ednea de Dise\u00f1o de Gaggio transforma [&hellip;]\" \/>\n<meta property=\"og:url\" content=\"https:\/\/www.gaggio.net\/prodotti\/linea-design\/\" \/>\n<meta property=\"og:site_name\" content=\"Gaggio\" \/>\n<meta property=\"article:modified_time\" content=\"2023-05-31T16:04:16+00:00\" \/>\n<meta name=\"twitter:card\" content=\"summary_large_image\" \/>\n<meta name=\"twitter:label1\" content=\"Tiempo de lectura\" \/>\n\t<meta name=\"twitter:data1\" content=\"7 minutos\" \/>\n<script type=\"application\/ld+json\" class=\"yoast-schema-graph\">{\"@context\":\"https:\\\/\\\/schema.org\",\"@graph\":[{\"@type\":\"WebPage\",\"@id\":\"https:\\\/\\\/www.gaggio.net\\\/prodotti\\\/linea-design\\\/\",\"url\":\"https:\\\/\\\/www.gaggio.net\\\/prodotti\\\/linea-design\\\/\",\"name\":\"L\u00ednea de Dise\u00f1o - Gaggio\",\"isPartOf\":{\"@id\":\"\\\/#website\"},\"datePublished\":\"2023-05-31T15:23:37+00:00\",\"dateModified\":\"2023-05-31T16:04:16+00:00\",\"breadcrumb\":{\"@id\":\"https:\\\/\\\/www.gaggio.net\\\/prodotti\\\/linea-design\\\/#breadcrumb\"},\"inLanguage\":\"es\",\"potentialAction\":[{\"@type\":\"ReadAction\",\"target\":[\"https:\\\/\\\/www.gaggio.net\\\/prodotti\\\/linea-design\\\/\"]}]},{\"@type\":\"BreadcrumbList\",\"@id\":\"https:\\\/\\\/www.gaggio.net\\\/prodotti\\\/linea-design\\\/#breadcrumb\",\"itemListElement\":[{\"@type\":\"ListItem\",\"position\":1,\"name\":\"Home\",\"item\":\"https:\\\/\\\/www.gaggio.net\\\/\"},{\"@type\":\"ListItem\",\"position\":2,\"name\":\"PRODUCTOS\",\"item\":\"https:\\\/\\\/www.gaggio.net\\\/prodotti\\\/\"},{\"@type\":\"ListItem\",\"position\":3,\"name\":\"L\u00ednea de Dise\u00f1o\"}]},{\"@type\":\"WebSite\",\"@id\":\"\\\/#website\",\"url\":\"\\\/\",\"name\":\"Gaggio\",\"description\":\"Gaggio\",\"potentialAction\":[{\"@type\":\"SearchAction\",\"target\":{\"@type\":\"EntryPoint\",\"urlTemplate\":\"\\\/?s={search_term_string}\"},\"query-input\":{\"@type\":\"PropertyValueSpecification\",\"valueRequired\":true,\"valueName\":\"search_term_string\"}}],\"inLanguage\":\"es\"}]}<\/script>\n<!-- \/ Yoast SEO plugin. -->","yoast_head_json":{"title":"L\u00ednea de Dise\u00f1o - Gaggio","robots":{"index":"index","follow":"follow","max-snippet":"max-snippet:-1","max-image-preview":"max-image-preview:large","max-video-preview":"max-video-preview:-1"},"canonical":"https:\/\/www.gaggio.net\/prodotti\/linea-design\/","og_locale":"es_ES","og_type":"article","og_title":"L\u00ednea de Dise\u00f1o - Gaggio","og_description":"L\u00ednea de Dise\u00f1o Cuando la funcionalidad se fusiona con la est\u00e9tica, nacen obras de arte al aire libre que cuentan historias de elegancia y belleza atemporalNuestros parasoles de dise\u00f1o son los protagonistas de este cautivador relato, transformando tu espacio exterior en un lugar m\u00e1gico y lleno de emociones. La L\u00ednea de Dise\u00f1o de Gaggio transforma [&hellip;]","og_url":"https:\/\/www.gaggio.net\/prodotti\/linea-design\/","og_site_name":"Gaggio","article_modified_time":"2023-05-31T16:04:16+00:00","twitter_card":"summary_large_image","twitter_misc":{"Tiempo de lectura":"7 minutos"},"schema":{"@context":"https:\/\/schema.org","@graph":[{"@type":"WebPage","@id":"https:\/\/www.gaggio.net\/prodotti\/linea-design\/","url":"https:\/\/www.gaggio.net\/prodotti\/linea-design\/","name":"L\u00ednea de Dise\u00f1o - Gaggio","isPartOf":{"@id":"\/#website"},"datePublished":"2023-05-31T15:23:37+00:00","dateModified":"2023-05-31T16:04:16+00:00","breadcrumb":{"@id":"https:\/\/www.gaggio.net\/prodotti\/linea-design\/#breadcrumb"},"inLanguage":"es","potentialAction":[{"@type":"ReadAction","target":["https:\/\/www.gaggio.net\/prodotti\/linea-design\/"]}]},{"@type":"BreadcrumbList","@id":"https:\/\/www.gaggio.net\/prodotti\/linea-design\/#breadcrumb","itemListElement":[{"@type":"ListItem","position":1,"name":"Home","item":"https:\/\/www.gaggio.net\/"},{"@type":"ListItem","position":2,"name":"PRODUCTOS","item":"https:\/\/www.gaggio.net\/prodotti\/"},{"@type":"ListItem","position":3,"name":"L\u00ednea de Dise\u00f1o"}]},{"@type":"WebSite","@id":"\/#website","url":"\/","name":"Gaggio","description":"Gaggio","potentialAction":[{"@type":"SearchAction","target":{"@type":"EntryPoint","urlTemplate":"\/?s={search_term_string}"},"query-input":{"@type":"PropertyValueSpecification","valueRequired":true,"valueName":"search_term_string"}}],"inLanguage":"es"}]}},"_links":{"self":[{"href":"https:\/\/www.gaggio.net\/es\/wp-json\/wp\/v2\/pages\/15699","targetHints":{"allow":["GET"]}}],"collection":[{"href":"https:\/\/www.gaggio.net\/es\/wp-json\/wp\/v2\/pages"}],"about":[{"href":"https:\/\/www.gaggio.net\/es\/wp-json\/wp\/v2\/types\/page"}],"author":[{"embeddable":true,"href":"https:\/\/www.gaggio.net\/es\/wp-json\/wp\/v2\/users\/1"}],"replies":[{"embeddable":true,"href":"https:\/\/www.gaggio.net\/es\/wp-json\/wp\/v2\/comments?post=15699"}],"version-history":[{"count":5,"href":"https:\/\/www.gaggio.net\/es\/wp-json\/wp\/v2\/pages\/15699\/revisions"}],"predecessor-version":[{"id":15720,"href":"https:\/\/www.gaggio.net\/es\/wp-json\/wp\/v2\/pages\/15699\/revisions\/15720"}],"up":[{"embeddable":true,"href":"https:\/\/www.gaggio.net\/es\/wp-json\/wp\/v2\/pages\/12066"}],"wp:attachment":[{"href":"https:\/\/www.gaggio.net\/es\/wp-json\/wp\/v2\/media?parent=15699"}],"curies":[{"name":"wp","href":"https:\/\/api.w.org\/{rel}","templated":true}]}}