{"id":16009,"date":"2023-07-05T16:28:25","date_gmt":"2023-07-05T14:28:25","guid":{"rendered":"https:\/\/www.gaggio.net\/news-gaggio\/"},"modified":"2023-07-05T16:44:56","modified_gmt":"2023-07-05T14:44:56","slug":"news","status":"publish","type":"page","link":"https:\/\/www.gaggio.net\/es\/news\/","title":{"rendered":"News"},"content":{"rendered":"<p>[et_pb_section fb_built=\u00bb1&#8243; custom_padding_last_edited=\u00bbon|tablet\u00bb module_class=\u00bbheader-pagine\u00bb _builder_version=\u00bb4.16&#8243; z_index=\u00bb500&#8243; custom_padding=\u00bb200px||0px||false|false\u00bb custom_padding_tablet=\u00bb130px||0px||false|false\u00bb custom_padding_phone=\u00bb\u00bb global_colors_info=\u00bb{}\u00bb theme_builder_area=\u00bbpost_content\u00bb][et_pb_row column_structure=\u00bb2_3,1_3&#8243; use_custom_gutter=\u00bbon\u00bb make_equal=\u00bbon\u00bb _builder_version=\u00bb4.16&#8243; width=\u00bb90%\u00bb global_colors_info=\u00bb{}\u00bb theme_builder_area=\u00bbpost_content\u00bb][et_pb_column type=\u00bb2_3&#8243; _builder_version=\u00bb4.16&#8243; global_colors_info=\u00bb{}\u00bb theme_builder_area=\u00bbpost_content\u00bb][et_pb_text _builder_version=\u00bb4.16&#8243; _dynamic_attributes=\u00bbcontent\u00bb header_font=\u00bb||||||||\u00bb header_font_size=\u00bb80px\u00bb custom_margin=\u00bb||25px|||\u00bb global_colors_info=\u00bb{}\u00bb theme_builder_area=\u00bbpost_content\u00bb]@ET-DC@eyJkeW5hbWljIjp0cnVlLCJjb250ZW50IjoicG9zdF90aXRsZSIsInNldHRpbmdzIjp7ImJlZm9yZSI6IjxoMT4iLCJhZnRlciI6IjxcL2gxPiJ9fQ==@[\/et_pb_text][et_pb_text _builder_version=\u00bb4.16&#8243; text_font=\u00bb|300|||||||\u00bb width=\u00bb60%\u00bb width_tablet=\u00bb\u00bb width_phone=\u00bb\u00bb width_last_edited=\u00bbon|phone\u00bb module_alignment=\u00bbleft\u00bb global_colors_info=\u00bb{}\u00bb theme_builder_area=\u00bbpost_content\u00bb]\u00daltimas noticias Novedades y avances del mundo de los paraguas, el dise\u00f1o y el mobiliario para exteriores de Gaggio. D\u00e9jate inspirar por las nuevas creaciones, por las tendencias de los productos. [\/et_pb_text][\/et_pb_column][et_pb_column type=\u00bb1_3&#8243; _builder_version=\u00bb4.16&#8243; global_colors_info=\u00bb{}\u00bb theme_builder_area=\u00bbpost_content\u00bb][et_pb_text _builder_version=\u00bb4.16&#8243; text_font=\u00bb|700|||||||\u00bb text_font_size=\u00bb24px\u00bb text_line_height=\u00bb1.4em\u00bb header_3_font=\u00bb|300||on|||||\u00bb header_3_font_size=\u00bb14px\u00bb custom_margin=\u00bb||10px||false|false\u00bb global_colors_info=\u00bb{}\u00bb theme_builder_area=\u00bbpost_content\u00bb]<\/p>\n<h3>EN EVIDENCIA<\/h3>\n<p>[\/et_pb_text][et_pb_blog posts_number=\u00bb3&#8243; include_categories=\u00bball\u00bb meta_date=\u00bbj M Y\u00bb show_thumbnail=\u00bboff\u00bb use_manual_excerpt=\u00bboff\u00bb show_author=\u00bboff\u00bb show_date=\u00bboff\u00bb show_categories=\u00bboff\u00bb show_excerpt=\u00bboff\u00bb show_pagination=\u00bboff\u00bb module_class=\u00bbblog-evidenza\u00bb _builder_version=\u00bb4.16&#8243; header_font=\u00bb||||||||\u00bb header_font_size=\u00bb18px\u00bb header_line_height=\u00bb1.2em\u00bb global_colors_info=\u00bb{}\u00bb theme_builder_area=\u00bbpost_content\u00bb][\/et_pb_blog][\/et_pb_column][\/et_pb_row][\/et_pb_section][et_pb_section fb_built=\u00bb1&#8243; custom_padding_last_edited=\u00bbon|phone\u00bb _builder_version=\u00bb4.16&#8243; custom_margin=\u00bb0px||0px||true|false\u00bb custom_padding=\u00bb100px||100px||true|false\u00bb custom_padding_tablet=\u00bb0px||50px||false|false\u00bb custom_padding_phone=\u00bb\u00bb global_colors_info=\u00bb{}\u00bb theme_builder_area=\u00bbpost_content\u00bb][et_pb_row column_structure=\u00bb2_3,1_3&#8243; use_custom_gutter=\u00bbon\u00bb make_equal=\u00bbon\u00bb module_class=\u00bbflexible-column column-collapse\u00bb _builder_version=\u00bb4.16&#8243; width=\u00bb90%\u00bb custom_margin=\u00bb||0px||false|false\u00bb custom_padding=\u00bb||0px||false|false\u00bb global_colors_info=\u00bb{}\u00bb theme_builder_area=\u00bbpost_content\u00bb][et_pb_column type=\u00bb2_3&#8243; _builder_version=\u00bb4.16&#8243; global_colors_info=\u00bb{}\u00bb theme_builder_area=\u00bbpost_content\u00bb][et_pb_blog posts_number=\u00bb1&#8243; include_categories=\u00bbcurrent\u00bb show_author=\u00bboff\u00bb show_date=\u00bboff\u00bb show_categories=\u00bboff\u00bb show_excerpt=\u00bboff\u00bb show_pagination=\u00bboff\u00bb module_class=\u00bblatest-article\u00bb _builder_version=\u00bb4.16&#8243; global_colors_info=\u00bb{}\u00bb theme_builder_area=\u00bbpost_content\u00bb][\/et_pb_blog][\/et_pb_column][et_pb_column type=\u00bb1_3&#8243; _builder_version=\u00bb4.16&#8243; custom_padding=\u00bb|19px||19px|false|true\u00bb global_colors_info=\u00bb{}\u00bb theme_builder_area=\u00bbpost_content\u00bb][et_pb_text _builder_version=\u00bb4.16&#8243; header_3_font=\u00bb|300||on|||||\u00bb header_3_font_size=\u00bb14px\u00bb custom_margin=\u00bb||0px||false|false\u00bb custom_padding_tablet=\u00bb\u00bb custom_padding_phone=\u00bb20px||||false|false\u00bb custom_padding_last_edited=\u00bbon|phone\u00bb global_colors_info=\u00bb{}\u00bb theme_builder_area=\u00bbpost_content\u00bb]<\/p>\n<h3>\u00faltimo art\u00edculo<\/h3>\n<p>[\/et_pb_text][et_pb_blog posts_number=\u00bb1&#8243; include_categories=\u00bbcurrent\u00bb meta_date=\u00bbj M, Y\u00bb show_thumbnail=\u00bboff\u00bb excerpt_length=\u00bb150&#8243; show_more=\u00bbon\u00bb show_author=\u00bboff\u00bb show_categories=\u00bboff\u00bb show_pagination=\u00bboff\u00bb module_class=\u00bblatest-post-info\u00bb _builder_version=\u00bb4.16&#8243; header_font=\u00bb||||||||\u00bb header_font_size=\u00bb24px\u00bb header_line_height=\u00bb1.2em\u00bb body_font=\u00bb|300|||||||\u00bb body_font_size=\u00bb14px\u00bb body_line_height=\u00bb1.3em\u00bb meta_font=\u00bb|300||on|||||\u00bb meta_font_size=\u00bb12px\u00bb read_more_font=\u00bb|700||on|||||\u00bb read_more_text_color=\u00bb#e42620&#8243; global_colors_info=\u00bb{}\u00bb read_more_text_color__hover_enabled=\u00bbon|hover\u00bb read_more_text_color__hover=\u00bb#575756&#8243; theme_builder_area=\u00bbpost_content\u00bb][\/et_pb_blog][\/et_pb_column][\/et_pb_row][et_pb_row use_custom_gutter=\u00bbon\u00bb _builder_version=\u00bb4.16&#8243; width=\u00bb90%\u00bb global_colors_info=\u00bb{}\u00bb theme_builder_area=\u00bbpost_content\u00bb][et_pb_column type=\u00bb4_4&#8243; _builder_version=\u00bb4.16&#8243; global_colors_info=\u00bb{}\u00bb theme_builder_area=\u00bbpost_content\u00bb][et_pb_blog fullwidth=\u00bboff\u00bb include_categories=\u00bbcurrent\u00bb meta_date=\u00bbj M, Y\u00bb excerpt_length=\u00bb150&#8243; show_more=\u00bbon\u00bb show_author=\u00bboff\u00bb show_categories=\u00bboff\u00bb show_pagination=\u00bboff\u00bb offset_number=\u00bb1&#8243; _builder_version=\u00bb4.16&#8243; header_font=\u00bb||||||||\u00bb header_font_size=\u00bb20px\u00bb header_line_height=\u00bb1.2em\u00bb body_font=\u00bb|300|||||||\u00bb body_font_size=\u00bb14px\u00bb body_line_height=\u00bb1.3em\u00bb meta_font=\u00bb|300||on|||||\u00bb meta_font_size=\u00bb12px\u00bb read_more_font=\u00bb|700||on|||||\u00bb read_more_text_color=\u00bb#e42620&#8243; border_width_all=\u00bb0px\u00bb global_colors_info=\u00bb{}\u00bb read_more_text_color__hover_enabled=\u00bbon|hover\u00bb read_more_text_color__hover=\u00bb#575756&#8243; theme_builder_area=\u00bbpost_content\u00bb][\/et_pb_blog][\/et_pb_column][\/et_pb_row][\/et_pb_section]<\/p>\n","protected":false},"excerpt":{"rendered":"<p>\u00daltimas noticias Novedades y avances del mundo de los paraguas, el dise\u00f1o y el mobiliario para exteriores de Gaggio. D\u00e9jate inspirar por las nuevas creaciones, por las tendencias de los productos. EN EVIDENCIA\u00faltimo art\u00edculo<\/p>\n","protected":false},"author":1,"featured_media":0,"parent":0,"menu_order":0,"comment_status":"closed","ping_status":"closed","template":"","meta":{"_et_pb_use_builder":"on","_et_pb_old_content":"","_et_gb_content_width":"","footnotes":""},"class_list":["post-16009","page","type-page","status-publish","hentry"],"yoast_head":"<!-- This site is optimized with the Yoast SEO plugin v27.3 - https:\/\/yoast.com\/product\/yoast-seo-wordpress\/ -->\n<title>News - Gaggio<\/title>\n<meta name=\"robots\" content=\"index, follow, max-snippet:-1, max-image-preview:large, max-video-preview:-1\" \/>\n<link rel=\"canonical\" href=\"https:\/\/www.gaggio.net\/news\/\" \/>\n<meta property=\"og:locale\" content=\"es_ES\" \/>\n<meta property=\"og:type\" content=\"article\" \/>\n<meta property=\"og:title\" content=\"News - Gaggio\" \/>\n<meta property=\"og:description\" content=\"\u00daltimas noticias Novedades y avances del mundo de los paraguas, el dise\u00f1o y el mobiliario para exteriores de Gaggio. D\u00e9jate inspirar por las nuevas creaciones, por las tendencias de los productos. EN EVIDENCIA\u00faltimo art\u00edculo\" \/>\n<meta property=\"og:url\" content=\"https:\/\/www.gaggio.net\/news\/\" \/>\n<meta property=\"og:site_name\" content=\"Gaggio\" \/>\n<meta property=\"article:modified_time\" content=\"2023-07-05T14:44:56+00:00\" \/>\n<meta name=\"twitter:card\" content=\"summary_large_image\" \/>\n<meta name=\"twitter:label1\" content=\"Tiempo de lectura\" \/>\n\t<meta name=\"twitter:data1\" content=\"4 minutos\" \/>\n<script type=\"application\/ld+json\" class=\"yoast-schema-graph\">{\"@context\":\"https:\\\/\\\/schema.org\",\"@graph\":[{\"@type\":\"WebPage\",\"@id\":\"https:\\\/\\\/www.gaggio.net\\\/news\\\/\",\"url\":\"https:\\\/\\\/www.gaggio.net\\\/news\\\/\",\"name\":\"News - Gaggio\",\"isPartOf\":{\"@id\":\"\\\/#website\"},\"datePublished\":\"2023-07-05T14:28:25+00:00\",\"dateModified\":\"2023-07-05T14:44:56+00:00\",\"breadcrumb\":{\"@id\":\"https:\\\/\\\/www.gaggio.net\\\/news\\\/#breadcrumb\"},\"inLanguage\":\"es\",\"potentialAction\":[{\"@type\":\"ReadAction\",\"target\":[\"https:\\\/\\\/www.gaggio.net\\\/news\\\/\"]}]},{\"@type\":\"BreadcrumbList\",\"@id\":\"https:\\\/\\\/www.gaggio.net\\\/news\\\/#breadcrumb\",\"itemListElement\":[{\"@type\":\"ListItem\",\"position\":1,\"name\":\"Home\",\"item\":\"https:\\\/\\\/www.gaggio.net\\\/\"},{\"@type\":\"ListItem\",\"position\":2,\"name\":\"News\"}]},{\"@type\":\"WebSite\",\"@id\":\"\\\/#website\",\"url\":\"\\\/\",\"name\":\"Gaggio\",\"description\":\"Gaggio\",\"potentialAction\":[{\"@type\":\"SearchAction\",\"target\":{\"@type\":\"EntryPoint\",\"urlTemplate\":\"\\\/?s={search_term_string}\"},\"query-input\":{\"@type\":\"PropertyValueSpecification\",\"valueRequired\":true,\"valueName\":\"search_term_string\"}}],\"inLanguage\":\"es\"}]}<\/script>\n<!-- \/ Yoast SEO plugin. -->","yoast_head_json":{"title":"News - Gaggio","robots":{"index":"index","follow":"follow","max-snippet":"max-snippet:-1","max-image-preview":"max-image-preview:large","max-video-preview":"max-video-preview:-1"},"canonical":"https:\/\/www.gaggio.net\/news\/","og_locale":"es_ES","og_type":"article","og_title":"News - Gaggio","og_description":"\u00daltimas noticias Novedades y avances del mundo de los paraguas, el dise\u00f1o y el mobiliario para exteriores de Gaggio. D\u00e9jate inspirar por las nuevas creaciones, por las tendencias de los productos. EN EVIDENCIA\u00faltimo art\u00edculo","og_url":"https:\/\/www.gaggio.net\/news\/","og_site_name":"Gaggio","article_modified_time":"2023-07-05T14:44:56+00:00","twitter_card":"summary_large_image","twitter_misc":{"Tiempo de lectura":"4 minutos"},"schema":{"@context":"https:\/\/schema.org","@graph":[{"@type":"WebPage","@id":"https:\/\/www.gaggio.net\/news\/","url":"https:\/\/www.gaggio.net\/news\/","name":"News - Gaggio","isPartOf":{"@id":"\/#website"},"datePublished":"2023-07-05T14:28:25+00:00","dateModified":"2023-07-05T14:44:56+00:00","breadcrumb":{"@id":"https:\/\/www.gaggio.net\/news\/#breadcrumb"},"inLanguage":"es","potentialAction":[{"@type":"ReadAction","target":["https:\/\/www.gaggio.net\/news\/"]}]},{"@type":"BreadcrumbList","@id":"https:\/\/www.gaggio.net\/news\/#breadcrumb","itemListElement":[{"@type":"ListItem","position":1,"name":"Home","item":"https:\/\/www.gaggio.net\/"},{"@type":"ListItem","position":2,"name":"News"}]},{"@type":"WebSite","@id":"\/#website","url":"\/","name":"Gaggio","description":"Gaggio","potentialAction":[{"@type":"SearchAction","target":{"@type":"EntryPoint","urlTemplate":"\/?s={search_term_string}"},"query-input":{"@type":"PropertyValueSpecification","valueRequired":true,"valueName":"search_term_string"}}],"inLanguage":"es"}]}},"_links":{"self":[{"href":"https:\/\/www.gaggio.net\/es\/wp-json\/wp\/v2\/pages\/16009","targetHints":{"allow":["GET"]}}],"collection":[{"href":"https:\/\/www.gaggio.net\/es\/wp-json\/wp\/v2\/pages"}],"about":[{"href":"https:\/\/www.gaggio.net\/es\/wp-json\/wp\/v2\/types\/page"}],"author":[{"embeddable":true,"href":"https:\/\/www.gaggio.net\/es\/wp-json\/wp\/v2\/users\/1"}],"replies":[{"embeddable":true,"href":"https:\/\/www.gaggio.net\/es\/wp-json\/wp\/v2\/comments?post=16009"}],"version-history":[{"count":7,"href":"https:\/\/www.gaggio.net\/es\/wp-json\/wp\/v2\/pages\/16009\/revisions"}],"predecessor-version":[{"id":16042,"href":"https:\/\/www.gaggio.net\/es\/wp-json\/wp\/v2\/pages\/16009\/revisions\/16042"}],"wp:attachment":[{"href":"https:\/\/www.gaggio.net\/es\/wp-json\/wp\/v2\/media?parent=16009"}],"curies":[{"name":"wp","href":"https:\/\/api.w.org\/{rel}","templated":true}]}}